{"id":12742,"date":"2023-03-06T12:31:49","date_gmt":"2023-03-06T10:31:49","guid":{"rendered":"https:\/\/cortex.fi\/tuote\/audion-power-sealer-ist-psr-plus-ip65\/"},"modified":"2023-03-06T12:31:49","modified_gmt":"2023-03-06T10:31:49","slug":"audion-power-sealer-ist-psr-plus-ip65","status":"publish","type":"product","link":"https:\/\/cortex.fi\/et\/tuote\/audion-power-sealer-ist-psr-plus-ip65\/","title":{"rendered":"Audion Power Sealer IST PSR PLUS IP65"},"content":{"rendered":"","protected":false},"excerpt":{"rendered":"<p>Puhaste ruumide valideeritav roostevabast terasest impulssulgur, mis sobib paindlike s\u00fcnteetiliste pakendite ja paksude laminaatkottide sulgemiseks tugeva ja usaldusv\u00e4\u00e4rse 8 mm \u00f5mblusega. Mugav suur tihendusvarda ava (45 mm) v\u00f5imaldab kasutajal h\u00f5lpsasti sisestada kott tihendamiseks kahe aktiivse tihendusvarda vahele. PSR PLUS mudelitega on tagatud ohutu ja turvaline \u00f5mblus, mis on valmis ladustamiseks v\u00f5i transpordiks kliendile \/ tarneahela j\u00e4rgmisele etapile.<\/p>\n<p>Kui (VAC) PSR PLUS on integreeritud valideeritud protsessi, tuleb teie Power Sealer PLUS kalibreerida. Meie teenindusosakond pakub professionaalset kalibreerimisteenust k\u00f5igile uutele ja olemasolevatele PSR PLUS masinatele. Power Sealers PLUS sobivad \u00f5rnade toodete suure intensiivsusega tihendamiseks ja pakendamiseks. Masinat saab konfigureerida mitmesuguste tarvikute ja lisaseadmetega, mis muudab selle \u00f5mblusmasina ideaalseks lahenduseks, ning seda saab h\u00f5lpsasti kohandada teie puhtale ruumile ja tootele.<\/p>\n<p><a href=\"https:\/\/www.audion.com\/product\/power-sealer-plus-ip65\/#toggle-id-3-closed\">Link tehase veebilehele Audion Power Sealer PLUS IP65<\/a><\/p>\n","protected":false},"author":8,"featured_media":10793,"comment_status":"closed","ping_status":"closed","template":"","product_brand":[],"product_cat":[526,552],"product_tag":[556],"asiantuntija":[],"paamies":[],"healthcare":[554],"pakkausmateriaalit":[],"merkinta":[],"pakkauskoneet":[555],"leipomoille":[],"tarkennus":[],"outlet":[],"class_list":{"0":"post-12742","1":"product","2":"type-product","3":"status-publish","4":"has-post-thumbnail","6":"product_cat-pakendamismasinad","7":"product_cat-tervishoid","8":"product_tag-meditsiiniliselt-heakskiidetud-omblejad","9":"healthcare-meditsiinilised-kulvikud","10":"pakkauskoneet-meditsiiniliselt-heakskiidetud-omblejad","12":"first","13":"instock","14":"taxable","15":"shipping-taxable","16":"purchasable","17":"product-type-simple"},"_links":{"self":[{"href":"https:\/\/cortex.fi\/et\/wp-json\/wp\/v2\/product\/12742","targetHints":{"allow":["GET"]}}],"collection":[{"href":"https:\/\/cortex.fi\/et\/wp-json\/wp\/v2\/product"}],"about":[{"href":"https:\/\/cortex.fi\/et\/wp-json\/wp\/v2\/types\/product"}],"author":[{"embeddable":true,"href":"https:\/\/cortex.fi\/et\/wp-json\/wp\/v2\/users\/8"}],"replies":[{"embeddable":true,"href":"https:\/\/cortex.fi\/et\/wp-json\/wp\/v2\/comments?post=12742"}],"wp:featuredmedia":[{"embeddable":true,"href":"https:\/\/cortex.fi\/et\/wp-json\/wp\/v2\/media\/10793"}],"wp:attachment":[{"href":"https:\/\/cortex.fi\/et\/wp-json\/wp\/v2\/media?parent=12742"}],"wp:term":[{"taxonomy":"product_brand","embeddable":true,"href":"https:\/\/cortex.fi\/et\/wp-json\/wp\/v2\/product_brand?post=12742"},{"taxonomy":"product_cat","embeddable":true,"href":"https:\/\/cortex.fi\/et\/wp-json\/wp\/v2\/product_cat?post=12742"},{"taxonomy":"product_tag","embeddable":true,"href":"https:\/\/cortex.fi\/et\/wp-json\/wp\/v2\/product_tag?post=12742"},{"taxonomy":"asiantuntija","embeddable":true,"href":"https:\/\/cortex.fi\/et\/wp-json\/wp\/v2\/asiantuntija?post=12742"},{"taxonomy":"paamies","embeddable":true,"href":"https:\/\/cortex.fi\/et\/wp-json\/wp\/v2\/paamies?post=12742"},{"taxonomy":"healthcare","embeddable":true,"href":"https:\/\/cortex.fi\/et\/wp-json\/wp\/v2\/healthcare?post=12742"},{"taxonomy":"pakkausmateriaalit","embeddable":true,"href":"https:\/\/cortex.fi\/et\/wp-json\/wp\/v2\/pakkausmateriaalit?post=12742"},{"taxonomy":"merkinta","embeddable":true,"href":"https:\/\/cortex.fi\/et\/wp-json\/wp\/v2\/merkinta?post=12742"},{"taxonomy":"pakkauskoneet","embeddable":true,"href":"https:\/\/cortex.fi\/et\/wp-json\/wp\/v2\/pakkauskoneet?post=12742"},{"taxonomy":"leipomoille","embeddable":true,"href":"https:\/\/cortex.fi\/et\/wp-json\/wp\/v2\/leipomoille?post=12742"},{"taxonomy":"tarkennus","embeddable":true,"href":"https:\/\/cortex.fi\/et\/wp-json\/wp\/v2\/tarkennus?post=12742"},{"taxonomy":"outlet","embeddable":true,"href":"https:\/\/cortex.fi\/et\/wp-json\/wp\/v2\/outlet?post=12742"}],"curies":[{"name":"wp","href":"https:\/\/api.w.org\/{rel}","templated":true}]}}