{"id":12741,"date":"2023-03-06T15:59:07","date_gmt":"2023-03-06T13:59:07","guid":{"rendered":"https:\/\/cortex.fi\/tuote\/audion-power-sealer-vac-psr\/"},"modified":"2023-03-06T15:59:07","modified_gmt":"2023-03-06T13:59:07","slug":"audion-power-sealer-vac-psr","status":"publish","type":"product","link":"https:\/\/cortex.fi\/et\/tuote\/audion-power-sealer-vac-psr\/","title":{"rendered":"Audion Power Sealer VAC PSR"},"content":{"rendered":"","protected":false},"excerpt":{"rendered":"<p>Audion Power Sealer VAC PSR tagab toiduainete ja muude toodete k\u00f5rge \u00f5mbluskindluse ja hea vaakumi. Masin on varustatud lihtsasti kasutatava digitaalse Audion juhtpaneeliga. \u00d5mblus- ja jahutusajad on vastavalt materjali t\u00fc\u00fcbile eraldi reguleeritavad. K\u00fcmme eelseadistatud keevitusprogrammi v\u00f5imaldavad kasutajal alati kasutada k\u00f5iki parameetreid iga erineva pakendi jaoks. Masin on varustatud \u00fclemiste ja alumiste tihendusvardadega. Kui kasutatakse suhteliselt \u00f5hukesi laminaate, v\u00f5ib \u00fclemise tihendusvarda v\u00e4lja l\u00fclitada. T\u00e4nu muljetavaldavale tihenduskvaliteedile sobib see masin paljude erinevate rakenduste jaoks, isegi &#8220;erilaminaatide&#8221; kasutajatele. Iga konkreetse t\u00f6\u00f6stusharu pakendamisn\u00f5uete t\u00e4itmiseks ja teie pakendamisprotsessi optimeerimiseks on saadaval lisaseadmed ja konfigureeritavad valikud.<\/p>\n<p>&nbsp;<\/p>\n","protected":false},"author":8,"featured_media":10805,"comment_status":"closed","ping_status":"closed","template":"","product_brand":[],"product_cat":[526],"product_tag":[596],"asiantuntija":[],"paamies":[],"healthcare":[],"pakkausmateriaalit":[],"merkinta":[],"pakkauskoneet":[595],"leipomoille":[],"tarkennus":[],"outlet":[],"class_list":{"0":"post-12741","1":"product","2":"type-product","3":"status-publish","4":"has-post-thumbnail","6":"product_cat-pakendamismasinad","7":"product_tag-saumajat","8":"pakkauskoneet-saumajat","10":"first","11":"instock","12":"taxable","13":"shipping-taxable","14":"purchasable","15":"product-type-simple"},"_links":{"self":[{"href":"https:\/\/cortex.fi\/et\/wp-json\/wp\/v2\/product\/12741","targetHints":{"allow":["GET"]}}],"collection":[{"href":"https:\/\/cortex.fi\/et\/wp-json\/wp\/v2\/product"}],"about":[{"href":"https:\/\/cortex.fi\/et\/wp-json\/wp\/v2\/types\/product"}],"author":[{"embeddable":true,"href":"https:\/\/cortex.fi\/et\/wp-json\/wp\/v2\/users\/8"}],"replies":[{"embeddable":true,"href":"https:\/\/cortex.fi\/et\/wp-json\/wp\/v2\/comments?post=12741"}],"wp:featuredmedia":[{"embeddable":true,"href":"https:\/\/cortex.fi\/et\/wp-json\/wp\/v2\/media\/10805"}],"wp:attachment":[{"href":"https:\/\/cortex.fi\/et\/wp-json\/wp\/v2\/media?parent=12741"}],"wp:term":[{"taxonomy":"product_brand","embeddable":true,"href":"https:\/\/cortex.fi\/et\/wp-json\/wp\/v2\/product_brand?post=12741"},{"taxonomy":"product_cat","embeddable":true,"href":"https:\/\/cortex.fi\/et\/wp-json\/wp\/v2\/product_cat?post=12741"},{"taxonomy":"product_tag","embeddable":true,"href":"https:\/\/cortex.fi\/et\/wp-json\/wp\/v2\/product_tag?post=12741"},{"taxonomy":"asiantuntija","embeddable":true,"href":"https:\/\/cortex.fi\/et\/wp-json\/wp\/v2\/asiantuntija?post=12741"},{"taxonomy":"paamies","embeddable":true,"href":"https:\/\/cortex.fi\/et\/wp-json\/wp\/v2\/paamies?post=12741"},{"taxonomy":"healthcare","embeddable":true,"href":"https:\/\/cortex.fi\/et\/wp-json\/wp\/v2\/healthcare?post=12741"},{"taxonomy":"pakkausmateriaalit","embeddable":true,"href":"https:\/\/cortex.fi\/et\/wp-json\/wp\/v2\/pakkausmateriaalit?post=12741"},{"taxonomy":"merkinta","embeddable":true,"href":"https:\/\/cortex.fi\/et\/wp-json\/wp\/v2\/merkinta?post=12741"},{"taxonomy":"pakkauskoneet","embeddable":true,"href":"https:\/\/cortex.fi\/et\/wp-json\/wp\/v2\/pakkauskoneet?post=12741"},{"taxonomy":"leipomoille","embeddable":true,"href":"https:\/\/cortex.fi\/et\/wp-json\/wp\/v2\/leipomoille?post=12741"},{"taxonomy":"tarkennus","embeddable":true,"href":"https:\/\/cortex.fi\/et\/wp-json\/wp\/v2\/tarkennus?post=12741"},{"taxonomy":"outlet","embeddable":true,"href":"https:\/\/cortex.fi\/et\/wp-json\/wp\/v2\/outlet?post=12741"}],"curies":[{"name":"wp","href":"https:\/\/api.w.org\/{rel}","templated":true}]}}