{"id":12738,"date":"2023-03-07T10:50:28","date_gmt":"2023-03-07T08:50:28","guid":{"rendered":"https:\/\/cortex.fi\/tuote\/audion-medseal-460-msidv-impulssustija-audion-medseal-460-msidv-impulssustija\/"},"modified":"2023-03-07T10:50:28","modified_gmt":"2023-03-07T08:50:28","slug":"audion-medseal-460-msidv-impulssustija-audion-medseal-460-msidv-impulssustija","status":"publish","type":"product","link":"https:\/\/cortex.fi\/et\/tuote\/audion-medseal-460-msidv-impulssustija-audion-medseal-460-msidv-impulssustija\/","title":{"rendered":"Audion Medseal 460 MSIDV impulss\u00fcstija Audion Medseal 460 MSIDV impulss\u00fcstija"},"content":{"rendered":"","protected":false},"excerpt":{"rendered":"<p>AUDION MEDSEAL impulssk\u00fclmik on m\u00f5eldud meditsiiniseadmete ja -toodete tootjatele, ravimipakendajatele, steriliseerimisteenuste pakkujatele, avalikele\/privaathaiglatele ja meditsiinikliinikutele, samuti igat t\u00fc\u00fcpi laboritele ja ravimiettev\u00f5tetele, kus t\u00e4psus ja ohutus on esmat\u00e4htsad.<\/p>\n<p>MEDSEAL MSIDV on saadaval kahes erinevas suuruses: 460 MSIDV ja 611 MSIDV.<br \/>\nM\u00f5lemad \u00f5mbluse j\u00e4lgimise mudelid on digitaalsed ja valideeritavad impulss\u00f5mbluse j\u00e4lgimise seadmed.<\/p>\n<p>\u00d5mblusteta koti materjalid nagu PE, PP\/paber, paber\/paber.<br \/>\n\u00dchendus vastab DIN 58953 osa 7 ja ISO 11607-1 n\u00f5uetele.<br \/>\nAudio valideeritud tihendamisseadmed vastavad ka EN868-5 punktile 4.3.2.<\/p>\n","protected":false},"author":8,"featured_media":10838,"comment_status":"closed","ping_status":"closed","template":"","product_brand":[],"product_cat":[526,552],"product_tag":[556],"asiantuntija":[],"paamies":[],"healthcare":[554],"pakkausmateriaalit":[],"merkinta":[],"pakkauskoneet":[555],"leipomoille":[],"tarkennus":[],"outlet":[],"class_list":{"0":"post-12738","1":"product","2":"type-product","3":"status-publish","4":"has-post-thumbnail","6":"product_cat-pakendamismasinad","7":"product_cat-tervishoid","8":"product_tag-meditsiiniliselt-heakskiidetud-omblejad","9":"healthcare-meditsiinilised-kulvikud","10":"pakkauskoneet-meditsiiniliselt-heakskiidetud-omblejad","12":"first","13":"instock","14":"taxable","15":"shipping-taxable","16":"purchasable","17":"product-type-simple"},"_links":{"self":[{"href":"https:\/\/cortex.fi\/et\/wp-json\/wp\/v2\/product\/12738","targetHints":{"allow":["GET"]}}],"collection":[{"href":"https:\/\/cortex.fi\/et\/wp-json\/wp\/v2\/product"}],"about":[{"href":"https:\/\/cortex.fi\/et\/wp-json\/wp\/v2\/types\/product"}],"author":[{"embeddable":true,"href":"https:\/\/cortex.fi\/et\/wp-json\/wp\/v2\/users\/8"}],"replies":[{"embeddable":true,"href":"https:\/\/cortex.fi\/et\/wp-json\/wp\/v2\/comments?post=12738"}],"wp:featuredmedia":[{"embeddable":true,"href":"https:\/\/cortex.fi\/et\/wp-json\/wp\/v2\/media\/10838"}],"wp:attachment":[{"href":"https:\/\/cortex.fi\/et\/wp-json\/wp\/v2\/media?parent=12738"}],"wp:term":[{"taxonomy":"product_brand","embeddable":true,"href":"https:\/\/cortex.fi\/et\/wp-json\/wp\/v2\/product_brand?post=12738"},{"taxonomy":"product_cat","embeddable":true,"href":"https:\/\/cortex.fi\/et\/wp-json\/wp\/v2\/product_cat?post=12738"},{"taxonomy":"product_tag","embeddable":true,"href":"https:\/\/cortex.fi\/et\/wp-json\/wp\/v2\/product_tag?post=12738"},{"taxonomy":"asiantuntija","embeddable":true,"href":"https:\/\/cortex.fi\/et\/wp-json\/wp\/v2\/asiantuntija?post=12738"},{"taxonomy":"paamies","embeddable":true,"href":"https:\/\/cortex.fi\/et\/wp-json\/wp\/v2\/paamies?post=12738"},{"taxonomy":"healthcare","embeddable":true,"href":"https:\/\/cortex.fi\/et\/wp-json\/wp\/v2\/healthcare?post=12738"},{"taxonomy":"pakkausmateriaalit","embeddable":true,"href":"https:\/\/cortex.fi\/et\/wp-json\/wp\/v2\/pakkausmateriaalit?post=12738"},{"taxonomy":"merkinta","embeddable":true,"href":"https:\/\/cortex.fi\/et\/wp-json\/wp\/v2\/merkinta?post=12738"},{"taxonomy":"pakkauskoneet","embeddable":true,"href":"https:\/\/cortex.fi\/et\/wp-json\/wp\/v2\/pakkauskoneet?post=12738"},{"taxonomy":"leipomoille","embeddable":true,"href":"https:\/\/cortex.fi\/et\/wp-json\/wp\/v2\/leipomoille?post=12738"},{"taxonomy":"tarkennus","embeddable":true,"href":"https:\/\/cortex.fi\/et\/wp-json\/wp\/v2\/tarkennus?post=12738"},{"taxonomy":"outlet","embeddable":true,"href":"https:\/\/cortex.fi\/et\/wp-json\/wp\/v2\/outlet?post=12738"}],"curies":[{"name":"wp","href":"https:\/\/api.w.org\/{rel}","templated":true}]}}