{"id":12732,"date":"2023-03-09T11:18:53","date_gmt":"2023-03-09T09:18:53","guid":{"rendered":"https:\/\/cortex.fi\/tuote\/audion-ism-impulssgeneraator\/"},"modified":"2023-03-09T11:18:53","modified_gmt":"2023-03-09T09:18:53","slug":"audion-ism-impulssgeneraator","status":"publish","type":"product","link":"https:\/\/cortex.fi\/et\/tuote\/audion-ism-impulssgeneraator\/","title":{"rendered":"Audion ISM impulssgeneraator"},"content":{"rendered":"","protected":false},"excerpt":{"rendered":"<p><span class=\"HwtZe\" lang=\"fi\"><span class=\"jCAhz ChMk0b\"><br \/>\n  <span class=\"ryNqvb\">Audion Industrial Sealer Magneta: kompaktne ja v\u00f5imas lauatihendaja raskeveokite kasutamiseks.<\/span><br \/>\n<\/span> <span class=\"jCAhz ChMk0b\"><br \/>\n  <span class=\"ryNqvb\">See professionaalne impulsspitseerija sobib peaaegu k\u00f5igi kaasaegsete membraanmaterjalide (PE\/PP v\u00f5i laminaadid) tihendamiseks.<\/span><br \/>\n<\/span> <span class=\"jCAhz ChMk0b\"><br \/>\n  <span class=\"ryNqvb\">Paksude kilede tihendamine on v\u00f5imalik t\u00e4nu bioaktiivsetele 5 mm kuumutavatele tihendusvardadele.<\/span><br \/>\n<\/span> <span class=\"jCAhz ChMk0b\"><br \/>\n  <span class=\"ryNqvb\">ISM on v\u00e4lja t\u00f6\u00f6tatud raskeks ja intensiivseks kasutamiseks.<\/span><br \/>\n<\/span> Saumimine<span class=\"jCAhz ChMk0b\"><span class=\"ryNqvb\">varred suletakse kerge survega elektrilise jalgajamiga, mille j\u00e4rel ISM toodab elektrimootori abil t\u00f5husat ja tugevat 5 mm \u00f5mblust, mida ajab elektrimootor.<\/span><\/span> <span class=\"jCAhz ChMk0b\"><span class=\"ryNqvb\">Digitaalne juhtpaneel v\u00f5imaldab teil h\u00f5lpsasti m\u00e4\u00e4rata ideaalse sulgemis- ja jahutusaja.<\/span><\/span>  Vastupidavus \u00f5mblusele<span class=\"jCAhz ChMk0b\"><span class=\"ryNqvb\">  pingutusseadmete erikonstruktsioon tagab, et \u00f5mblus p\u00fcsib optimaalselt pingul ka intensiivse kasutamise korral.<\/span><\/span> <span class=\"jCAhz ChMk0b\"><span class=\"ryNqvb\">See tagab suurep\u00e4rase ja usaldusv\u00e4\u00e4rse 5 mm \u00f5mbluse.<\/span><\/span> <span class=\"jCAhz ChMk0b\"><span class=\"ryNqvb\">Industrial Sealer Magneta on saadaval epoks\u00fc- ja roostevabast terasest versioonina.<\/span><\/span><\/span><\/p>\n","protected":false},"author":8,"featured_media":10853,"comment_status":"closed","ping_status":"closed","template":"","product_brand":[],"product_cat":[526],"product_tag":[596],"asiantuntija":[],"paamies":[],"healthcare":[],"pakkausmateriaalit":[],"merkinta":[],"pakkauskoneet":[595],"leipomoille":[],"tarkennus":[],"outlet":[],"class_list":{"0":"post-12732","1":"product","2":"type-product","3":"status-publish","4":"has-post-thumbnail","6":"product_cat-pakendamismasinad","7":"product_tag-saumajat","8":"pakkauskoneet-saumajat","10":"first","11":"instock","12":"taxable","13":"shipping-taxable","14":"purchasable","15":"product-type-variable"},"_links":{"self":[{"href":"https:\/\/cortex.fi\/et\/wp-json\/wp\/v2\/product\/12732","targetHints":{"allow":["GET"]}}],"collection":[{"href":"https:\/\/cortex.fi\/et\/wp-json\/wp\/v2\/product"}],"about":[{"href":"https:\/\/cortex.fi\/et\/wp-json\/wp\/v2\/types\/product"}],"author":[{"embeddable":true,"href":"https:\/\/cortex.fi\/et\/wp-json\/wp\/v2\/users\/8"}],"replies":[{"embeddable":true,"href":"https:\/\/cortex.fi\/et\/wp-json\/wp\/v2\/comments?post=12732"}],"wp:featuredmedia":[{"embeddable":true,"href":"https:\/\/cortex.fi\/et\/wp-json\/wp\/v2\/media\/10853"}],"wp:attachment":[{"href":"https:\/\/cortex.fi\/et\/wp-json\/wp\/v2\/media?parent=12732"}],"wp:term":[{"taxonomy":"product_brand","embeddable":true,"href":"https:\/\/cortex.fi\/et\/wp-json\/wp\/v2\/product_brand?post=12732"},{"taxonomy":"product_cat","embeddable":true,"href":"https:\/\/cortex.fi\/et\/wp-json\/wp\/v2\/product_cat?post=12732"},{"taxonomy":"product_tag","embeddable":true,"href":"https:\/\/cortex.fi\/et\/wp-json\/wp\/v2\/product_tag?post=12732"},{"taxonomy":"asiantuntija","embeddable":true,"href":"https:\/\/cortex.fi\/et\/wp-json\/wp\/v2\/asiantuntija?post=12732"},{"taxonomy":"paamies","embeddable":true,"href":"https:\/\/cortex.fi\/et\/wp-json\/wp\/v2\/paamies?post=12732"},{"taxonomy":"healthcare","embeddable":true,"href":"https:\/\/cortex.fi\/et\/wp-json\/wp\/v2\/healthcare?post=12732"},{"taxonomy":"pakkausmateriaalit","embeddable":true,"href":"https:\/\/cortex.fi\/et\/wp-json\/wp\/v2\/pakkausmateriaalit?post=12732"},{"taxonomy":"merkinta","embeddable":true,"href":"https:\/\/cortex.fi\/et\/wp-json\/wp\/v2\/merkinta?post=12732"},{"taxonomy":"pakkauskoneet","embeddable":true,"href":"https:\/\/cortex.fi\/et\/wp-json\/wp\/v2\/pakkauskoneet?post=12732"},{"taxonomy":"leipomoille","embeddable":true,"href":"https:\/\/cortex.fi\/et\/wp-json\/wp\/v2\/leipomoille?post=12732"},{"taxonomy":"tarkennus","embeddable":true,"href":"https:\/\/cortex.fi\/et\/wp-json\/wp\/v2\/tarkennus?post=12732"},{"taxonomy":"outlet","embeddable":true,"href":"https:\/\/cortex.fi\/et\/wp-json\/wp\/v2\/outlet?post=12732"}],"curies":[{"name":"wp","href":"https:\/\/api.w.org\/{rel}","templated":true}]}}