{"id":12730,"date":"2023-03-09T15:45:29","date_gmt":"2023-03-09T13:45:29","guid":{"rendered":"https:\/\/cortex.fi\/tuote\/audion-d545-teibitihendaja\/"},"modified":"2023-03-09T15:45:29","modified_gmt":"2023-03-09T13:45:29","slug":"audion-d545-teibitihendaja","status":"publish","type":"product","link":"https:\/\/cortex.fi\/et\/tuote\/audion-d545-teibitihendaja\/","title":{"rendered":"Audion D545 teibitihendaja"},"content":{"rendered":"","protected":false},"excerpt":{"rendered":"<p><span class=\"HwtZe\" lang=\"fi\"><span class=\"jCAhz ChMk0b\"><span class=\"ryNqvb\">Audioni kompaktne lintpitser.  <\/span><\/span><span class=\"jCAhz ChMk0b\"><span class=\"ryNqvb\">Selle k\u00e4ep\u00e4rase pidevlindiga sulguriga suletakse valmis kotid horisontaalselt v\u00f5i vertikaalselt.<\/span><\/span> <span class=\"jCAhz ChMk0b\"><span class=\"ryNqvb\">Temperatuur, kiirus ja jahutus (spetsiaalse ventilaatori abil) on k\u00f5ik h\u00f5lpsasti reguleeritavad lihtsasti kasutatava digitaalse paneeli kaudu.<\/span><\/span> <span class=\"jCAhz ChMk0b\"><span class=\"ryNqvb\">PTFE teipide abil saab liimida pol\u00fcet\u00fcleeni, pol\u00fcprop\u00fcleeni, tsellofaani, paberit, alumiiniumit ja muid laminaatkilde.<\/span><\/span> <span class=\"jCAhz ChMk0b\"><span class=\"ryNqvb\">Lihtsalt kasutatavale digitaalsele juhtpaneelile saab programmeerida 9 eelseadistatud \u00f5mblusparameetriga retsepti.<\/span><\/span> <span class=\"jCAhz ChMk0b\"><span class=\"ryNqvb\">Iga erineva toote\/pakendi jaoks on alati olemas t\u00e4ielikud \u00f5mbluse seaded.<\/span><\/span> <span class=\"jCAhz ChMk0b\"><span class=\"ryNqvb\">Integreeritud konveierilindi laius on 112 mm ja pikkus 670 mm ning seda saab reguleerida nii k\u00f5rguses kui ka ettepoole (vt pilte).<\/span><\/span> <span class=\"jCAhz ChMk0b\"><span class=\"ryNqvb\">See v\u00f5imaldab sulgeda erineva pikkuse, laiuse ja paksusega kotte.<\/span><\/span>  Hemming<span class=\"jCAhz ChMk0b\"><span class=\"ryNqvb\">temperatuur on reguleeritav kuni 250\u00b0C.<\/span><\/span> <\/span><\/p>\n<p><span class=\"HwtZe\" lang=\"fi\"><span class=\"jCAhz ChMk0b\"><span class=\"ryNqvb\">D 545 on saadaval ka vertikaalses versioonis: D 545 AV<\/span><\/span><\/span><\/p>\n","protected":false},"author":8,"featured_media":10864,"comment_status":"closed","ping_status":"closed","template":"","product_brand":[],"product_cat":[526],"product_tag":[596],"asiantuntija":[],"paamies":[],"healthcare":[],"pakkausmateriaalit":[],"merkinta":[],"pakkauskoneet":[595],"leipomoille":[],"tarkennus":[557],"outlet":[],"class_list":{"0":"post-12730","1":"product","2":"type-product","3":"status-publish","4":"has-post-thumbnail","6":"product_cat-pakendamismasinad","7":"product_tag-saumajat","8":"pakkauskoneet-saumajat","9":"tarkennus-ribakanalisatsioonitorustik","11":"first","12":"instock","13":"taxable","14":"shipping-taxable","15":"purchasable","16":"product-type-variable"},"_links":{"self":[{"href":"https:\/\/cortex.fi\/et\/wp-json\/wp\/v2\/product\/12730","targetHints":{"allow":["GET"]}}],"collection":[{"href":"https:\/\/cortex.fi\/et\/wp-json\/wp\/v2\/product"}],"about":[{"href":"https:\/\/cortex.fi\/et\/wp-json\/wp\/v2\/types\/product"}],"author":[{"embeddable":true,"href":"https:\/\/cortex.fi\/et\/wp-json\/wp\/v2\/users\/8"}],"replies":[{"embeddable":true,"href":"https:\/\/cortex.fi\/et\/wp-json\/wp\/v2\/comments?post=12730"}],"wp:featuredmedia":[{"embeddable":true,"href":"https:\/\/cortex.fi\/et\/wp-json\/wp\/v2\/media\/10864"}],"wp:attachment":[{"href":"https:\/\/cortex.fi\/et\/wp-json\/wp\/v2\/media?parent=12730"}],"wp:term":[{"taxonomy":"product_brand","embeddable":true,"href":"https:\/\/cortex.fi\/et\/wp-json\/wp\/v2\/product_brand?post=12730"},{"taxonomy":"product_cat","embeddable":true,"href":"https:\/\/cortex.fi\/et\/wp-json\/wp\/v2\/product_cat?post=12730"},{"taxonomy":"product_tag","embeddable":true,"href":"https:\/\/cortex.fi\/et\/wp-json\/wp\/v2\/product_tag?post=12730"},{"taxonomy":"asiantuntija","embeddable":true,"href":"https:\/\/cortex.fi\/et\/wp-json\/wp\/v2\/asiantuntija?post=12730"},{"taxonomy":"paamies","embeddable":true,"href":"https:\/\/cortex.fi\/et\/wp-json\/wp\/v2\/paamies?post=12730"},{"taxonomy":"healthcare","embeddable":true,"href":"https:\/\/cortex.fi\/et\/wp-json\/wp\/v2\/healthcare?post=12730"},{"taxonomy":"pakkausmateriaalit","embeddable":true,"href":"https:\/\/cortex.fi\/et\/wp-json\/wp\/v2\/pakkausmateriaalit?post=12730"},{"taxonomy":"merkinta","embeddable":true,"href":"https:\/\/cortex.fi\/et\/wp-json\/wp\/v2\/merkinta?post=12730"},{"taxonomy":"pakkauskoneet","embeddable":true,"href":"https:\/\/cortex.fi\/et\/wp-json\/wp\/v2\/pakkauskoneet?post=12730"},{"taxonomy":"leipomoille","embeddable":true,"href":"https:\/\/cortex.fi\/et\/wp-json\/wp\/v2\/leipomoille?post=12730"},{"taxonomy":"tarkennus","embeddable":true,"href":"https:\/\/cortex.fi\/et\/wp-json\/wp\/v2\/tarkennus?post=12730"},{"taxonomy":"outlet","embeddable":true,"href":"https:\/\/cortex.fi\/et\/wp-json\/wp\/v2\/outlet?post=12730"}],"curies":[{"name":"wp","href":"https:\/\/api.w.org\/{rel}","templated":true}]}}