{"id":12728,"date":"2023-03-14T14:40:32","date_gmt":"2023-03-14T12:40:32","guid":{"rendered":"https:\/\/cortex.fi\/tuote\/fibope-fibope-qsl-kokkutommatud-volditud\/"},"modified":"2023-03-14T14:40:32","modified_gmt":"2023-03-14T12:40:32","slug":"fibope-fibope-qsl-kokkutommatud-volditud","status":"publish","type":"product","link":"https:\/\/cortex.fi\/et\/tuote\/fibope-fibope-qsl-kokkutommatud-volditud\/","title":{"rendered":"Fibope Fibope QSL, kokkut\u00f5mmatud, volditud"},"content":{"rendered":"","protected":false},"excerpt":{"rendered":"<p id=\"tw-target-text\" class=\"tw-data-text tw-text-large tw-ta\" dir=\"ltr\" data-placeholder=\"K\u00e4\u00e4nn\u00f6s\"><span class=\"Y2IQFc\" lang=\"fi\">Fibope QSL on v\u00e4ga kiiresti moodustuv kokkut\u00f5mbekile n\u00f5udlike rakenduste jaoks. QSL-i kokkut\u00f5mbumine on tipptasemel ilma kilekortsudeta. Sobivad rakendused on: kalendrid, \u0161okolaadikarbid, pehmepaberitooted v\u00f5i t\u00e4nu oma heledusele nt. kinkekaubad. Kile on sertifitseeritud ja sobib otseseks kokkupuuteks toiduga. Suurus on kohandatav ja kile on saadaval nii lameda kui ka kokkuvolditud kujul.  <\/span><\/p>\n<p class=\"tw-data-text tw-text-large tw-ta\" dir=\"ltr\" data-placeholder=\"K\u00e4\u00e4nn\u00f6s\"><span class=\"Y2IQFc\" lang=\"fi\">Volditud membraani m\u00f5\u00f5tmed on esitatud nt. 200\/200mm, mis annab avanenud filmi kogulaiuseks 400mm.<\/span><\/p>\n","protected":false},"author":9,"featured_media":10930,"comment_status":"closed","ping_status":"closed","template":"","product_brand":[],"product_cat":[511],"product_tag":[531],"asiantuntija":[],"paamies":[],"healthcare":[],"pakkausmateriaalit":[530],"merkinta":[],"pakkauskoneet":[],"leipomoille":[],"tarkennus":[532],"outlet":[],"class_list":{"0":"post-12728","1":"product","2":"type-product","3":"status-publish","4":"has-post-thumbnail","6":"product_cat-pakendimaterjalid","7":"product_tag-membraanid","8":"pakkausmateriaalit-muud-kiled","9":"tarkennus-kitsenduskiled","11":"first","12":"instock","13":"taxable","14":"shipping-taxable","15":"purchasable","16":"product-type-variable"},"_links":{"self":[{"href":"https:\/\/cortex.fi\/et\/wp-json\/wp\/v2\/product\/12728","targetHints":{"allow":["GET"]}}],"collection":[{"href":"https:\/\/cortex.fi\/et\/wp-json\/wp\/v2\/product"}],"about":[{"href":"https:\/\/cortex.fi\/et\/wp-json\/wp\/v2\/types\/product"}],"author":[{"embeddable":true,"href":"https:\/\/cortex.fi\/et\/wp-json\/wp\/v2\/users\/9"}],"replies":[{"embeddable":true,"href":"https:\/\/cortex.fi\/et\/wp-json\/wp\/v2\/comments?post=12728"}],"wp:featuredmedia":[{"embeddable":true,"href":"https:\/\/cortex.fi\/et\/wp-json\/wp\/v2\/media\/10930"}],"wp:attachment":[{"href":"https:\/\/cortex.fi\/et\/wp-json\/wp\/v2\/media?parent=12728"}],"wp:term":[{"taxonomy":"product_brand","embeddable":true,"href":"https:\/\/cortex.fi\/et\/wp-json\/wp\/v2\/product_brand?post=12728"},{"taxonomy":"product_cat","embeddable":true,"href":"https:\/\/cortex.fi\/et\/wp-json\/wp\/v2\/product_cat?post=12728"},{"taxonomy":"product_tag","embeddable":true,"href":"https:\/\/cortex.fi\/et\/wp-json\/wp\/v2\/product_tag?post=12728"},{"taxonomy":"asiantuntija","embeddable":true,"href":"https:\/\/cortex.fi\/et\/wp-json\/wp\/v2\/asiantuntija?post=12728"},{"taxonomy":"paamies","embeddable":true,"href":"https:\/\/cortex.fi\/et\/wp-json\/wp\/v2\/paamies?post=12728"},{"taxonomy":"healthcare","embeddable":true,"href":"https:\/\/cortex.fi\/et\/wp-json\/wp\/v2\/healthcare?post=12728"},{"taxonomy":"pakkausmateriaalit","embeddable":true,"href":"https:\/\/cortex.fi\/et\/wp-json\/wp\/v2\/pakkausmateriaalit?post=12728"},{"taxonomy":"merkinta","embeddable":true,"href":"https:\/\/cortex.fi\/et\/wp-json\/wp\/v2\/merkinta?post=12728"},{"taxonomy":"pakkauskoneet","embeddable":true,"href":"https:\/\/cortex.fi\/et\/wp-json\/wp\/v2\/pakkauskoneet?post=12728"},{"taxonomy":"leipomoille","embeddable":true,"href":"https:\/\/cortex.fi\/et\/wp-json\/wp\/v2\/leipomoille?post=12728"},{"taxonomy":"tarkennus","embeddable":true,"href":"https:\/\/cortex.fi\/et\/wp-json\/wp\/v2\/tarkennus?post=12728"},{"taxonomy":"outlet","embeddable":true,"href":"https:\/\/cortex.fi\/et\/wp-json\/wp\/v2\/outlet?post=12728"}],"curies":[{"name":"wp","href":"https:\/\/api.w.org\/{rel}","templated":true}]}}