{"id":12699,"date":"2023-03-21T09:44:19","date_gmt":"2023-03-21T07:44:19","guid":{"rendered":"https:\/\/cortex.fi\/tuote\/pakkimismasin-robopac-rotoplat-tp3\/"},"modified":"2023-03-21T09:44:19","modified_gmt":"2023-03-21T07:44:19","slug":"pakkimismasin-robopac-rotoplat-tp3","status":"publish","type":"product","link":"https:\/\/cortex.fi\/et\/tuote\/pakkimismasin-robopac-rotoplat-tp3\/","title":{"rendered":"Pakkimismasin Robopac Rotoplat TP3"},"content":{"rendered":"","protected":false},"excerpt":{"rendered":"<p>Poolautomaatne pakkimismasin, mille v\u00f5ib j\u00e4tta kaubaaluse ise pakkimiseks, kui kile on kinnitatud ja masin on k\u00e4ivitatud. Rotoplati tootesarjas kasutatakse uusimat tehnoloogiat, et muuta kasutamine ja ehitamine v\u00f5imalikult lihtsaks ja taskukohaseks. K\u00f5ikidel mudelitel on kasutajas\u00f5bralik kasutajaliides ja masina k\u00f5rgeim t\u00f6\u00f6kindlus, mis annab kasutajale eelise kasutuskulude osas ja v\u00f5imaluse pakkimiseks v\u00e4ikese eelarvega.<br \/>\nTP3 mudel, millel on pumba k\u00e4ru auk p\u00f6\u00f6rlemislaual. Kaubaaluse etteandmissuunda saab muuta kolmes erinevas suunas<\/p>\n<p><strong>Membraani venitamine saadaval<\/strong><br \/>\n308 FR = Reguleeritav membraani pinge paneelilt<br \/>\n508 PDS = motoriseeritud eelkompressioon, reguleerimine paneelilt 0-250 %. Kile pinget kaubaalusel saab reguleerida eraldi, s\u00f5ltumata eelpingutusest.<br \/>\n708 PVS = motoriseeritud eelpurustus kahe mootoriga, reguleerimine paneelilt 0-500%. Kile pinget kaubaalusel saab reguleerida eraldi, s\u00f5ltumata eelpingutusest.<\/p>\n<p><a href=\"https:\/\/cortex.fi\/pakkausmateriaalit\/?jsf=jet-woo-products-grid&amp;tax=product_cat:27;product_tag:379\">Vaata olemasolevaid filme siit<\/a><\/p>\n","protected":false},"author":8,"featured_media":10876,"comment_status":"closed","ping_status":"closed","template":"","product_brand":[],"product_cat":[526],"product_tag":[527],"asiantuntija":[],"paamies":[],"healthcare":[],"pakkausmateriaalit":[],"merkinta":[],"pakkauskoneet":[505],"leipomoille":[],"tarkennus":[542],"outlet":[],"class_list":{"0":"post-12699","1":"product","2":"type-product","3":"status-publish","4":"has-post-thumbnail","6":"product_cat-pakendamismasinad","7":"product_tag-pakkimismasin","8":"pakkauskoneet-kaarintakone-et","9":"tarkennus-poolautomaatsed-pakkimismasinad","11":"first","12":"instock","13":"taxable","14":"shipping-taxable","15":"purchasable","16":"product-type-variable","17":"has-default-attributes"},"_links":{"self":[{"href":"https:\/\/cortex.fi\/et\/wp-json\/wp\/v2\/product\/12699","targetHints":{"allow":["GET"]}}],"collection":[{"href":"https:\/\/cortex.fi\/et\/wp-json\/wp\/v2\/product"}],"about":[{"href":"https:\/\/cortex.fi\/et\/wp-json\/wp\/v2\/types\/product"}],"author":[{"embeddable":true,"href":"https:\/\/cortex.fi\/et\/wp-json\/wp\/v2\/users\/8"}],"replies":[{"embeddable":true,"href":"https:\/\/cortex.fi\/et\/wp-json\/wp\/v2\/comments?post=12699"}],"wp:featuredmedia":[{"embeddable":true,"href":"https:\/\/cortex.fi\/et\/wp-json\/wp\/v2\/media\/10876"}],"wp:attachment":[{"href":"https:\/\/cortex.fi\/et\/wp-json\/wp\/v2\/media?parent=12699"}],"wp:term":[{"taxonomy":"product_brand","embeddable":true,"href":"https:\/\/cortex.fi\/et\/wp-json\/wp\/v2\/product_brand?post=12699"},{"taxonomy":"product_cat","embeddable":true,"href":"https:\/\/cortex.fi\/et\/wp-json\/wp\/v2\/product_cat?post=12699"},{"taxonomy":"product_tag","embeddable":true,"href":"https:\/\/cortex.fi\/et\/wp-json\/wp\/v2\/product_tag?post=12699"},{"taxonomy":"asiantuntija","embeddable":true,"href":"https:\/\/cortex.fi\/et\/wp-json\/wp\/v2\/asiantuntija?post=12699"},{"taxonomy":"paamies","embeddable":true,"href":"https:\/\/cortex.fi\/et\/wp-json\/wp\/v2\/paamies?post=12699"},{"taxonomy":"healthcare","embeddable":true,"href":"https:\/\/cortex.fi\/et\/wp-json\/wp\/v2\/healthcare?post=12699"},{"taxonomy":"pakkausmateriaalit","embeddable":true,"href":"https:\/\/cortex.fi\/et\/wp-json\/wp\/v2\/pakkausmateriaalit?post=12699"},{"taxonomy":"merkinta","embeddable":true,"href":"https:\/\/cortex.fi\/et\/wp-json\/wp\/v2\/merkinta?post=12699"},{"taxonomy":"pakkauskoneet","embeddable":true,"href":"https:\/\/cortex.fi\/et\/wp-json\/wp\/v2\/pakkauskoneet?post=12699"},{"taxonomy":"leipomoille","embeddable":true,"href":"https:\/\/cortex.fi\/et\/wp-json\/wp\/v2\/leipomoille?post=12699"},{"taxonomy":"tarkennus","embeddable":true,"href":"https:\/\/cortex.fi\/et\/wp-json\/wp\/v2\/tarkennus?post=12699"},{"taxonomy":"outlet","embeddable":true,"href":"https:\/\/cortex.fi\/et\/wp-json\/wp\/v2\/outlet?post=12699"}],"curies":[{"name":"wp","href":"https:\/\/api.w.org\/{rel}","templated":true}]}}