{"id":12696,"date":"2023-03-16T09:54:04","date_gmt":"2023-03-16T07:54:04","guid":{"rendered":"https:\/\/cortex.fi\/tuote\/fibope-fp-plus-kokkutombekile-volditud\/"},"modified":"2023-03-16T09:54:04","modified_gmt":"2023-03-16T07:54:04","slug":"fibope-fp-plus-kokkutombekile-volditud","status":"publish","type":"product","link":"https:\/\/cortex.fi\/et\/tuote\/fibope-fp-plus-kokkutombekile-volditud\/","title":{"rendered":"Fibope FP PLUS kokkut\u00f5mbekile, volditud"},"content":{"rendered":"","protected":false},"excerpt":{"rendered":"<p id=\"tw-target-text\" class=\"tw-data-text tw-text-large tw-ta\" dir=\"ltr\" data-placeholder=\"K\u00e4\u00e4nn\u00f6s\"><span class=\"Y2IQFc\" lang=\"fi\">Fibope FP PLUS on vastupidav kokkut\u00f5mbekile n\u00f5udlikeks rakendusteks. FP Plus kile k\u00f5rge l\u00e4bitorkamis- ja rebenemiskindlus sobib n\u00f5udlikeks rakendusteks ning teravad nurgad ei takista kaitsvat ja atraktiivset pakendamist. Sobivad rakendused on j\u00e4rgmised: r\u00fchmapakendid, metallprofiilid, paber- ja papptooted ning tisleripakendid. Kile on sertifitseeritud ja sobib otseseks kokkupuuteks toiduga. Suurus on kohandatav ja kile on saadaval nii lameda kui ka kokkuvolditud kujul.<\/span><\/p>\n<p dir=\"ltr\" data-placeholder=\"K\u00e4\u00e4nn\u00f6s\"><span class=\"Y2IQFc\" lang=\"fi\">Volditud membraani m\u00f5\u00f5tmed on esitatud nt. 200\/200mm, mis annab avanenud filmi kogulaiuseks 400mm.<\/span><\/p>\n","protected":false},"author":9,"featured_media":10930,"comment_status":"closed","ping_status":"closed","template":"","product_brand":[],"product_cat":[511],"product_tag":[531],"asiantuntija":[],"paamies":[],"healthcare":[],"pakkausmateriaalit":[530],"merkinta":[],"pakkauskoneet":[],"leipomoille":[],"tarkennus":[532],"outlet":[],"class_list":{"0":"post-12696","1":"product","2":"type-product","3":"status-publish","4":"has-post-thumbnail","6":"product_cat-pakendimaterjalid","7":"product_tag-membraanid","8":"pakkausmateriaalit-muud-kiled","9":"tarkennus-kitsenduskiled","11":"first","12":"instock","13":"taxable","14":"shipping-taxable","15":"purchasable","16":"product-type-variable"},"_links":{"self":[{"href":"https:\/\/cortex.fi\/et\/wp-json\/wp\/v2\/product\/12696","targetHints":{"allow":["GET"]}}],"collection":[{"href":"https:\/\/cortex.fi\/et\/wp-json\/wp\/v2\/product"}],"about":[{"href":"https:\/\/cortex.fi\/et\/wp-json\/wp\/v2\/types\/product"}],"author":[{"embeddable":true,"href":"https:\/\/cortex.fi\/et\/wp-json\/wp\/v2\/users\/9"}],"replies":[{"embeddable":true,"href":"https:\/\/cortex.fi\/et\/wp-json\/wp\/v2\/comments?post=12696"}],"wp:featuredmedia":[{"embeddable":true,"href":"https:\/\/cortex.fi\/et\/wp-json\/wp\/v2\/media\/10930"}],"wp:attachment":[{"href":"https:\/\/cortex.fi\/et\/wp-json\/wp\/v2\/media?parent=12696"}],"wp:term":[{"taxonomy":"product_brand","embeddable":true,"href":"https:\/\/cortex.fi\/et\/wp-json\/wp\/v2\/product_brand?post=12696"},{"taxonomy":"product_cat","embeddable":true,"href":"https:\/\/cortex.fi\/et\/wp-json\/wp\/v2\/product_cat?post=12696"},{"taxonomy":"product_tag","embeddable":true,"href":"https:\/\/cortex.fi\/et\/wp-json\/wp\/v2\/product_tag?post=12696"},{"taxonomy":"asiantuntija","embeddable":true,"href":"https:\/\/cortex.fi\/et\/wp-json\/wp\/v2\/asiantuntija?post=12696"},{"taxonomy":"paamies","embeddable":true,"href":"https:\/\/cortex.fi\/et\/wp-json\/wp\/v2\/paamies?post=12696"},{"taxonomy":"healthcare","embeddable":true,"href":"https:\/\/cortex.fi\/et\/wp-json\/wp\/v2\/healthcare?post=12696"},{"taxonomy":"pakkausmateriaalit","embeddable":true,"href":"https:\/\/cortex.fi\/et\/wp-json\/wp\/v2\/pakkausmateriaalit?post=12696"},{"taxonomy":"merkinta","embeddable":true,"href":"https:\/\/cortex.fi\/et\/wp-json\/wp\/v2\/merkinta?post=12696"},{"taxonomy":"pakkauskoneet","embeddable":true,"href":"https:\/\/cortex.fi\/et\/wp-json\/wp\/v2\/pakkauskoneet?post=12696"},{"taxonomy":"leipomoille","embeddable":true,"href":"https:\/\/cortex.fi\/et\/wp-json\/wp\/v2\/leipomoille?post=12696"},{"taxonomy":"tarkennus","embeddable":true,"href":"https:\/\/cortex.fi\/et\/wp-json\/wp\/v2\/tarkennus?post=12696"},{"taxonomy":"outlet","embeddable":true,"href":"https:\/\/cortex.fi\/et\/wp-json\/wp\/v2\/outlet?post=12696"}],"curies":[{"name":"wp","href":"https:\/\/api.w.org\/{rel}","templated":true}]}}