{"id":12683,"date":"2023-03-27T16:31:18","date_gmt":"2023-03-27T13:31:18","guid":{"rendered":"https:\/\/cortex.fi\/tuote\/transpak-tp-501-vanni-masin\/"},"modified":"2023-03-27T16:31:18","modified_gmt":"2023-03-27T13:31:18","slug":"transpak-tp-501-vanni-masin","status":"publish","type":"product","link":"https:\/\/cortex.fi\/et\/tuote\/transpak-tp-501-vanni-masin\/","title":{"rendered":"Transpak TP 501 vanni masin"},"content":{"rendered":"","protected":false},"excerpt":{"rendered":"<p>Poolautomaatne lindistusmasin juhuslikuks lindistamiseks. Kasutaja asetab \u00e4\u00e4riku \u00fcmber toote v\u00f5i kaubaaluse ja s\u00f6\u00f6dab \u00e4\u00e4rikut<br \/>\nveljejuhile. Masin k\u00e4ivitub automaatselt ja see pinguldab, \u00f5mblused ja<br \/>\nl\u00f5ikab \u00e4\u00e4re \u00e4ra ja l\u00fckkab uue \u00e4\u00e4re v\u00e4lja j\u00e4rgmiseks vandamise operatsiooniks<br \/>\nSest. R\u00f5ngaliitmik on valmistatud kuumkeevitusega.<\/p>\n<p><span data-ccp-props=\"{}\"> <\/span><\/p>\n","protected":false},"author":9,"featured_media":10884,"comment_status":"closed","ping_status":"closed","template":"","product_brand":[],"product_cat":[526],"product_tag":[545],"asiantuntija":[],"paamies":[],"healthcare":[],"pakkausmateriaalit":[],"merkinta":[],"pakkauskoneet":[548],"leipomoille":[],"tarkennus":[],"outlet":[],"class_list":{"0":"post-12683","1":"product","2":"type-product","3":"status-publish","4":"has-post-thumbnail","6":"product_cat-pakendamismasinad","7":"product_tag-banderoleerimis-ja-banderoleerimismasinad","8":"pakkauskoneet-banderoleerimis-ja-banderoleerimismasinad","10":"first","11":"instock","12":"taxable","13":"shipping-taxable","14":"purchasable","15":"product-type-simple"},"_links":{"self":[{"href":"https:\/\/cortex.fi\/et\/wp-json\/wp\/v2\/product\/12683","targetHints":{"allow":["GET"]}}],"collection":[{"href":"https:\/\/cortex.fi\/et\/wp-json\/wp\/v2\/product"}],"about":[{"href":"https:\/\/cortex.fi\/et\/wp-json\/wp\/v2\/types\/product"}],"author":[{"embeddable":true,"href":"https:\/\/cortex.fi\/et\/wp-json\/wp\/v2\/users\/9"}],"replies":[{"embeddable":true,"href":"https:\/\/cortex.fi\/et\/wp-json\/wp\/v2\/comments?post=12683"}],"wp:featuredmedia":[{"embeddable":true,"href":"https:\/\/cortex.fi\/et\/wp-json\/wp\/v2\/media\/10884"}],"wp:attachment":[{"href":"https:\/\/cortex.fi\/et\/wp-json\/wp\/v2\/media?parent=12683"}],"wp:term":[{"taxonomy":"product_brand","embeddable":true,"href":"https:\/\/cortex.fi\/et\/wp-json\/wp\/v2\/product_brand?post=12683"},{"taxonomy":"product_cat","embeddable":true,"href":"https:\/\/cortex.fi\/et\/wp-json\/wp\/v2\/product_cat?post=12683"},{"taxonomy":"product_tag","embeddable":true,"href":"https:\/\/cortex.fi\/et\/wp-json\/wp\/v2\/product_tag?post=12683"},{"taxonomy":"asiantuntija","embeddable":true,"href":"https:\/\/cortex.fi\/et\/wp-json\/wp\/v2\/asiantuntija?post=12683"},{"taxonomy":"paamies","embeddable":true,"href":"https:\/\/cortex.fi\/et\/wp-json\/wp\/v2\/paamies?post=12683"},{"taxonomy":"healthcare","embeddable":true,"href":"https:\/\/cortex.fi\/et\/wp-json\/wp\/v2\/healthcare?post=12683"},{"taxonomy":"pakkausmateriaalit","embeddable":true,"href":"https:\/\/cortex.fi\/et\/wp-json\/wp\/v2\/pakkausmateriaalit?post=12683"},{"taxonomy":"merkinta","embeddable":true,"href":"https:\/\/cortex.fi\/et\/wp-json\/wp\/v2\/merkinta?post=12683"},{"taxonomy":"pakkauskoneet","embeddable":true,"href":"https:\/\/cortex.fi\/et\/wp-json\/wp\/v2\/pakkauskoneet?post=12683"},{"taxonomy":"leipomoille","embeddable":true,"href":"https:\/\/cortex.fi\/et\/wp-json\/wp\/v2\/leipomoille?post=12683"},{"taxonomy":"tarkennus","embeddable":true,"href":"https:\/\/cortex.fi\/et\/wp-json\/wp\/v2\/tarkennus?post=12683"},{"taxonomy":"outlet","embeddable":true,"href":"https:\/\/cortex.fi\/et\/wp-json\/wp\/v2\/outlet?post=12683"}],"curies":[{"name":"wp","href":"https:\/\/api.w.org\/{rel}","templated":true}]}}