{"id":12672,"date":"2023-03-27T17:42:08","date_gmt":"2023-03-27T14:42:08","guid":{"rendered":"https:\/\/cortex.fi\/tuote\/transpak-hercules-h-44-kasihooldusmasin-transpak-hercules-h-44\/"},"modified":"2023-03-27T17:42:08","modified_gmt":"2023-03-27T14:42:08","slug":"transpak-hercules-h-44-kasihooldusmasin-transpak-hercules-h-44","status":"publish","type":"product","link":"https:\/\/cortex.fi\/et\/tuote\/transpak-hercules-h-44-kasihooldusmasin-transpak-hercules-h-44\/","title":{"rendered":"Transpak Hercules H-44 k\u00e4sihooldusmasin Transpak Hercules H-44"},"content":{"rendered":"","protected":false},"excerpt":{"rendered":"<p>Transpak Hercules H-44 t\u00f6\u00f6riist \u00fchendab endas velje pingutamise, lukustamise ja l\u00f5ikamise. Seade kasutab KO-13 v\u00f5i -16 hooblukke. Sobib 12 mm v\u00f5i 16 mm rihma laiusele.<\/p>\n","protected":false},"author":9,"featured_media":10892,"comment_status":"closed","ping_status":"closed","template":"","product_brand":[],"product_cat":[526,511],"product_tag":[545],"asiantuntija":[],"paamies":[],"healthcare":[],"pakkausmateriaalit":[],"merkinta":[],"pakkauskoneet":[548],"leipomoille":[],"tarkennus":[],"outlet":[],"class_list":{"0":"post-12672","1":"product","2":"type-product","3":"status-publish","4":"has-post-thumbnail","6":"product_cat-pakendamismasinad","7":"product_cat-pakendimaterjalid","8":"product_tag-banderoleerimis-ja-banderoleerimismasinad","9":"pakkauskoneet-banderoleerimis-ja-banderoleerimismasinad","11":"first","12":"instock","13":"taxable","14":"shipping-taxable","15":"purchasable","16":"product-type-variable"},"_links":{"self":[{"href":"https:\/\/cortex.fi\/et\/wp-json\/wp\/v2\/product\/12672","targetHints":{"allow":["GET"]}}],"collection":[{"href":"https:\/\/cortex.fi\/et\/wp-json\/wp\/v2\/product"}],"about":[{"href":"https:\/\/cortex.fi\/et\/wp-json\/wp\/v2\/types\/product"}],"author":[{"embeddable":true,"href":"https:\/\/cortex.fi\/et\/wp-json\/wp\/v2\/users\/9"}],"replies":[{"embeddable":true,"href":"https:\/\/cortex.fi\/et\/wp-json\/wp\/v2\/comments?post=12672"}],"wp:featuredmedia":[{"embeddable":true,"href":"https:\/\/cortex.fi\/et\/wp-json\/wp\/v2\/media\/10892"}],"wp:attachment":[{"href":"https:\/\/cortex.fi\/et\/wp-json\/wp\/v2\/media?parent=12672"}],"wp:term":[{"taxonomy":"product_brand","embeddable":true,"href":"https:\/\/cortex.fi\/et\/wp-json\/wp\/v2\/product_brand?post=12672"},{"taxonomy":"product_cat","embeddable":true,"href":"https:\/\/cortex.fi\/et\/wp-json\/wp\/v2\/product_cat?post=12672"},{"taxonomy":"product_tag","embeddable":true,"href":"https:\/\/cortex.fi\/et\/wp-json\/wp\/v2\/product_tag?post=12672"},{"taxonomy":"asiantuntija","embeddable":true,"href":"https:\/\/cortex.fi\/et\/wp-json\/wp\/v2\/asiantuntija?post=12672"},{"taxonomy":"paamies","embeddable":true,"href":"https:\/\/cortex.fi\/et\/wp-json\/wp\/v2\/paamies?post=12672"},{"taxonomy":"healthcare","embeddable":true,"href":"https:\/\/cortex.fi\/et\/wp-json\/wp\/v2\/healthcare?post=12672"},{"taxonomy":"pakkausmateriaalit","embeddable":true,"href":"https:\/\/cortex.fi\/et\/wp-json\/wp\/v2\/pakkausmateriaalit?post=12672"},{"taxonomy":"merkinta","embeddable":true,"href":"https:\/\/cortex.fi\/et\/wp-json\/wp\/v2\/merkinta?post=12672"},{"taxonomy":"pakkauskoneet","embeddable":true,"href":"https:\/\/cortex.fi\/et\/wp-json\/wp\/v2\/pakkauskoneet?post=12672"},{"taxonomy":"leipomoille","embeddable":true,"href":"https:\/\/cortex.fi\/et\/wp-json\/wp\/v2\/leipomoille?post=12672"},{"taxonomy":"tarkennus","embeddable":true,"href":"https:\/\/cortex.fi\/et\/wp-json\/wp\/v2\/tarkennus?post=12672"},{"taxonomy":"outlet","embeddable":true,"href":"https:\/\/cortex.fi\/et\/wp-json\/wp\/v2\/outlet?post=12672"}],"curies":[{"name":"wp","href":"https:\/\/api.w.org\/{rel}","templated":true}]}}