{"id":12639,"date":"2023-03-27T17:55:26","date_gmt":"2023-03-27T14:55:26","guid":{"rendered":"https:\/\/cortex.fi\/tuote\/banding-masin-ats-us-2000-ad\/"},"modified":"2023-03-27T17:55:26","modified_gmt":"2023-03-27T14:55:26","slug":"banding-masin-ats-us-2000-ad","status":"publish","type":"product","link":"https:\/\/cortex.fi\/et\/tuote\/banding-masin-ats-us-2000-ad\/","title":{"rendered":"Banding masin ATS-US 2000 AD"},"content":{"rendered":"","protected":false},"excerpt":{"rendered":"<p>US-2000 AD on mobiilne, kompaktne automaatne banderoolmasin, mis on varustatud j\u00e4rgmiste seadmetega<br \/>\nultraheli keevitus. Masina digitaalsel juhtpaneelil saab banderoolile seadistada tootespetsiifilisi v\u00e4\u00e4rtusi.<br \/>\nUS-2000 standardlaiused v\u00f5ivad olla 20, 30 v\u00f5i 50 mm. T\u00e4nu laiale valikule lintraamidele on seade<br \/>\nsobib v\u00e4ga h\u00e4sti erineva suurusega toodete pakendamiseks.<\/p>\n<p><a href=\"https:\/\/cortex.fi\/pakkausmateriaalit\/?jsf=jet-woo-products-grid&amp;tax=product_tag:293&amp;linkki=kylla\">Kl\u00f5psake siin, et n\u00e4ha saadaolevaid velgi ja ribasid.<\/a><\/p>\n","protected":false},"author":9,"featured_media":10893,"comment_status":"closed","ping_status":"closed","template":"","product_brand":[],"product_cat":[526],"product_tag":[545],"asiantuntija":[],"paamies":[],"healthcare":[],"pakkausmateriaalit":[],"merkinta":[],"pakkauskoneet":[548],"leipomoille":[],"tarkennus":[],"outlet":[],"class_list":{"0":"post-12639","1":"product","2":"type-product","3":"status-publish","4":"has-post-thumbnail","6":"product_cat-pakendamismasinad","7":"product_tag-banderoleerimis-ja-banderoleerimismasinad","8":"pakkauskoneet-banderoleerimis-ja-banderoleerimismasinad","10":"first","11":"instock","12":"taxable","13":"shipping-taxable","14":"purchasable","15":"product-type-simple"},"_links":{"self":[{"href":"https:\/\/cortex.fi\/et\/wp-json\/wp\/v2\/product\/12639","targetHints":{"allow":["GET"]}}],"collection":[{"href":"https:\/\/cortex.fi\/et\/wp-json\/wp\/v2\/product"}],"about":[{"href":"https:\/\/cortex.fi\/et\/wp-json\/wp\/v2\/types\/product"}],"author":[{"embeddable":true,"href":"https:\/\/cortex.fi\/et\/wp-json\/wp\/v2\/users\/9"}],"replies":[{"embeddable":true,"href":"https:\/\/cortex.fi\/et\/wp-json\/wp\/v2\/comments?post=12639"}],"wp:featuredmedia":[{"embeddable":true,"href":"https:\/\/cortex.fi\/et\/wp-json\/wp\/v2\/media\/10893"}],"wp:attachment":[{"href":"https:\/\/cortex.fi\/et\/wp-json\/wp\/v2\/media?parent=12639"}],"wp:term":[{"taxonomy":"product_brand","embeddable":true,"href":"https:\/\/cortex.fi\/et\/wp-json\/wp\/v2\/product_brand?post=12639"},{"taxonomy":"product_cat","embeddable":true,"href":"https:\/\/cortex.fi\/et\/wp-json\/wp\/v2\/product_cat?post=12639"},{"taxonomy":"product_tag","embeddable":true,"href":"https:\/\/cortex.fi\/et\/wp-json\/wp\/v2\/product_tag?post=12639"},{"taxonomy":"asiantuntija","embeddable":true,"href":"https:\/\/cortex.fi\/et\/wp-json\/wp\/v2\/asiantuntija?post=12639"},{"taxonomy":"paamies","embeddable":true,"href":"https:\/\/cortex.fi\/et\/wp-json\/wp\/v2\/paamies?post=12639"},{"taxonomy":"healthcare","embeddable":true,"href":"https:\/\/cortex.fi\/et\/wp-json\/wp\/v2\/healthcare?post=12639"},{"taxonomy":"pakkausmateriaalit","embeddable":true,"href":"https:\/\/cortex.fi\/et\/wp-json\/wp\/v2\/pakkausmateriaalit?post=12639"},{"taxonomy":"merkinta","embeddable":true,"href":"https:\/\/cortex.fi\/et\/wp-json\/wp\/v2\/merkinta?post=12639"},{"taxonomy":"pakkauskoneet","embeddable":true,"href":"https:\/\/cortex.fi\/et\/wp-json\/wp\/v2\/pakkauskoneet?post=12639"},{"taxonomy":"leipomoille","embeddable":true,"href":"https:\/\/cortex.fi\/et\/wp-json\/wp\/v2\/leipomoille?post=12639"},{"taxonomy":"tarkennus","embeddable":true,"href":"https:\/\/cortex.fi\/et\/wp-json\/wp\/v2\/tarkennus?post=12639"},{"taxonomy":"outlet","embeddable":true,"href":"https:\/\/cortex.fi\/et\/wp-json\/wp\/v2\/outlet?post=12639"}],"curies":[{"name":"wp","href":"https:\/\/api.w.org\/{rel}","templated":true}]}}