{"id":12637,"date":"2023-03-28T13:24:04","date_gmt":"2023-03-28T10:24:04","guid":{"rendered":"https:\/\/cortex.fi\/tuote\/pakkimismasin-robopac-masterplat-tp3\/"},"modified":"2023-03-28T13:24:04","modified_gmt":"2023-03-28T10:24:04","slug":"pakkimismasin-robopac-masterplat-tp3","status":"publish","type":"product","link":"https:\/\/cortex.fi\/et\/tuote\/pakkimismasin-robopac-masterplat-tp3\/","title":{"rendered":"Pakkimismasin Robopac Masterplat TP3"},"content":{"rendered":"","protected":false},"excerpt":{"rendered":"<p><span data-contrast=\"none\">Poolautomaatne pingutuspakkimismasin, mille v\u00f5ib j\u00e4tta kaubaaluse ise pakkimiseks, kui kile on kinnitatud ja masin on k\u00e4ivitatud.<\/span> <span data-contrast=\"none\">Robopac tutvustab t\u00e4iesti uut Masterplat pakkimismasinat, mis \u00fchendab Ecoplati lihtsuse ja Rotoplati j\u00f5udluse.<\/span> <span data-contrast=\"none\">Masterplatil on 3,5-tolline digitaalne v\u00e4rviline ekraan, mis teeb selle kasutamise kiireks ja lihtsaks. Digitaalsel ekraanil on s\u00fcmbolid, mis aitavad kasutajat.<\/span><span data-contrast=\"auto\"><\/span><span data-ccp-props=\"{}\"> <\/span><br \/>\n<span data-contrast=\"none\">TP3 = p\u00f6\u00f6rlev platvorm on varustatud avadega pumba k\u00e4ru jaoks, seega ei ole vaja eraldi laadimisrampi. Uus disain v\u00f5imaldab h\u00f5lpsasti muuta laadimissuunda paremale, vasakule v\u00f5i otse masina ette.<\/span><\/p>\n<p><strong>Membraani venitamine saadaval<\/strong><br \/>\nMehaaniline h\u00f5\u00f5rdepidur, t\u00fc\u00fcp FRD, reguleeritav diafragmaliugist.<\/p>\n<p>Mootoriga eelpingutus t\u00fc\u00fcp PGS fikseeritud hammasratastega 200 % v\u00f5i 300 % V\u00f5imalus reguleerida kilepinget k\u00e4sitsi.<br \/>\nEelpinget saab reguleerida, muutes k\u00e4ike 150%, 200%, 250% v\u00f5i 300% v\u00f5rra.<\/p>\n<p><a href=\"https:\/\/cortex.fi\/pakkausmateriaalit\/?jsf=jet-woo-products-grid&amp;tax=product_cat:27;product_tag:379\">Vaata olemasolevaid filme siit<\/a><\/p>\n","protected":false},"author":8,"featured_media":10907,"comment_status":"closed","ping_status":"closed","template":"","product_brand":[],"product_cat":[526],"product_tag":[527],"asiantuntija":[],"paamies":[],"healthcare":[],"pakkausmateriaalit":[],"merkinta":[],"pakkauskoneet":[505],"leipomoille":[],"tarkennus":[542],"outlet":[],"class_list":{"0":"post-12637","1":"product","2":"type-product","3":"status-publish","4":"has-post-thumbnail","6":"product_cat-pakendamismasinad","7":"product_tag-pakkimismasin","8":"pakkauskoneet-kaarintakone-et","9":"tarkennus-poolautomaatsed-pakkimismasinad","11":"first","12":"instock","13":"taxable","14":"shipping-taxable","15":"purchasable","16":"product-type-variable","17":"has-default-attributes"},"_links":{"self":[{"href":"https:\/\/cortex.fi\/et\/wp-json\/wp\/v2\/product\/12637","targetHints":{"allow":["GET"]}}],"collection":[{"href":"https:\/\/cortex.fi\/et\/wp-json\/wp\/v2\/product"}],"about":[{"href":"https:\/\/cortex.fi\/et\/wp-json\/wp\/v2\/types\/product"}],"author":[{"embeddable":true,"href":"https:\/\/cortex.fi\/et\/wp-json\/wp\/v2\/users\/8"}],"replies":[{"embeddable":true,"href":"https:\/\/cortex.fi\/et\/wp-json\/wp\/v2\/comments?post=12637"}],"wp:featuredmedia":[{"embeddable":true,"href":"https:\/\/cortex.fi\/et\/wp-json\/wp\/v2\/media\/10907"}],"wp:attachment":[{"href":"https:\/\/cortex.fi\/et\/wp-json\/wp\/v2\/media?parent=12637"}],"wp:term":[{"taxonomy":"product_brand","embeddable":true,"href":"https:\/\/cortex.fi\/et\/wp-json\/wp\/v2\/product_brand?post=12637"},{"taxonomy":"product_cat","embeddable":true,"href":"https:\/\/cortex.fi\/et\/wp-json\/wp\/v2\/product_cat?post=12637"},{"taxonomy":"product_tag","embeddable":true,"href":"https:\/\/cortex.fi\/et\/wp-json\/wp\/v2\/product_tag?post=12637"},{"taxonomy":"asiantuntija","embeddable":true,"href":"https:\/\/cortex.fi\/et\/wp-json\/wp\/v2\/asiantuntija?post=12637"},{"taxonomy":"paamies","embeddable":true,"href":"https:\/\/cortex.fi\/et\/wp-json\/wp\/v2\/paamies?post=12637"},{"taxonomy":"healthcare","embeddable":true,"href":"https:\/\/cortex.fi\/et\/wp-json\/wp\/v2\/healthcare?post=12637"},{"taxonomy":"pakkausmateriaalit","embeddable":true,"href":"https:\/\/cortex.fi\/et\/wp-json\/wp\/v2\/pakkausmateriaalit?post=12637"},{"taxonomy":"merkinta","embeddable":true,"href":"https:\/\/cortex.fi\/et\/wp-json\/wp\/v2\/merkinta?post=12637"},{"taxonomy":"pakkauskoneet","embeddable":true,"href":"https:\/\/cortex.fi\/et\/wp-json\/wp\/v2\/pakkauskoneet?post=12637"},{"taxonomy":"leipomoille","embeddable":true,"href":"https:\/\/cortex.fi\/et\/wp-json\/wp\/v2\/leipomoille?post=12637"},{"taxonomy":"tarkennus","embeddable":true,"href":"https:\/\/cortex.fi\/et\/wp-json\/wp\/v2\/tarkennus?post=12637"},{"taxonomy":"outlet","embeddable":true,"href":"https:\/\/cortex.fi\/et\/wp-json\/wp\/v2\/outlet?post=12637"}],"curies":[{"name":"wp","href":"https:\/\/api.w.org\/{rel}","templated":true}]}}