{"id":12636,"date":"2023-03-27T17:55:48","date_gmt":"2023-03-27T14:55:48","guid":{"rendered":"https:\/\/cortex.fi\/tuote\/lindistusmasin-ats-ms-420-s\/"},"modified":"2023-03-27T17:55:48","modified_gmt":"2023-03-27T14:55:48","slug":"lindistusmasin-ats-ms-420-s","status":"publish","type":"product","link":"https:\/\/cortex.fi\/et\/tuote\/lindistusmasin-ats-ms-420-s\/","title":{"rendered":"Lindistusmasin ATS-MS 420 S"},"content":{"rendered":"","protected":false},"excerpt":{"rendered":"<p>ATS MS 420 S on lihtsasti kasutatav lauale paigaldatav kuumkinnitusmasin. Lennukiga<br \/>\nsaab kasutada kuni A3 formaadis lehtede komplekteerimiseks, kuid t\u00e4nu oma l\u00fchikesele esiservale sobib see ka<br \/>\nv\u00e4ikeste toodete pakendamiseks. Saadaval 20, 30 ja 50 mm laiustes ribades. Speed 26 sidemed<br \/>\nminutiga<\/p>\n<p>Pakendamismasinaid kasutatakse toote v\u00f5i toote etiketi \u00fcmber paberi- v\u00f5i plastribade kerimiseks, et toetada pakendit.<br \/>\nEeltr\u00fckitud banderool l\u00f5petab toote pakendi silmatorkavalt, olles seega t\u00f5hus turundus- ja reklaamivahend.<br \/>\nkampaania vahendina. Paberist v\u00f5i plastist b\u00e4nneriribad v\u00f5ivad olla 20-100 mm laiad. Banderollin<br \/>\nkeevitamine toimub s\u00f5ltuvalt seadme mudelist kas kuumuse v\u00f5i ultraheli abil.<\/p>\n<p><a href=\"https:\/\/cortex.fi\/pakkausmateriaalit\/?jsf=jet-woo-products-grid&amp;tax=product_tag:293&amp;linkki=kylla\">Kl\u00f5psake siin, et n\u00e4ha saadaolevaid velgi ja ribasid.<\/a><\/p>\n","protected":false},"author":9,"featured_media":10894,"comment_status":"closed","ping_status":"closed","template":"","product_brand":[],"product_cat":[526],"product_tag":[545],"asiantuntija":[],"paamies":[],"healthcare":[],"pakkausmateriaalit":[],"merkinta":[],"pakkauskoneet":[548],"leipomoille":[],"tarkennus":[],"outlet":[],"class_list":{"0":"post-12636","1":"product","2":"type-product","3":"status-publish","4":"has-post-thumbnail","6":"product_cat-pakendamismasinad","7":"product_tag-banderoleerimis-ja-banderoleerimismasinad","8":"pakkauskoneet-banderoleerimis-ja-banderoleerimismasinad","10":"first","11":"instock","12":"taxable","13":"shipping-taxable","14":"purchasable","15":"product-type-simple"},"_links":{"self":[{"href":"https:\/\/cortex.fi\/et\/wp-json\/wp\/v2\/product\/12636","targetHints":{"allow":["GET"]}}],"collection":[{"href":"https:\/\/cortex.fi\/et\/wp-json\/wp\/v2\/product"}],"about":[{"href":"https:\/\/cortex.fi\/et\/wp-json\/wp\/v2\/types\/product"}],"author":[{"embeddable":true,"href":"https:\/\/cortex.fi\/et\/wp-json\/wp\/v2\/users\/9"}],"replies":[{"embeddable":true,"href":"https:\/\/cortex.fi\/et\/wp-json\/wp\/v2\/comments?post=12636"}],"wp:featuredmedia":[{"embeddable":true,"href":"https:\/\/cortex.fi\/et\/wp-json\/wp\/v2\/media\/10894"}],"wp:attachment":[{"href":"https:\/\/cortex.fi\/et\/wp-json\/wp\/v2\/media?parent=12636"}],"wp:term":[{"taxonomy":"product_brand","embeddable":true,"href":"https:\/\/cortex.fi\/et\/wp-json\/wp\/v2\/product_brand?post=12636"},{"taxonomy":"product_cat","embeddable":true,"href":"https:\/\/cortex.fi\/et\/wp-json\/wp\/v2\/product_cat?post=12636"},{"taxonomy":"product_tag","embeddable":true,"href":"https:\/\/cortex.fi\/et\/wp-json\/wp\/v2\/product_tag?post=12636"},{"taxonomy":"asiantuntija","embeddable":true,"href":"https:\/\/cortex.fi\/et\/wp-json\/wp\/v2\/asiantuntija?post=12636"},{"taxonomy":"paamies","embeddable":true,"href":"https:\/\/cortex.fi\/et\/wp-json\/wp\/v2\/paamies?post=12636"},{"taxonomy":"healthcare","embeddable":true,"href":"https:\/\/cortex.fi\/et\/wp-json\/wp\/v2\/healthcare?post=12636"},{"taxonomy":"pakkausmateriaalit","embeddable":true,"href":"https:\/\/cortex.fi\/et\/wp-json\/wp\/v2\/pakkausmateriaalit?post=12636"},{"taxonomy":"merkinta","embeddable":true,"href":"https:\/\/cortex.fi\/et\/wp-json\/wp\/v2\/merkinta?post=12636"},{"taxonomy":"pakkauskoneet","embeddable":true,"href":"https:\/\/cortex.fi\/et\/wp-json\/wp\/v2\/pakkauskoneet?post=12636"},{"taxonomy":"leipomoille","embeddable":true,"href":"https:\/\/cortex.fi\/et\/wp-json\/wp\/v2\/leipomoille?post=12636"},{"taxonomy":"tarkennus","embeddable":true,"href":"https:\/\/cortex.fi\/et\/wp-json\/wp\/v2\/tarkennus?post=12636"},{"taxonomy":"outlet","embeddable":true,"href":"https:\/\/cortex.fi\/et\/wp-json\/wp\/v2\/outlet?post=12636"}],"curies":[{"name":"wp","href":"https:\/\/api.w.org\/{rel}","templated":true}]}}