{"id":12623,"date":"2023-03-28T21:06:50","date_gmt":"2023-03-28T18:06:50","guid":{"rendered":"https:\/\/cortex.fi\/tuote\/ram-q50b-ja-q500-kaelused\/"},"modified":"2023-03-28T21:06:50","modified_gmt":"2023-03-28T18:06:50","slug":"ram-q50b-ja-q500-kaelused","status":"publish","type":"product","link":"https:\/\/cortex.fi\/et\/tuote\/ram-q50b-ja-q500-kaelused\/","title":{"rendered":"RAM Q50B ja Q500 kaelused"},"content":{"rendered":"","protected":false},"excerpt":{"rendered":"<p>V\u00e4ikesed k\u00e4eshoitavad lauapandavad v\u00f5i eraldiseisvad kaelarihmad<\/p>\n","protected":false},"author":7,"featured_media":10923,"comment_status":"closed","ping_status":"closed","template":"","product_brand":[],"product_cat":[495],"product_tag":[571],"asiantuntija":[],"paamies":[],"healthcare":[],"pakkausmateriaalit":[],"merkinta":[],"pakkauskoneet":[],"leipomoille":[570],"tarkennus":[],"outlet":[],"class_list":{"0":"post-12623","1":"product","2":"type-product","3":"status-publish","4":"has-post-thumbnail","6":"product_cat-pagaritele","7":"product_tag-upshot","8":"leipomoille-upshot","10":"first","11":"instock","12":"taxable","13":"shipping-taxable","14":"purchasable","15":"product-type-simple"},"_links":{"self":[{"href":"https:\/\/cortex.fi\/et\/wp-json\/wp\/v2\/product\/12623","targetHints":{"allow":["GET"]}}],"collection":[{"href":"https:\/\/cortex.fi\/et\/wp-json\/wp\/v2\/product"}],"about":[{"href":"https:\/\/cortex.fi\/et\/wp-json\/wp\/v2\/types\/product"}],"author":[{"embeddable":true,"href":"https:\/\/cortex.fi\/et\/wp-json\/wp\/v2\/users\/7"}],"replies":[{"embeddable":true,"href":"https:\/\/cortex.fi\/et\/wp-json\/wp\/v2\/comments?post=12623"}],"wp:featuredmedia":[{"embeddable":true,"href":"https:\/\/cortex.fi\/et\/wp-json\/wp\/v2\/media\/10923"}],"wp:attachment":[{"href":"https:\/\/cortex.fi\/et\/wp-json\/wp\/v2\/media?parent=12623"}],"wp:term":[{"taxonomy":"product_brand","embeddable":true,"href":"https:\/\/cortex.fi\/et\/wp-json\/wp\/v2\/product_brand?post=12623"},{"taxonomy":"product_cat","embeddable":true,"href":"https:\/\/cortex.fi\/et\/wp-json\/wp\/v2\/product_cat?post=12623"},{"taxonomy":"product_tag","embeddable":true,"href":"https:\/\/cortex.fi\/et\/wp-json\/wp\/v2\/product_tag?post=12623"},{"taxonomy":"asiantuntija","embeddable":true,"href":"https:\/\/cortex.fi\/et\/wp-json\/wp\/v2\/asiantuntija?post=12623"},{"taxonomy":"paamies","embeddable":true,"href":"https:\/\/cortex.fi\/et\/wp-json\/wp\/v2\/paamies?post=12623"},{"taxonomy":"healthcare","embeddable":true,"href":"https:\/\/cortex.fi\/et\/wp-json\/wp\/v2\/healthcare?post=12623"},{"taxonomy":"pakkausmateriaalit","embeddable":true,"href":"https:\/\/cortex.fi\/et\/wp-json\/wp\/v2\/pakkausmateriaalit?post=12623"},{"taxonomy":"merkinta","embeddable":true,"href":"https:\/\/cortex.fi\/et\/wp-json\/wp\/v2\/merkinta?post=12623"},{"taxonomy":"pakkauskoneet","embeddable":true,"href":"https:\/\/cortex.fi\/et\/wp-json\/wp\/v2\/pakkauskoneet?post=12623"},{"taxonomy":"leipomoille","embeddable":true,"href":"https:\/\/cortex.fi\/et\/wp-json\/wp\/v2\/leipomoille?post=12623"},{"taxonomy":"tarkennus","embeddable":true,"href":"https:\/\/cortex.fi\/et\/wp-json\/wp\/v2\/tarkennus?post=12623"},{"taxonomy":"outlet","embeddable":true,"href":"https:\/\/cortex.fi\/et\/wp-json\/wp\/v2\/outlet?post=12623"}],"curies":[{"name":"wp","href":"https:\/\/api.w.org\/{rel}","templated":true}]}}