{"id":12617,"date":"2023-03-29T14:38:17","date_gmt":"2023-03-29T11:38:17","guid":{"rendered":"https:\/\/cortex.fi\/tuote\/pe-padjad\/"},"modified":"2024-05-13T15:37:13","modified_gmt":"2024-05-13T12:37:13","slug":"pe-padjad","status":"publish","type":"product","link":"https:\/\/cortex.fi\/et\/tuote\/pe-padjad\/","title":{"rendered":"PE-padjad"},"content":{"rendered":"","protected":false},"excerpt":{"rendered":"<p>Pe-padjad kaitsevad p\u00f5rutuste eest ja toimivad n\u00e4iteks soojusisolatsioonina \u00f5rnade toodete transportimisel. Saadaval erinevates rullide laiustes ja paksustes. K\u00fcsige ka hinnapakkumist lehtede kohta.<\/p>\n","protected":false},"author":9,"featured_media":0,"comment_status":"closed","ping_status":"closed","template":"","product_brand":[],"product_cat":[511],"product_tag":[582],"asiantuntija":[],"paamies":[],"healthcare":[],"pakkausmateriaalit":[581],"merkinta":[],"pakkauskoneet":[],"leipomoille":[],"tarkennus":[583],"outlet":[],"class_list":{"0":"post-12617","1":"product","2":"type-product","3":"status-publish","5":"product_cat-pakendimaterjalid","6":"product_tag-konsignatsioonitooted-ja-pakendite-taitematerjalid","7":"pakkausmateriaalit-postkastid-ja-pehmendused","8":"tarkennus-pe-padjad","10":"first","11":"instock","12":"taxable","13":"shipping-taxable","14":"purchasable","15":"product-type-variable"},"_links":{"self":[{"href":"https:\/\/cortex.fi\/et\/wp-json\/wp\/v2\/product\/12617","targetHints":{"allow":["GET"]}}],"collection":[{"href":"https:\/\/cortex.fi\/et\/wp-json\/wp\/v2\/product"}],"about":[{"href":"https:\/\/cortex.fi\/et\/wp-json\/wp\/v2\/types\/product"}],"author":[{"embeddable":true,"href":"https:\/\/cortex.fi\/et\/wp-json\/wp\/v2\/users\/9"}],"replies":[{"embeddable":true,"href":"https:\/\/cortex.fi\/et\/wp-json\/wp\/v2\/comments?post=12617"}],"wp:attachment":[{"href":"https:\/\/cortex.fi\/et\/wp-json\/wp\/v2\/media?parent=12617"}],"wp:term":[{"taxonomy":"product_brand","embeddable":true,"href":"https:\/\/cortex.fi\/et\/wp-json\/wp\/v2\/product_brand?post=12617"},{"taxonomy":"product_cat","embeddable":true,"href":"https:\/\/cortex.fi\/et\/wp-json\/wp\/v2\/product_cat?post=12617"},{"taxonomy":"product_tag","embeddable":true,"href":"https:\/\/cortex.fi\/et\/wp-json\/wp\/v2\/product_tag?post=12617"},{"taxonomy":"asiantuntija","embeddable":true,"href":"https:\/\/cortex.fi\/et\/wp-json\/wp\/v2\/asiantuntija?post=12617"},{"taxonomy":"paamies","embeddable":true,"href":"https:\/\/cortex.fi\/et\/wp-json\/wp\/v2\/paamies?post=12617"},{"taxonomy":"healthcare","embeddable":true,"href":"https:\/\/cortex.fi\/et\/wp-json\/wp\/v2\/healthcare?post=12617"},{"taxonomy":"pakkausmateriaalit","embeddable":true,"href":"https:\/\/cortex.fi\/et\/wp-json\/wp\/v2\/pakkausmateriaalit?post=12617"},{"taxonomy":"merkinta","embeddable":true,"href":"https:\/\/cortex.fi\/et\/wp-json\/wp\/v2\/merkinta?post=12617"},{"taxonomy":"pakkauskoneet","embeddable":true,"href":"https:\/\/cortex.fi\/et\/wp-json\/wp\/v2\/pakkauskoneet?post=12617"},{"taxonomy":"leipomoille","embeddable":true,"href":"https:\/\/cortex.fi\/et\/wp-json\/wp\/v2\/leipomoille?post=12617"},{"taxonomy":"tarkennus","embeddable":true,"href":"https:\/\/cortex.fi\/et\/wp-json\/wp\/v2\/tarkennus?post=12617"},{"taxonomy":"outlet","embeddable":true,"href":"https:\/\/cortex.fi\/et\/wp-json\/wp\/v2\/outlet?post=12617"}],"curies":[{"name":"wp","href":"https:\/\/api.w.org\/{rel}","templated":true}]}}