{"id":12601,"date":"2023-04-08T15:39:36","date_gmt":"2023-04-08T12:39:36","guid":{"rendered":"https:\/\/cortex.fi\/tuote\/oma-trukiga-pakkelint\/"},"modified":"2024-05-13T15:36:49","modified_gmt":"2024-05-13T12:36:49","slug":"oma-trukiga-pakkelint","status":"publish","type":"product","link":"https:\/\/cortex.fi\/et\/tuote\/oma-trukiga-pakkelint\/","title":{"rendered":"Oma tr\u00fckiga pakkelint"},"content":{"rendered":"<h2>Teie logoga pakken\u00f5el &#8211; m\u00e4rgistage oma saadetis professionaalselt<\/h2>\n<p>Otsid v\u00f5imalust, kuidas eristuda konkurentidest ja muuta oma saated meeldej\u00e4\u00e4vaks? Nutikas lahendus on kasutada teie logoga varustatud pakkelintippi. Cortexi lintide abil saate oma tooteid taskukohaselt pakendada ja anda klientidele oma kaubam\u00e4rgist kvaliteetse pildi.<\/p>\n<h3>1. J\u00e4tab mulje juba esimesest muljest &#8211; pakendilint on pakendi tipus<\/h3>\n<p>Esmamulje on kliendikogemuse puhul v\u00e4ga oluline. Teie enda logoga pakendilint aitab luua teie kaubam\u00e4rgist kvaliteetse kuvandi ja aitab klientidel teie ettev\u00f5tet paremini meeles pidada. V\u00e4ike investeering v\u00f5ib teha \u00fcllatavalt suurt vahet!<\/p>\n<h3>2. Odav viis logo n\u00e4htavuse suurendamiseks &#8211; pakkelint paneb teie br\u00e4ndi t\u00e4helepanu keskpunkti<\/h3>\n<p>Teie logoga pakkelint on taskukohane ja t\u00f5hus viis oma kaubam\u00e4rgi n\u00e4htavuse suurendamiseks. See toimib nagu liikuv reklaam, mis reisib koos teie pakiga \u00fchest kohast teise. V\u00e4ikese investeeringuga saate suurt kasu.<\/p>\n<h2>Cortex aitab teil valida!<\/h2>\n<p>Kas on k\u00fcsimusi? K\u00fcsi pakkumisteenust pakkelindi kohta ja lase meil viia sinu ettev\u00f5tte pakendid uuele tasemele!<\/p>\n","protected":false},"excerpt":{"rendered":"<p>Teie enda tr\u00fckitud pakkelint on suurep\u00e4rane ja odav turundusvahend teie toote ja\/v\u00f5i ettev\u00f5tte jaoks. Fotokvaliteediga saab n\u00fc\u00fcd kasutada v\u00e4ljatr\u00fckke. Enamus tr\u00fckitud lindid on siiski 1-2 v\u00e4rvi lindid, millel on tekst ja\/v\u00f5i logo. T\u00e4nu tr\u00fckitud teibile on ettev\u00f5tte nimi v\u00f5i tootenimi selgesti n\u00e4htav k\u00f5ikjal, kus teibitud karp v\u00f5i toode liigub. Aluseks saab valida PP-kile ja liimiks kas akr\u00fc\u00fcl, hot-melt v\u00f5i lahusti. Lindi laius v\u00f5ib ulatuda 12 mm kuni 150 mm. Plaatidega seotud kulud v\u00f5etakse eraldi.<\/p>\n","protected":false},"author":9,"featured_media":10588,"comment_status":"closed","ping_status":"closed","template":"","product_brand":[],"product_cat":[511],"product_tag":[515],"asiantuntija":[],"paamies":[],"healthcare":[],"pakkausmateriaalit":[514],"merkinta":[],"pakkauskoneet":[],"leipomoille":[],"tarkennus":[516],"outlet":[],"class_list":{"0":"post-12601","1":"product","2":"type-product","3":"status-publish","4":"has-post-thumbnail","6":"product_cat-pakendimaterjalid","7":"product_tag-lindid","8":"pakkausmateriaalit-lindid","9":"tarkennus-pakendilindid","11":"first","12":"instock","13":"taxable","14":"shipping-taxable","15":"purchasable","16":"product-type-variable"},"_links":{"self":[{"href":"https:\/\/cortex.fi\/et\/wp-json\/wp\/v2\/product\/12601","targetHints":{"allow":["GET"]}}],"collection":[{"href":"https:\/\/cortex.fi\/et\/wp-json\/wp\/v2\/product"}],"about":[{"href":"https:\/\/cortex.fi\/et\/wp-json\/wp\/v2\/types\/product"}],"author":[{"embeddable":true,"href":"https:\/\/cortex.fi\/et\/wp-json\/wp\/v2\/users\/9"}],"replies":[{"embeddable":true,"href":"https:\/\/cortex.fi\/et\/wp-json\/wp\/v2\/comments?post=12601"}],"wp:featuredmedia":[{"embeddable":true,"href":"https:\/\/cortex.fi\/et\/wp-json\/wp\/v2\/media\/10588"}],"wp:attachment":[{"href":"https:\/\/cortex.fi\/et\/wp-json\/wp\/v2\/media?parent=12601"}],"wp:term":[{"taxonomy":"product_brand","embeddable":true,"href":"https:\/\/cortex.fi\/et\/wp-json\/wp\/v2\/product_brand?post=12601"},{"taxonomy":"product_cat","embeddable":true,"href":"https:\/\/cortex.fi\/et\/wp-json\/wp\/v2\/product_cat?post=12601"},{"taxonomy":"product_tag","embeddable":true,"href":"https:\/\/cortex.fi\/et\/wp-json\/wp\/v2\/product_tag?post=12601"},{"taxonomy":"asiantuntija","embeddable":true,"href":"https:\/\/cortex.fi\/et\/wp-json\/wp\/v2\/asiantuntija?post=12601"},{"taxonomy":"paamies","embeddable":true,"href":"https:\/\/cortex.fi\/et\/wp-json\/wp\/v2\/paamies?post=12601"},{"taxonomy":"healthcare","embeddable":true,"href":"https:\/\/cortex.fi\/et\/wp-json\/wp\/v2\/healthcare?post=12601"},{"taxonomy":"pakkausmateriaalit","embeddable":true,"href":"https:\/\/cortex.fi\/et\/wp-json\/wp\/v2\/pakkausmateriaalit?post=12601"},{"taxonomy":"merkinta","embeddable":true,"href":"https:\/\/cortex.fi\/et\/wp-json\/wp\/v2\/merkinta?post=12601"},{"taxonomy":"pakkauskoneet","embeddable":true,"href":"https:\/\/cortex.fi\/et\/wp-json\/wp\/v2\/pakkauskoneet?post=12601"},{"taxonomy":"leipomoille","embeddable":true,"href":"https:\/\/cortex.fi\/et\/wp-json\/wp\/v2\/leipomoille?post=12601"},{"taxonomy":"tarkennus","embeddable":true,"href":"https:\/\/cortex.fi\/et\/wp-json\/wp\/v2\/tarkennus?post=12601"},{"taxonomy":"outlet","embeddable":true,"href":"https:\/\/cortex.fi\/et\/wp-json\/wp\/v2\/outlet?post=12601"}],"curies":[{"name":"wp","href":"https:\/\/api.w.org\/{rel}","templated":true}]}}