{"id":12599,"date":"2023-04-06T16:19:15","date_gmt":"2023-04-06T13:19:15","guid":{"rendered":"https:\/\/cortex.fi\/tuote\/uusio-pe-arctic-filmid\/"},"modified":"2024-05-13T15:36:50","modified_gmt":"2024-05-13T12:36:50","slug":"uusio-pe-arctic-filmid","status":"publish","type":"product","link":"https:\/\/cortex.fi\/et\/tuote\/uusio-pe-arctic-filmid\/","title":{"rendered":"Uusio PE-Arctic filmid"},"content":{"rendered":"","protected":false},"excerpt":{"rendered":"<p>Uus kile on mugav viis erinevate toodete kaitsmiseks ja pakendamiseks ning lehtkile on ideaalne kaubaaluse pealmise osa kaitsmiseks, n\u00e4iteks masinaga pakkimisel. Uue materjalist valmistatud lame kile on tunduvalt odavam toota kui neitsi kile ja keskkonnas\u00f5bralikum variant. Kile on perforeeritud rullile ja lehte on lihtne lahti rebida. Uusio PE-kile on saadaval l\u00e4bipaistva v\u00f5i valge ja ka UV-kaitsega. Palun k\u00fcsige ka teisi v\u00e4rve ja funktsioone. 200-250 lehte rulli kohta s\u00f5ltuvalt rulli kaalust.<\/p>\n<p>K\u00f5ik meie kiled on 100% taaskasutatavad.<\/p>\n","protected":false},"author":9,"featured_media":10103,"comment_status":"closed","ping_status":"closed","template":"","product_brand":[],"product_cat":[511],"product_tag":[534,531],"asiantuntija":[],"paamies":[],"healthcare":[],"pakkausmateriaalit":[510,530],"merkinta":[],"pakkauskoneet":[],"leipomoille":[],"tarkennus":[574,575],"outlet":[],"class_list":{"0":"post-12599","1":"product","2":"type-product","3":"status-publish","4":"has-post-thumbnail","6":"product_cat-pakendimaterjalid","7":"product_tag-ecortex-et","8":"product_tag-membraanid","9":"pakkausmateriaalit-ecortex-et","10":"pakkausmateriaalit-muud-kiled","11":"tarkennus-kaitsekorkid-otsakud","12":"tarkennus-uued-membraanid","14":"first","15":"instock","16":"taxable","17":"shipping-taxable","18":"purchasable","19":"product-type-variable"},"_links":{"self":[{"href":"https:\/\/cortex.fi\/et\/wp-json\/wp\/v2\/product\/12599","targetHints":{"allow":["GET"]}}],"collection":[{"href":"https:\/\/cortex.fi\/et\/wp-json\/wp\/v2\/product"}],"about":[{"href":"https:\/\/cortex.fi\/et\/wp-json\/wp\/v2\/types\/product"}],"author":[{"embeddable":true,"href":"https:\/\/cortex.fi\/et\/wp-json\/wp\/v2\/users\/9"}],"replies":[{"embeddable":true,"href":"https:\/\/cortex.fi\/et\/wp-json\/wp\/v2\/comments?post=12599"}],"wp:featuredmedia":[{"embeddable":true,"href":"https:\/\/cortex.fi\/et\/wp-json\/wp\/v2\/media\/10103"}],"wp:attachment":[{"href":"https:\/\/cortex.fi\/et\/wp-json\/wp\/v2\/media?parent=12599"}],"wp:term":[{"taxonomy":"product_brand","embeddable":true,"href":"https:\/\/cortex.fi\/et\/wp-json\/wp\/v2\/product_brand?post=12599"},{"taxonomy":"product_cat","embeddable":true,"href":"https:\/\/cortex.fi\/et\/wp-json\/wp\/v2\/product_cat?post=12599"},{"taxonomy":"product_tag","embeddable":true,"href":"https:\/\/cortex.fi\/et\/wp-json\/wp\/v2\/product_tag?post=12599"},{"taxonomy":"asiantuntija","embeddable":true,"href":"https:\/\/cortex.fi\/et\/wp-json\/wp\/v2\/asiantuntija?post=12599"},{"taxonomy":"paamies","embeddable":true,"href":"https:\/\/cortex.fi\/et\/wp-json\/wp\/v2\/paamies?post=12599"},{"taxonomy":"healthcare","embeddable":true,"href":"https:\/\/cortex.fi\/et\/wp-json\/wp\/v2\/healthcare?post=12599"},{"taxonomy":"pakkausmateriaalit","embeddable":true,"href":"https:\/\/cortex.fi\/et\/wp-json\/wp\/v2\/pakkausmateriaalit?post=12599"},{"taxonomy":"merkinta","embeddable":true,"href":"https:\/\/cortex.fi\/et\/wp-json\/wp\/v2\/merkinta?post=12599"},{"taxonomy":"pakkauskoneet","embeddable":true,"href":"https:\/\/cortex.fi\/et\/wp-json\/wp\/v2\/pakkauskoneet?post=12599"},{"taxonomy":"leipomoille","embeddable":true,"href":"https:\/\/cortex.fi\/et\/wp-json\/wp\/v2\/leipomoille?post=12599"},{"taxonomy":"tarkennus","embeddable":true,"href":"https:\/\/cortex.fi\/et\/wp-json\/wp\/v2\/tarkennus?post=12599"},{"taxonomy":"outlet","embeddable":true,"href":"https:\/\/cortex.fi\/et\/wp-json\/wp\/v2\/outlet?post=12599"}],"curies":[{"name":"wp","href":"https:\/\/api.w.org\/{rel}","templated":true}]}}