{"id":12598,"date":"2023-03-30T18:40:21","date_gmt":"2023-03-30T15:40:21","guid":{"rendered":"https:\/\/cortex.fi\/tuote\/pudruvaanaja-daub-dr-robot-automatic\/"},"modified":"2023-03-30T18:40:21","modified_gmt":"2023-03-30T15:40:21","slug":"pudruvaanaja-daub-dr-robot-automatic","status":"publish","type":"product","link":"https:\/\/cortex.fi\/et\/tuote\/pudruvaanaja-daub-dr-robot-automatic\/","title":{"rendered":"Pudruv\u00e4\u00e4naja Daub DR Robot Automatic"},"content":{"rendered":"","protected":false},"excerpt":{"rendered":"<p>T\u00e4isautomaatne kuklite p\u00f6\u00f6rleja h\u00fcdraulilise jaoturi ja automaatse p\u00f6\u00f6rlemisega<\/p>\n<p>&nbsp;<\/p>\n<p>&nbsp;<\/p>\n","protected":false},"author":7,"featured_media":11045,"comment_status":"closed","ping_status":"closed","template":"","product_brand":[],"product_cat":[495],"product_tag":[571],"asiantuntija":[],"paamies":[],"healthcare":[],"pakkausmateriaalit":[],"merkinta":[],"pakkauskoneet":[],"leipomoille":[570],"tarkennus":[],"outlet":[],"class_list":{"0":"post-12598","1":"product","2":"type-product","3":"status-publish","4":"has-post-thumbnail","6":"product_cat-pagaritele","7":"product_tag-upshot","8":"leipomoille-upshot","10":"first","11":"instock","12":"taxable","13":"shipping-taxable","14":"purchasable","15":"product-type-simple"},"_links":{"self":[{"href":"https:\/\/cortex.fi\/et\/wp-json\/wp\/v2\/product\/12598","targetHints":{"allow":["GET"]}}],"collection":[{"href":"https:\/\/cortex.fi\/et\/wp-json\/wp\/v2\/product"}],"about":[{"href":"https:\/\/cortex.fi\/et\/wp-json\/wp\/v2\/types\/product"}],"author":[{"embeddable":true,"href":"https:\/\/cortex.fi\/et\/wp-json\/wp\/v2\/users\/7"}],"replies":[{"embeddable":true,"href":"https:\/\/cortex.fi\/et\/wp-json\/wp\/v2\/comments?post=12598"}],"wp:featuredmedia":[{"embeddable":true,"href":"https:\/\/cortex.fi\/et\/wp-json\/wp\/v2\/media\/11045"}],"wp:attachment":[{"href":"https:\/\/cortex.fi\/et\/wp-json\/wp\/v2\/media?parent=12598"}],"wp:term":[{"taxonomy":"product_brand","embeddable":true,"href":"https:\/\/cortex.fi\/et\/wp-json\/wp\/v2\/product_brand?post=12598"},{"taxonomy":"product_cat","embeddable":true,"href":"https:\/\/cortex.fi\/et\/wp-json\/wp\/v2\/product_cat?post=12598"},{"taxonomy":"product_tag","embeddable":true,"href":"https:\/\/cortex.fi\/et\/wp-json\/wp\/v2\/product_tag?post=12598"},{"taxonomy":"asiantuntija","embeddable":true,"href":"https:\/\/cortex.fi\/et\/wp-json\/wp\/v2\/asiantuntija?post=12598"},{"taxonomy":"paamies","embeddable":true,"href":"https:\/\/cortex.fi\/et\/wp-json\/wp\/v2\/paamies?post=12598"},{"taxonomy":"healthcare","embeddable":true,"href":"https:\/\/cortex.fi\/et\/wp-json\/wp\/v2\/healthcare?post=12598"},{"taxonomy":"pakkausmateriaalit","embeddable":true,"href":"https:\/\/cortex.fi\/et\/wp-json\/wp\/v2\/pakkausmateriaalit?post=12598"},{"taxonomy":"merkinta","embeddable":true,"href":"https:\/\/cortex.fi\/et\/wp-json\/wp\/v2\/merkinta?post=12598"},{"taxonomy":"pakkauskoneet","embeddable":true,"href":"https:\/\/cortex.fi\/et\/wp-json\/wp\/v2\/pakkauskoneet?post=12598"},{"taxonomy":"leipomoille","embeddable":true,"href":"https:\/\/cortex.fi\/et\/wp-json\/wp\/v2\/leipomoille?post=12598"},{"taxonomy":"tarkennus","embeddable":true,"href":"https:\/\/cortex.fi\/et\/wp-json\/wp\/v2\/tarkennus?post=12598"},{"taxonomy":"outlet","embeddable":true,"href":"https:\/\/cortex.fi\/et\/wp-json\/wp\/v2\/outlet?post=12598"}],"curies":[{"name":"wp","href":"https:\/\/api.w.org\/{rel}","templated":true}]}}