{"id":12597,"date":"2023-04-08T09:24:51","date_gmt":"2023-04-08T06:24:51","guid":{"rendered":"https:\/\/cortex.fi\/tuote\/kasitookile-poliflexx-10my\/"},"modified":"2023-04-08T09:24:51","modified_gmt":"2023-04-08T06:24:51","slug":"kasitookile-poliflexx-10my","status":"publish","type":"product","link":"https:\/\/cortex.fi\/et\/tuote\/kasitookile-poliflexx-10my\/","title":{"rendered":"K\u00e4sit\u00f6\u00f6kile POLIFLEXX 10my"},"content":{"rendered":"","protected":false},"excerpt":{"rendered":"<p>POLIFLEXX 10my k\u00e4sitsi venitatud kile on t\u00e4nu oma tehnilistele omadustele v\u00e4ga vastupidav ja suurep\u00e4rane alternatiiv traditsioonilisele 17-23my k\u00e4sitsi venitatud kilele.<br \/>\nTugevdatud servad hoiavad \u00e4ra rebenemise ja risttahendus stabiliseerib kaubaaluste koormuse kindlalt. T\u00e4nu selle suurep\u00e4rasele venivusele v\u00e4heneb tarbimine ja seega ka s\u00fcsiniku jalaj\u00e4lg. Kile on v\u00e4ga selge, mist\u00f5ttu on v\u00f6\u00f6tkoodi v\u00f5i muud teavet lihtne l\u00e4bi kilest lugeda.<br \/>\nPOLIFLEXX sobib toiduainete pakendamiseks (10\/2011\/E\u00dc).<\/p>\n","protected":false},"author":9,"featured_media":10664,"comment_status":"closed","ping_status":"closed","template":"","product_brand":[],"product_cat":[511],"product_tag":[534,512],"asiantuntija":[],"paamies":[],"healthcare":[],"pakkausmateriaalit":[510,509],"merkinta":[],"pakkauskoneet":[],"leipomoille":[],"tarkennus":[513],"outlet":[],"class_list":{"0":"post-12597","1":"product","2":"type-product","3":"status-publish","4":"has-post-thumbnail","6":"product_cat-pakendimaterjalid","7":"product_tag-ecortex-et","8":"product_tag-toodeldud-kiled","9":"pakkausmateriaalit-ecortex-et","10":"pakkausmateriaalit-toodeldud-kiled","11":"tarkennus-kasitsi-valmistatud-moobel","13":"first","14":"instock","15":"taxable","16":"shipping-taxable","17":"purchasable","18":"product-type-simple"},"_links":{"self":[{"href":"https:\/\/cortex.fi\/et\/wp-json\/wp\/v2\/product\/12597","targetHints":{"allow":["GET"]}}],"collection":[{"href":"https:\/\/cortex.fi\/et\/wp-json\/wp\/v2\/product"}],"about":[{"href":"https:\/\/cortex.fi\/et\/wp-json\/wp\/v2\/types\/product"}],"author":[{"embeddable":true,"href":"https:\/\/cortex.fi\/et\/wp-json\/wp\/v2\/users\/9"}],"replies":[{"embeddable":true,"href":"https:\/\/cortex.fi\/et\/wp-json\/wp\/v2\/comments?post=12597"}],"wp:featuredmedia":[{"embeddable":true,"href":"https:\/\/cortex.fi\/et\/wp-json\/wp\/v2\/media\/10664"}],"wp:attachment":[{"href":"https:\/\/cortex.fi\/et\/wp-json\/wp\/v2\/media?parent=12597"}],"wp:term":[{"taxonomy":"product_brand","embeddable":true,"href":"https:\/\/cortex.fi\/et\/wp-json\/wp\/v2\/product_brand?post=12597"},{"taxonomy":"product_cat","embeddable":true,"href":"https:\/\/cortex.fi\/et\/wp-json\/wp\/v2\/product_cat?post=12597"},{"taxonomy":"product_tag","embeddable":true,"href":"https:\/\/cortex.fi\/et\/wp-json\/wp\/v2\/product_tag?post=12597"},{"taxonomy":"asiantuntija","embeddable":true,"href":"https:\/\/cortex.fi\/et\/wp-json\/wp\/v2\/asiantuntija?post=12597"},{"taxonomy":"paamies","embeddable":true,"href":"https:\/\/cortex.fi\/et\/wp-json\/wp\/v2\/paamies?post=12597"},{"taxonomy":"healthcare","embeddable":true,"href":"https:\/\/cortex.fi\/et\/wp-json\/wp\/v2\/healthcare?post=12597"},{"taxonomy":"pakkausmateriaalit","embeddable":true,"href":"https:\/\/cortex.fi\/et\/wp-json\/wp\/v2\/pakkausmateriaalit?post=12597"},{"taxonomy":"merkinta","embeddable":true,"href":"https:\/\/cortex.fi\/et\/wp-json\/wp\/v2\/merkinta?post=12597"},{"taxonomy":"pakkauskoneet","embeddable":true,"href":"https:\/\/cortex.fi\/et\/wp-json\/wp\/v2\/pakkauskoneet?post=12597"},{"taxonomy":"leipomoille","embeddable":true,"href":"https:\/\/cortex.fi\/et\/wp-json\/wp\/v2\/leipomoille?post=12597"},{"taxonomy":"tarkennus","embeddable":true,"href":"https:\/\/cortex.fi\/et\/wp-json\/wp\/v2\/tarkennus?post=12597"},{"taxonomy":"outlet","embeddable":true,"href":"https:\/\/cortex.fi\/et\/wp-json\/wp\/v2\/outlet?post=12597"}],"curies":[{"name":"wp","href":"https:\/\/api.w.org\/{rel}","templated":true}]}}