{"id":12594,"date":"2023-03-31T10:11:39","date_gmt":"2023-03-31T07:11:39","guid":{"rendered":"https:\/\/cortex.fi\/tuote\/primera-lx500ec-varviline-sildiprinter\/"},"modified":"2023-03-31T10:11:39","modified_gmt":"2023-03-31T07:11:39","slug":"primera-lx500ec-varviline-sildiprinter","status":"publish","type":"product","link":"https:\/\/cortex.fi\/et\/tuote\/primera-lx500ec-varviline-sildiprinter\/","title":{"rendered":"Primera LX500ec v\u00e4rviline sildiprinter"},"content":{"rendered":"","protected":false},"excerpt":{"rendered":"<p>Primera LX500ec v\u00e4rvilise etiketiprinteriga saate printida kiiresti, lihtsalt ja taskukohaselt. Printer on v\u00e4ike, kerge ja ideaalne printimiseks, kui mahud on m\u00f5\u00f5dukad, kuid kvaliteet peab olema esmaklassiline.<\/p>\n","protected":false},"author":6,"featured_media":11063,"comment_status":"closed","ping_status":"closed","template":"","product_brand":[],"product_cat":[519],"product_tag":[520],"asiantuntija":[],"paamies":[],"healthcare":[517],"pakkausmateriaalit":[],"merkinta":[518],"pakkauskoneet":[],"leipomoille":[],"tarkennus":[],"outlet":[],"class_list":{"0":"post-12594","1":"product","2":"type-product","3":"status-publish","4":"has-post-thumbnail","6":"product_cat-sisestus","7":"product_tag-lauaprinterid","8":"healthcare-margistussusteemid-farmaatsiatoostusele","9":"merkinta-lauaprinterid","11":"first","12":"instock","13":"taxable","14":"shipping-taxable","15":"purchasable","16":"product-type-simple"},"_links":{"self":[{"href":"https:\/\/cortex.fi\/et\/wp-json\/wp\/v2\/product\/12594","targetHints":{"allow":["GET"]}}],"collection":[{"href":"https:\/\/cortex.fi\/et\/wp-json\/wp\/v2\/product"}],"about":[{"href":"https:\/\/cortex.fi\/et\/wp-json\/wp\/v2\/types\/product"}],"author":[{"embeddable":true,"href":"https:\/\/cortex.fi\/et\/wp-json\/wp\/v2\/users\/6"}],"replies":[{"embeddable":true,"href":"https:\/\/cortex.fi\/et\/wp-json\/wp\/v2\/comments?post=12594"}],"wp:featuredmedia":[{"embeddable":true,"href":"https:\/\/cortex.fi\/et\/wp-json\/wp\/v2\/media\/11063"}],"wp:attachment":[{"href":"https:\/\/cortex.fi\/et\/wp-json\/wp\/v2\/media?parent=12594"}],"wp:term":[{"taxonomy":"product_brand","embeddable":true,"href":"https:\/\/cortex.fi\/et\/wp-json\/wp\/v2\/product_brand?post=12594"},{"taxonomy":"product_cat","embeddable":true,"href":"https:\/\/cortex.fi\/et\/wp-json\/wp\/v2\/product_cat?post=12594"},{"taxonomy":"product_tag","embeddable":true,"href":"https:\/\/cortex.fi\/et\/wp-json\/wp\/v2\/product_tag?post=12594"},{"taxonomy":"asiantuntija","embeddable":true,"href":"https:\/\/cortex.fi\/et\/wp-json\/wp\/v2\/asiantuntija?post=12594"},{"taxonomy":"paamies","embeddable":true,"href":"https:\/\/cortex.fi\/et\/wp-json\/wp\/v2\/paamies?post=12594"},{"taxonomy":"healthcare","embeddable":true,"href":"https:\/\/cortex.fi\/et\/wp-json\/wp\/v2\/healthcare?post=12594"},{"taxonomy":"pakkausmateriaalit","embeddable":true,"href":"https:\/\/cortex.fi\/et\/wp-json\/wp\/v2\/pakkausmateriaalit?post=12594"},{"taxonomy":"merkinta","embeddable":true,"href":"https:\/\/cortex.fi\/et\/wp-json\/wp\/v2\/merkinta?post=12594"},{"taxonomy":"pakkauskoneet","embeddable":true,"href":"https:\/\/cortex.fi\/et\/wp-json\/wp\/v2\/pakkauskoneet?post=12594"},{"taxonomy":"leipomoille","embeddable":true,"href":"https:\/\/cortex.fi\/et\/wp-json\/wp\/v2\/leipomoille?post=12594"},{"taxonomy":"tarkennus","embeddable":true,"href":"https:\/\/cortex.fi\/et\/wp-json\/wp\/v2\/tarkennus?post=12594"},{"taxonomy":"outlet","embeddable":true,"href":"https:\/\/cortex.fi\/et\/wp-json\/wp\/v2\/outlet?post=12594"}],"curies":[{"name":"wp","href":"https:\/\/api.w.org\/{rel}","templated":true}]}}