{"id":12591,"date":"2023-03-31T14:53:13","date_gmt":"2023-03-31T11:53:13","guid":{"rendered":"https:\/\/cortex.fi\/tuote\/box-endine-robopac-superbox-6\/"},"modified":"2024-05-13T15:36:38","modified_gmt":"2024-05-13T12:36:38","slug":"box-endine-robopac-superbox-6","status":"publish","type":"product","link":"https:\/\/cortex.fi\/et\/tuote\/box-endine-robopac-superbox-6\/","title":{"rendered":"Box endine Robopac Superbox 6"},"content":{"rendered":"","protected":false},"excerpt":{"rendered":"<p>Robopac Superbox 6HD<\/p>\n<p>Superbox 6 HD on automaatne kastivormija Fefco 0201 lainepapist kastide jaoks. Masin korjab, avab, voldib, vormib ja l\u00f5puks kleebib karbi p\u00f5hja.<\/p>\n<p>Masin saab t\u00f6\u00f6delda peaaegu k\u00f5iki turul olevaid teibit\u00fc\u00fcpe, sealhulgas paberkandjalint.<\/p>\n<p>Seadme standardvarustuses on t\u00fchi kassett 50-60 kasti failide jaoks.<br \/>\nValikuline t\u00fchi kassett on saadaval 100-120 kasti failide jaoks kas k\u00e4sitsi v\u00f5i mootoriga.<\/p>\n<p>T\u00f6\u00f6ts\u00fckkel:<br \/>\nK\u00f5igepealt sisestatakse t\u00fchja kassetist v\u00e4lja v\u00f5etud kasti toorik masina sisse ja toorik avatakse.<br \/>\nTeises etapis volditakse ja teibitakse kasti alumised otsad.<\/p>\n<p>Kastide suuruse reguleerimine toimub viie k\u00e4sitsi reguleeritava ratta abil, samuti kastide peatuste, imemispeade ja t\u00fchja kasseti reguleerimine.<\/p>\n","protected":false},"author":8,"featured_media":11123,"comment_status":"closed","ping_status":"closed","template":"","product_brand":[],"product_cat":[526],"product_tag":[538],"asiantuntija":[],"paamies":[],"healthcare":[],"pakkausmateriaalit":[],"merkinta":[],"pakkauskoneet":[537],"leipomoille":[],"tarkennus":[],"outlet":[],"class_list":{"0":"post-12591","1":"product","2":"type-product","3":"status-publish","4":"has-post-thumbnail","6":"product_cat-pakendamismasinad","7":"product_tag-lindimasinad-ja-karbivormijad","8":"pakkauskoneet-lindimasinad-ja-karbivormijad","10":"first","11":"instock","12":"taxable","13":"shipping-taxable","14":"purchasable","15":"product-type-simple"},"_links":{"self":[{"href":"https:\/\/cortex.fi\/et\/wp-json\/wp\/v2\/product\/12591","targetHints":{"allow":["GET"]}}],"collection":[{"href":"https:\/\/cortex.fi\/et\/wp-json\/wp\/v2\/product"}],"about":[{"href":"https:\/\/cortex.fi\/et\/wp-json\/wp\/v2\/types\/product"}],"author":[{"embeddable":true,"href":"https:\/\/cortex.fi\/et\/wp-json\/wp\/v2\/users\/8"}],"replies":[{"embeddable":true,"href":"https:\/\/cortex.fi\/et\/wp-json\/wp\/v2\/comments?post=12591"}],"wp:featuredmedia":[{"embeddable":true,"href":"https:\/\/cortex.fi\/et\/wp-json\/wp\/v2\/media\/11123"}],"wp:attachment":[{"href":"https:\/\/cortex.fi\/et\/wp-json\/wp\/v2\/media?parent=12591"}],"wp:term":[{"taxonomy":"product_brand","embeddable":true,"href":"https:\/\/cortex.fi\/et\/wp-json\/wp\/v2\/product_brand?post=12591"},{"taxonomy":"product_cat","embeddable":true,"href":"https:\/\/cortex.fi\/et\/wp-json\/wp\/v2\/product_cat?post=12591"},{"taxonomy":"product_tag","embeddable":true,"href":"https:\/\/cortex.fi\/et\/wp-json\/wp\/v2\/product_tag?post=12591"},{"taxonomy":"asiantuntija","embeddable":true,"href":"https:\/\/cortex.fi\/et\/wp-json\/wp\/v2\/asiantuntija?post=12591"},{"taxonomy":"paamies","embeddable":true,"href":"https:\/\/cortex.fi\/et\/wp-json\/wp\/v2\/paamies?post=12591"},{"taxonomy":"healthcare","embeddable":true,"href":"https:\/\/cortex.fi\/et\/wp-json\/wp\/v2\/healthcare?post=12591"},{"taxonomy":"pakkausmateriaalit","embeddable":true,"href":"https:\/\/cortex.fi\/et\/wp-json\/wp\/v2\/pakkausmateriaalit?post=12591"},{"taxonomy":"merkinta","embeddable":true,"href":"https:\/\/cortex.fi\/et\/wp-json\/wp\/v2\/merkinta?post=12591"},{"taxonomy":"pakkauskoneet","embeddable":true,"href":"https:\/\/cortex.fi\/et\/wp-json\/wp\/v2\/pakkauskoneet?post=12591"},{"taxonomy":"leipomoille","embeddable":true,"href":"https:\/\/cortex.fi\/et\/wp-json\/wp\/v2\/leipomoille?post=12591"},{"taxonomy":"tarkennus","embeddable":true,"href":"https:\/\/cortex.fi\/et\/wp-json\/wp\/v2\/tarkennus?post=12591"},{"taxonomy":"outlet","embeddable":true,"href":"https:\/\/cortex.fi\/et\/wp-json\/wp\/v2\/outlet?post=12591"}],"curies":[{"name":"wp","href":"https:\/\/api.w.org\/{rel}","templated":true}]}}