{"id":12589,"date":"2023-04-07T12:45:54","date_gmt":"2023-04-07T09:45:54","guid":{"rendered":"https:\/\/cortex.fi\/tuote\/nurgakaitse-l-profiil\/"},"modified":"2024-05-13T15:36:37","modified_gmt":"2024-05-13T12:36:37","slug":"nurgakaitse-l-profiil","status":"publish","type":"product","link":"https:\/\/cortex.fi\/et\/tuote\/nurgakaitse-l-profiil\/","title":{"rendered":"Nurgakaitse L-profiil"},"content":{"rendered":"","protected":false},"excerpt":{"rendered":"<p>Nurgakaitsmeid kasutatakse n\u00e4iteks kaubaaluste nurkades, et kaitsta serva kokkusurumise eest, lauaplaatide ja uste nurkade kaitsmiseks ning purunevate toodete, n\u00e4iteks klaasi servade kaitsmiseks. Saadaval valge, pruun v\u00f5i tr\u00fckitud kujul. Tootmisprotsessis kasutatav papp on 100% ringlussev\u00f5etud paber. On olemas suur valik eri suuruses, paksusega, katte ja profiiliga nurgakaitsmeid.<\/p>\n<p>K\u00f5iki nurgakaitsmeid saab kohandada vastavalt kliendi vajadustele.<\/p>\n","protected":false},"author":9,"featured_media":10639,"comment_status":"closed","ping_status":"closed","template":"","product_brand":[],"product_cat":[511],"product_tag":[534,567],"asiantuntija":[],"paamies":[],"healthcare":[],"pakkausmateriaalit":[510,566],"merkinta":[],"pakkauskoneet":[],"leipomoille":[],"tarkennus":[568],"outlet":[],"class_list":{"0":"post-12589","1":"product","2":"type-product","3":"status-publish","4":"has-post-thumbnail","6":"product_cat-pakendimaterjalid","7":"product_tag-ecortex-et","8":"product_tag-nurgakaitsmed","9":"pakkausmateriaalit-ecortex-et","10":"pakkausmateriaalit-nurgakaitsmed","11":"tarkennus-l-profiilid","13":"first","14":"instock","15":"taxable","16":"shipping-taxable","17":"purchasable","18":"product-type-simple"},"_links":{"self":[{"href":"https:\/\/cortex.fi\/et\/wp-json\/wp\/v2\/product\/12589","targetHints":{"allow":["GET"]}}],"collection":[{"href":"https:\/\/cortex.fi\/et\/wp-json\/wp\/v2\/product"}],"about":[{"href":"https:\/\/cortex.fi\/et\/wp-json\/wp\/v2\/types\/product"}],"author":[{"embeddable":true,"href":"https:\/\/cortex.fi\/et\/wp-json\/wp\/v2\/users\/9"}],"replies":[{"embeddable":true,"href":"https:\/\/cortex.fi\/et\/wp-json\/wp\/v2\/comments?post=12589"}],"wp:featuredmedia":[{"embeddable":true,"href":"https:\/\/cortex.fi\/et\/wp-json\/wp\/v2\/media\/10639"}],"wp:attachment":[{"href":"https:\/\/cortex.fi\/et\/wp-json\/wp\/v2\/media?parent=12589"}],"wp:term":[{"taxonomy":"product_brand","embeddable":true,"href":"https:\/\/cortex.fi\/et\/wp-json\/wp\/v2\/product_brand?post=12589"},{"taxonomy":"product_cat","embeddable":true,"href":"https:\/\/cortex.fi\/et\/wp-json\/wp\/v2\/product_cat?post=12589"},{"taxonomy":"product_tag","embeddable":true,"href":"https:\/\/cortex.fi\/et\/wp-json\/wp\/v2\/product_tag?post=12589"},{"taxonomy":"asiantuntija","embeddable":true,"href":"https:\/\/cortex.fi\/et\/wp-json\/wp\/v2\/asiantuntija?post=12589"},{"taxonomy":"paamies","embeddable":true,"href":"https:\/\/cortex.fi\/et\/wp-json\/wp\/v2\/paamies?post=12589"},{"taxonomy":"healthcare","embeddable":true,"href":"https:\/\/cortex.fi\/et\/wp-json\/wp\/v2\/healthcare?post=12589"},{"taxonomy":"pakkausmateriaalit","embeddable":true,"href":"https:\/\/cortex.fi\/et\/wp-json\/wp\/v2\/pakkausmateriaalit?post=12589"},{"taxonomy":"merkinta","embeddable":true,"href":"https:\/\/cortex.fi\/et\/wp-json\/wp\/v2\/merkinta?post=12589"},{"taxonomy":"pakkauskoneet","embeddable":true,"href":"https:\/\/cortex.fi\/et\/wp-json\/wp\/v2\/pakkauskoneet?post=12589"},{"taxonomy":"leipomoille","embeddable":true,"href":"https:\/\/cortex.fi\/et\/wp-json\/wp\/v2\/leipomoille?post=12589"},{"taxonomy":"tarkennus","embeddable":true,"href":"https:\/\/cortex.fi\/et\/wp-json\/wp\/v2\/tarkennus?post=12589"},{"taxonomy":"outlet","embeddable":true,"href":"https:\/\/cortex.fi\/et\/wp-json\/wp\/v2\/outlet?post=12589"}],"curies":[{"name":"wp","href":"https:\/\/api.w.org\/{rel}","templated":true}]}}