{"id":12587,"date":"2023-03-31T10:42:05","date_gmt":"2023-03-31T07:42:05","guid":{"rendered":"https:\/\/cortex.fi\/tuote\/masinakotid\/"},"modified":"2024-05-13T15:36:39","modified_gmt":"2024-05-13T12:36:39","slug":"masinakotid","status":"publish","type":"product","link":"https:\/\/cortex.fi\/et\/tuote\/masinakotid\/","title":{"rendered":"Masinakotid"},"content":{"rendered":"","protected":false},"excerpt":{"rendered":"<p>Masinakotid on m\u00f5eldud automaatsete pakendamisliinide jaoks, kus kotid jooksevad ketikonveieril ja avatakse automaatselt t\u00e4itmiskohas. P\u00e4rast t\u00e4itmist sisestatakse kotid \u00f5mblusmasinasse ja kantliin l\u00f5igatakse \u00e4ra, mille tulemusena kotid eralduvad. Kottide suurust saab kohandada vastavalt teie vajadustele ja need v\u00f5ivad olla varustatud n\u00e4iteks Eur-riba lugeja, pappkrae v\u00f5i teie enda 8-v\u00e4rvitr\u00fckiga. Kottide tarneaeg on umbes 3-4 n\u00e4dalat.<\/p>\n","protected":false},"author":9,"featured_media":11069,"comment_status":"closed","ping_status":"closed","template":"","product_brand":[],"product_cat":[511],"product_tag":[563],"asiantuntija":[],"paamies":[],"healthcare":[],"pakkausmateriaalit":[562],"merkinta":[],"pakkauskoneet":[],"leipomoille":[],"tarkennus":[565],"outlet":[],"class_list":{"0":"post-12587","1":"product","2":"type-product","3":"status-publish","4":"has-post-thumbnail","6":"product_cat-pakendimaterjalid","7":"product_tag-kotid-ja-jaatmekotid","8":"pakkausmateriaalit-kotid-ja-jaatmekotid","9":"tarkennus-masinakotid-joker","11":"first","12":"instock","13":"taxable","14":"shipping-taxable","15":"purchasable","16":"product-type-variable"},"_links":{"self":[{"href":"https:\/\/cortex.fi\/et\/wp-json\/wp\/v2\/product\/12587","targetHints":{"allow":["GET"]}}],"collection":[{"href":"https:\/\/cortex.fi\/et\/wp-json\/wp\/v2\/product"}],"about":[{"href":"https:\/\/cortex.fi\/et\/wp-json\/wp\/v2\/types\/product"}],"author":[{"embeddable":true,"href":"https:\/\/cortex.fi\/et\/wp-json\/wp\/v2\/users\/9"}],"replies":[{"embeddable":true,"href":"https:\/\/cortex.fi\/et\/wp-json\/wp\/v2\/comments?post=12587"}],"wp:featuredmedia":[{"embeddable":true,"href":"https:\/\/cortex.fi\/et\/wp-json\/wp\/v2\/media\/11069"}],"wp:attachment":[{"href":"https:\/\/cortex.fi\/et\/wp-json\/wp\/v2\/media?parent=12587"}],"wp:term":[{"taxonomy":"product_brand","embeddable":true,"href":"https:\/\/cortex.fi\/et\/wp-json\/wp\/v2\/product_brand?post=12587"},{"taxonomy":"product_cat","embeddable":true,"href":"https:\/\/cortex.fi\/et\/wp-json\/wp\/v2\/product_cat?post=12587"},{"taxonomy":"product_tag","embeddable":true,"href":"https:\/\/cortex.fi\/et\/wp-json\/wp\/v2\/product_tag?post=12587"},{"taxonomy":"asiantuntija","embeddable":true,"href":"https:\/\/cortex.fi\/et\/wp-json\/wp\/v2\/asiantuntija?post=12587"},{"taxonomy":"paamies","embeddable":true,"href":"https:\/\/cortex.fi\/et\/wp-json\/wp\/v2\/paamies?post=12587"},{"taxonomy":"healthcare","embeddable":true,"href":"https:\/\/cortex.fi\/et\/wp-json\/wp\/v2\/healthcare?post=12587"},{"taxonomy":"pakkausmateriaalit","embeddable":true,"href":"https:\/\/cortex.fi\/et\/wp-json\/wp\/v2\/pakkausmateriaalit?post=12587"},{"taxonomy":"merkinta","embeddable":true,"href":"https:\/\/cortex.fi\/et\/wp-json\/wp\/v2\/merkinta?post=12587"},{"taxonomy":"pakkauskoneet","embeddable":true,"href":"https:\/\/cortex.fi\/et\/wp-json\/wp\/v2\/pakkauskoneet?post=12587"},{"taxonomy":"leipomoille","embeddable":true,"href":"https:\/\/cortex.fi\/et\/wp-json\/wp\/v2\/leipomoille?post=12587"},{"taxonomy":"tarkennus","embeddable":true,"href":"https:\/\/cortex.fi\/et\/wp-json\/wp\/v2\/tarkennus?post=12587"},{"taxonomy":"outlet","embeddable":true,"href":"https:\/\/cortex.fi\/et\/wp-json\/wp\/v2\/outlet?post=12587"}],"curies":[{"name":"wp","href":"https:\/\/api.w.org\/{rel}","templated":true}]}}