{"id":12584,"date":"2023-04-03T15:54:34","date_gmt":"2023-04-03T12:54:34","guid":{"rendered":"https:\/\/cortex.fi\/tuote\/betti-vertikaalsed-korpusmasinad\/"},"modified":"2024-05-13T15:36:36","modified_gmt":"2024-05-13T12:36:36","slug":"betti-vertikaalsed-korpusmasinad","status":"publish","type":"product","link":"https:\/\/cortex.fi\/et\/tuote\/betti-vertikaalsed-korpusmasinad\/","title":{"rendered":"Betti &#8211; Vertikaalsed korpusmasinad"},"content":{"rendered":"","protected":false},"excerpt":{"rendered":"<p>BETTI on olnud pakendimasinate tootja alates 1955. aastast.<\/p>\n<p>Betti tootevalikusse kuuluvad vertikaalsed kaanetamismasinad, mitmesugused t\u00e4itmismasinad ja lainerpaberid.<br \/>\nSaadaval on erinevaid masinaid liinikiirusega 360 kasti\/min, 120 purki\/min v\u00f5i 32 ap-kasti\/min.<\/p>\n<p>T\u00e4nu t\u00e4iustatud modulaarkonstruktsioonile saab masinaid ehitada vastavalt teie erivajadustele.<br \/>\nS\u00f5ltuvalt tootest ja lahendusest saab \u00fches ja samas masinas kombineerida mitmesuguseid funktsioone.<br \/>\nSee v\u00f5imaldab kasutada samal masinal mitut erinevat s\u00f6\u00f6tjat erinevate toodete ja erinevate pakendistruktuuride jaoks, ilma et pakendi suuruse muutmisel kaotataks kiirust.<\/p>\n","protected":false},"author":5,"featured_media":11091,"comment_status":"closed","ping_status":"closed","template":"","product_brand":[],"product_cat":[526],"product_tag":[561],"asiantuntija":[],"paamies":[],"healthcare":[],"pakkausmateriaalit":[],"merkinta":[],"pakkauskoneet":[560],"leipomoille":[],"tarkennus":[],"outlet":[],"class_list":{"0":"post-12584","1":"product","2":"type-product","3":"status-publish","4":"has-post-thumbnail","6":"product_cat-pakendamismasinad","7":"product_tag-pakkimis-ja-kastipakkimismasinad","8":"pakkauskoneet-pakkimis-ja-kastipakkimismasinad","10":"first","11":"instock","12":"taxable","13":"shipping-taxable","14":"purchasable","15":"product-type-simple"},"_links":{"self":[{"href":"https:\/\/cortex.fi\/et\/wp-json\/wp\/v2\/product\/12584","targetHints":{"allow":["GET"]}}],"collection":[{"href":"https:\/\/cortex.fi\/et\/wp-json\/wp\/v2\/product"}],"about":[{"href":"https:\/\/cortex.fi\/et\/wp-json\/wp\/v2\/types\/product"}],"author":[{"embeddable":true,"href":"https:\/\/cortex.fi\/et\/wp-json\/wp\/v2\/users\/5"}],"replies":[{"embeddable":true,"href":"https:\/\/cortex.fi\/et\/wp-json\/wp\/v2\/comments?post=12584"}],"wp:featuredmedia":[{"embeddable":true,"href":"https:\/\/cortex.fi\/et\/wp-json\/wp\/v2\/media\/11091"}],"wp:attachment":[{"href":"https:\/\/cortex.fi\/et\/wp-json\/wp\/v2\/media?parent=12584"}],"wp:term":[{"taxonomy":"product_brand","embeddable":true,"href":"https:\/\/cortex.fi\/et\/wp-json\/wp\/v2\/product_brand?post=12584"},{"taxonomy":"product_cat","embeddable":true,"href":"https:\/\/cortex.fi\/et\/wp-json\/wp\/v2\/product_cat?post=12584"},{"taxonomy":"product_tag","embeddable":true,"href":"https:\/\/cortex.fi\/et\/wp-json\/wp\/v2\/product_tag?post=12584"},{"taxonomy":"asiantuntija","embeddable":true,"href":"https:\/\/cortex.fi\/et\/wp-json\/wp\/v2\/asiantuntija?post=12584"},{"taxonomy":"paamies","embeddable":true,"href":"https:\/\/cortex.fi\/et\/wp-json\/wp\/v2\/paamies?post=12584"},{"taxonomy":"healthcare","embeddable":true,"href":"https:\/\/cortex.fi\/et\/wp-json\/wp\/v2\/healthcare?post=12584"},{"taxonomy":"pakkausmateriaalit","embeddable":true,"href":"https:\/\/cortex.fi\/et\/wp-json\/wp\/v2\/pakkausmateriaalit?post=12584"},{"taxonomy":"merkinta","embeddable":true,"href":"https:\/\/cortex.fi\/et\/wp-json\/wp\/v2\/merkinta?post=12584"},{"taxonomy":"pakkauskoneet","embeddable":true,"href":"https:\/\/cortex.fi\/et\/wp-json\/wp\/v2\/pakkauskoneet?post=12584"},{"taxonomy":"leipomoille","embeddable":true,"href":"https:\/\/cortex.fi\/et\/wp-json\/wp\/v2\/leipomoille?post=12584"},{"taxonomy":"tarkennus","embeddable":true,"href":"https:\/\/cortex.fi\/et\/wp-json\/wp\/v2\/tarkennus?post=12584"},{"taxonomy":"outlet","embeddable":true,"href":"https:\/\/cortex.fi\/et\/wp-json\/wp\/v2\/outlet?post=12584"}],"curies":[{"name":"wp","href":"https:\/\/api.w.org\/{rel}","templated":true}]}}