{"id":12583,"date":"2023-04-04T15:47:58","date_gmt":"2023-04-04T12:47:58","guid":{"rendered":"https:\/\/cortex.fi\/tuote\/ragner-automation-a-s-lopp-pakendamis-ja-pakkimissusteemid\/"},"modified":"2023-04-04T15:47:58","modified_gmt":"2023-04-04T12:47:58","slug":"ragner-automation-a-s-lopp-pakendamis-ja-pakkimissusteemid","status":"publish","type":"product","link":"https:\/\/cortex.fi\/et\/tuote\/ragner-automation-a-s-lopp-pakendamis-ja-pakkimissusteemid\/","title":{"rendered":"Ragner Automation A\/S &#8211; l\u00f5pp-pakendamis- ja pakkimiss\u00fcsteemid"},"content":{"rendered":"","protected":false},"excerpt":{"rendered":"<p>Ragner Automation A\/S on taani pakendamis- ja kaubaaluste valmistamise s\u00fcsteemide tootja.<br \/>\nRagner projekteerib ja toodab laias valikus kohandatud automaatikas\u00fcsteeme, alates \u00fcksikutest kastivormijatest kuni suuremahuliste robotis\u00fcsteemideni, kasutades tuntud ja kvaliteetseid tootmiskomponente, nagu Siemens, Festo, Yaskawa jne.<br \/>\nK\u00f5ik Ragneri pakendamismasinad on valmistatud roostevabast terasest, et t\u00e4ita h\u00fcgieenin\u00f5udeid.<\/p>\n","protected":false},"author":5,"featured_media":11098,"comment_status":"closed","ping_status":"closed","template":"","product_brand":[],"product_cat":[526],"product_tag":[561],"asiantuntija":[],"paamies":[],"healthcare":[],"pakkausmateriaalit":[],"merkinta":[],"pakkauskoneet":[560],"leipomoille":[],"tarkennus":[],"outlet":[],"class_list":{"0":"post-12583","1":"product","2":"type-product","3":"status-publish","4":"has-post-thumbnail","6":"product_cat-pakendamismasinad","7":"product_tag-pakkimis-ja-kastipakkimismasinad","8":"pakkauskoneet-pakkimis-ja-kastipakkimismasinad","10":"first","11":"instock","12":"taxable","13":"shipping-taxable","14":"purchasable","15":"product-type-simple"},"_links":{"self":[{"href":"https:\/\/cortex.fi\/et\/wp-json\/wp\/v2\/product\/12583","targetHints":{"allow":["GET"]}}],"collection":[{"href":"https:\/\/cortex.fi\/et\/wp-json\/wp\/v2\/product"}],"about":[{"href":"https:\/\/cortex.fi\/et\/wp-json\/wp\/v2\/types\/product"}],"author":[{"embeddable":true,"href":"https:\/\/cortex.fi\/et\/wp-json\/wp\/v2\/users\/5"}],"replies":[{"embeddable":true,"href":"https:\/\/cortex.fi\/et\/wp-json\/wp\/v2\/comments?post=12583"}],"wp:featuredmedia":[{"embeddable":true,"href":"https:\/\/cortex.fi\/et\/wp-json\/wp\/v2\/media\/11098"}],"wp:attachment":[{"href":"https:\/\/cortex.fi\/et\/wp-json\/wp\/v2\/media?parent=12583"}],"wp:term":[{"taxonomy":"product_brand","embeddable":true,"href":"https:\/\/cortex.fi\/et\/wp-json\/wp\/v2\/product_brand?post=12583"},{"taxonomy":"product_cat","embeddable":true,"href":"https:\/\/cortex.fi\/et\/wp-json\/wp\/v2\/product_cat?post=12583"},{"taxonomy":"product_tag","embeddable":true,"href":"https:\/\/cortex.fi\/et\/wp-json\/wp\/v2\/product_tag?post=12583"},{"taxonomy":"asiantuntija","embeddable":true,"href":"https:\/\/cortex.fi\/et\/wp-json\/wp\/v2\/asiantuntija?post=12583"},{"taxonomy":"paamies","embeddable":true,"href":"https:\/\/cortex.fi\/et\/wp-json\/wp\/v2\/paamies?post=12583"},{"taxonomy":"healthcare","embeddable":true,"href":"https:\/\/cortex.fi\/et\/wp-json\/wp\/v2\/healthcare?post=12583"},{"taxonomy":"pakkausmateriaalit","embeddable":true,"href":"https:\/\/cortex.fi\/et\/wp-json\/wp\/v2\/pakkausmateriaalit?post=12583"},{"taxonomy":"merkinta","embeddable":true,"href":"https:\/\/cortex.fi\/et\/wp-json\/wp\/v2\/merkinta?post=12583"},{"taxonomy":"pakkauskoneet","embeddable":true,"href":"https:\/\/cortex.fi\/et\/wp-json\/wp\/v2\/pakkauskoneet?post=12583"},{"taxonomy":"leipomoille","embeddable":true,"href":"https:\/\/cortex.fi\/et\/wp-json\/wp\/v2\/leipomoille?post=12583"},{"taxonomy":"tarkennus","embeddable":true,"href":"https:\/\/cortex.fi\/et\/wp-json\/wp\/v2\/tarkennus?post=12583"},{"taxonomy":"outlet","embeddable":true,"href":"https:\/\/cortex.fi\/et\/wp-json\/wp\/v2\/outlet?post=12583"}],"curies":[{"name":"wp","href":"https:\/\/api.w.org\/{rel}","templated":true}]}}