{"id":12580,"date":"2023-04-04T16:37:29","date_gmt":"2023-04-04T13:37:29","guid":{"rendered":"https:\/\/cortex.fi\/tuote\/flowpack-horisontaalne-pakendamismasin-pfm-swift\/"},"modified":"2023-04-04T16:37:29","modified_gmt":"2023-04-04T13:37:29","slug":"flowpack-horisontaalne-pakendamismasin-pfm-swift","status":"publish","type":"product","link":"https:\/\/cortex.fi\/et\/tuote\/flowpack-horisontaalne-pakendamismasin-pfm-swift\/","title":{"rendered":"Flowpack horisontaalne pakendamismasin PFM Swift"},"content":{"rendered":"","protected":false},"excerpt":{"rendered":"<p>Horisontaalses Flowpack-pakendamismasinas sisestatakse tooted masina sisselaskekonveierile kas sellisena v\u00f5i eraldi salvele asetatuna. Tooted suunatakse pakkimisjaama, kus rullist s\u00f6\u00f6detud pakkimiskile juhitakse s\u00f5ltuvalt mudelist kas toote peale v\u00f5i alla. Kile servad volditakse \u00fcmber toote ja l\u00f5puks kuumkinnitatakse. Pakendi otsad suletakse \u00f5mbluslappidega.<\/p>\n<p>PFM Swift on taskukohane ja sobib paljude toodete pakendamiseks. Masin t\u00f6\u00f6tab peamiselt mehaaniliselt, seda on lihtne kasutada ja kiiresti hooldada.<\/p>\n<p>Masin on standardselt varustatud reguleeritava vormimiskastiga ja seda saab tellida ka fikseeritud vormimiskastiga.<\/p>\n<p>Saadaval j\u00e4rgmiste kilematerjalidega:<br \/>\nkuumsuletatavad materjalid, nagu tselluloosip\u00f5hised kiled, kaetud kiled, pol\u00fcprop\u00fcleenkiled ja laminaatkiled jne.<\/p>\n<ul>\n<li>Vasikarulli laius: max. 500 mm<\/li>\n<li>Pakendi laius: 5 &#8211; 230 mm<\/li>\n<li>Pakendi k\u00f5rgus: max. 100 mm<\/li>\n<li>Mahutavus: max. 100 pakendit\/min<\/li>\n<\/ul>\n","protected":false},"author":5,"featured_media":10124,"comment_status":"closed","ping_status":"closed","template":"","product_brand":[],"product_cat":[526],"product_tag":[540],"asiantuntija":[],"paamies":[],"healthcare":[],"pakkausmateriaalit":[],"merkinta":[],"pakkauskoneet":[539],"leipomoille":[],"tarkennus":[541],"outlet":[],"class_list":{"0":"post-12580","1":"product","2":"type-product","3":"status-publish","4":"has-post-thumbnail","6":"product_cat-pakendamismasinad","7":"product_tag-flowpack-et","8":"pakkauskoneet-flowpack-et","9":"tarkennus-horisontaalsed-pakendamismasinad","11":"first","12":"instock","13":"taxable","14":"shipping-taxable","15":"purchasable","16":"product-type-simple"},"_links":{"self":[{"href":"https:\/\/cortex.fi\/et\/wp-json\/wp\/v2\/product\/12580","targetHints":{"allow":["GET"]}}],"collection":[{"href":"https:\/\/cortex.fi\/et\/wp-json\/wp\/v2\/product"}],"about":[{"href":"https:\/\/cortex.fi\/et\/wp-json\/wp\/v2\/types\/product"}],"author":[{"embeddable":true,"href":"https:\/\/cortex.fi\/et\/wp-json\/wp\/v2\/users\/5"}],"replies":[{"embeddable":true,"href":"https:\/\/cortex.fi\/et\/wp-json\/wp\/v2\/comments?post=12580"}],"wp:featuredmedia":[{"embeddable":true,"href":"https:\/\/cortex.fi\/et\/wp-json\/wp\/v2\/media\/10124"}],"wp:attachment":[{"href":"https:\/\/cortex.fi\/et\/wp-json\/wp\/v2\/media?parent=12580"}],"wp:term":[{"taxonomy":"product_brand","embeddable":true,"href":"https:\/\/cortex.fi\/et\/wp-json\/wp\/v2\/product_brand?post=12580"},{"taxonomy":"product_cat","embeddable":true,"href":"https:\/\/cortex.fi\/et\/wp-json\/wp\/v2\/product_cat?post=12580"},{"taxonomy":"product_tag","embeddable":true,"href":"https:\/\/cortex.fi\/et\/wp-json\/wp\/v2\/product_tag?post=12580"},{"taxonomy":"asiantuntija","embeddable":true,"href":"https:\/\/cortex.fi\/et\/wp-json\/wp\/v2\/asiantuntija?post=12580"},{"taxonomy":"paamies","embeddable":true,"href":"https:\/\/cortex.fi\/et\/wp-json\/wp\/v2\/paamies?post=12580"},{"taxonomy":"healthcare","embeddable":true,"href":"https:\/\/cortex.fi\/et\/wp-json\/wp\/v2\/healthcare?post=12580"},{"taxonomy":"pakkausmateriaalit","embeddable":true,"href":"https:\/\/cortex.fi\/et\/wp-json\/wp\/v2\/pakkausmateriaalit?post=12580"},{"taxonomy":"merkinta","embeddable":true,"href":"https:\/\/cortex.fi\/et\/wp-json\/wp\/v2\/merkinta?post=12580"},{"taxonomy":"pakkauskoneet","embeddable":true,"href":"https:\/\/cortex.fi\/et\/wp-json\/wp\/v2\/pakkauskoneet?post=12580"},{"taxonomy":"leipomoille","embeddable":true,"href":"https:\/\/cortex.fi\/et\/wp-json\/wp\/v2\/leipomoille?post=12580"},{"taxonomy":"tarkennus","embeddable":true,"href":"https:\/\/cortex.fi\/et\/wp-json\/wp\/v2\/tarkennus?post=12580"},{"taxonomy":"outlet","embeddable":true,"href":"https:\/\/cortex.fi\/et\/wp-json\/wp\/v2\/outlet?post=12580"}],"curies":[{"name":"wp","href":"https:\/\/api.w.org\/{rel}","templated":true}]}}