{"id":12578,"date":"2023-04-05T09:30:58","date_gmt":"2023-04-05T06:30:58","guid":{"rendered":"https:\/\/cortex.fi\/tuote\/audion-temperatuurimootja-atm\/"},"modified":"2024-05-13T15:36:25","modified_gmt":"2024-05-13T12:36:25","slug":"audion-temperatuurimootja-atm","status":"publish","type":"product","link":"https:\/\/cortex.fi\/et\/tuote\/audion-temperatuurimootja-atm\/","title":{"rendered":"Audion temperatuurim\u00f5\u00f5tja ATM"},"content":{"rendered":"","protected":false},"excerpt":{"rendered":"<p><span class=\"HwtZe\" lang=\"fi\"><span class=\"jCAhz ChMk0b\"><span class=\"ryNqvb\">Temperatuuri t\u00e4pseks m\u00f5\u00f5tmiseks ja valideerimisprotsessi h\u00f5lbustamiseks t\u00f6\u00f6tasime v\u00e4lja ATM-termomeetri.<\/span><\/span> <\/span><br \/>\n<span class=\"HwtZe\" lang=\"fi\"><span class=\"jCAhz ChMk0b\"><span class=\"ryNqvb\">See t\u00e4pne m\u00f5\u00f5teriist v\u00f5imaldab m\u00f5\u00f5ta keevis\u00f5mbluste vahelist temperatuuri ja kalibreerida masinat vastavalt m\u00f5\u00f5detud v\u00e4\u00e4rtustele.<\/span><\/span> <\/span><br \/>\n<span class=\"HwtZe\" lang=\"fi\"><span class=\"jCAhz ChMk0b\"><span class=\"ryNqvb\">P\u00e4rast masina \u00f5mblusniidi vahetamist tuleb \u00f5mblustemperatuuri reguleerida.<\/span><\/span> <span class=\"jCAhz ChMk0b\"><span class=\"ryNqvb\">Audion ATM-i abil on see n\u00fc\u00fcd v\u00e4ga lihtne toiming.<\/span><\/span> <\/span><br \/>\n<span class=\"HwtZe\" lang=\"fi\"><span class=\"jCAhz ChMk0b\"><span class=\"ryNqvb\">ATM-m\u00f5\u00f5turit saab kasutada koos MEDSEALERS MSID(V) ja Power Sealers MED versiooniga.<\/span><\/span><\/span><\/p>\n<p><span class=\"HwtZe\" lang=\"fi\"><span class=\"jCAhz ChMk0b\"><span class=\"ryNqvb\">Vajaduse korral saab ATM-i kalibreerida ISO 17025 akrediteeringuga.<\/span><\/span><\/span><\/p>\n<p>&nbsp;<\/p>\n<p>&nbsp;<\/p>\n","protected":false},"author":8,"featured_media":11111,"comment_status":"closed","ping_status":"closed","template":"","product_brand":[],"product_cat":[526,552],"product_tag":[553],"asiantuntija":[],"paamies":[],"healthcare":[551],"pakkausmateriaalit":[],"merkinta":[],"pakkauskoneet":[],"leipomoille":[],"tarkennus":[],"outlet":[],"class_list":{"0":"post-12578","1":"product","2":"type-product","3":"status-publish","4":"has-post-thumbnail","6":"product_cat-pakendamismasinad","7":"product_cat-tervishoid","8":"product_tag-kalibreerimine","9":"healthcare-kalibreerimine-ja-valideerimine","11":"first","12":"instock","13":"taxable","14":"shipping-taxable","15":"purchasable","16":"product-type-simple"},"_links":{"self":[{"href":"https:\/\/cortex.fi\/et\/wp-json\/wp\/v2\/product\/12578","targetHints":{"allow":["GET"]}}],"collection":[{"href":"https:\/\/cortex.fi\/et\/wp-json\/wp\/v2\/product"}],"about":[{"href":"https:\/\/cortex.fi\/et\/wp-json\/wp\/v2\/types\/product"}],"author":[{"embeddable":true,"href":"https:\/\/cortex.fi\/et\/wp-json\/wp\/v2\/users\/8"}],"replies":[{"embeddable":true,"href":"https:\/\/cortex.fi\/et\/wp-json\/wp\/v2\/comments?post=12578"}],"wp:featuredmedia":[{"embeddable":true,"href":"https:\/\/cortex.fi\/et\/wp-json\/wp\/v2\/media\/11111"}],"wp:attachment":[{"href":"https:\/\/cortex.fi\/et\/wp-json\/wp\/v2\/media?parent=12578"}],"wp:term":[{"taxonomy":"product_brand","embeddable":true,"href":"https:\/\/cortex.fi\/et\/wp-json\/wp\/v2\/product_brand?post=12578"},{"taxonomy":"product_cat","embeddable":true,"href":"https:\/\/cortex.fi\/et\/wp-json\/wp\/v2\/product_cat?post=12578"},{"taxonomy":"product_tag","embeddable":true,"href":"https:\/\/cortex.fi\/et\/wp-json\/wp\/v2\/product_tag?post=12578"},{"taxonomy":"asiantuntija","embeddable":true,"href":"https:\/\/cortex.fi\/et\/wp-json\/wp\/v2\/asiantuntija?post=12578"},{"taxonomy":"paamies","embeddable":true,"href":"https:\/\/cortex.fi\/et\/wp-json\/wp\/v2\/paamies?post=12578"},{"taxonomy":"healthcare","embeddable":true,"href":"https:\/\/cortex.fi\/et\/wp-json\/wp\/v2\/healthcare?post=12578"},{"taxonomy":"pakkausmateriaalit","embeddable":true,"href":"https:\/\/cortex.fi\/et\/wp-json\/wp\/v2\/pakkausmateriaalit?post=12578"},{"taxonomy":"merkinta","embeddable":true,"href":"https:\/\/cortex.fi\/et\/wp-json\/wp\/v2\/merkinta?post=12578"},{"taxonomy":"pakkauskoneet","embeddable":true,"href":"https:\/\/cortex.fi\/et\/wp-json\/wp\/v2\/pakkauskoneet?post=12578"},{"taxonomy":"leipomoille","embeddable":true,"href":"https:\/\/cortex.fi\/et\/wp-json\/wp\/v2\/leipomoille?post=12578"},{"taxonomy":"tarkennus","embeddable":true,"href":"https:\/\/cortex.fi\/et\/wp-json\/wp\/v2\/tarkennus?post=12578"},{"taxonomy":"outlet","embeddable":true,"href":"https:\/\/cortex.fi\/et\/wp-json\/wp\/v2\/outlet?post=12578"}],"curies":[{"name":"wp","href":"https:\/\/api.w.org\/{rel}","templated":true}]}}