{"id":12577,"date":"2023-04-05T13:55:16","date_gmt":"2023-04-05T10:55:16","guid":{"rendered":"https:\/\/cortex.fi\/tuote\/audion-contimed-d775\/"},"modified":"2024-05-13T15:36:23","modified_gmt":"2024-05-13T12:36:23","slug":"audion-contimed-d775","status":"publish","type":"product","link":"https:\/\/cortex.fi\/et\/tuote\/audion-contimed-d775\/","title":{"rendered":"Audion Contimed D775"},"content":{"rendered":"","protected":false},"excerpt":{"rendered":"<p>Audion Contimed D775<\/p>\n<p><span class=\"HwtZe\" lang=\"fi\"><span class=\"jCAhz ChMk0b\"><span class=\"ryNqvb\">T\u00e4iustatud teibitihendaja, mis on m\u00f5eldud meditsiinis kasutatavate steriliseerimiskottide sulgemiseks ja kodeerimiseks.<\/span><\/span><\/span><br \/>\n<span class=\"HwtZe\" lang=\"fi\"><span class=\"jCAhz ChMk0b\"><span class=\"ryNqvb\">See lintpitser on v\u00e4lja t\u00f6\u00f6tatud kottide sulgemiseks ja vastab standardi EN 868-5 ja DIN 58953-7 sulgemisn\u00f5uetele.<\/span><\/span> <\/span><br \/>\n<span class=\"HwtZe\" lang=\"fi\"><span class=\"jCAhz ChMk0b\"><span class=\"ryNqvb\">Masin vastab ISO 11607-2 ja EN-ISO TS 16775 n\u00f5uetele ning sobib steriliseeritud toodete pakendamiseks.<\/span><\/span><\/span><\/p>\n","protected":false},"author":8,"featured_media":11121,"comment_status":"closed","ping_status":"closed","template":"","product_brand":[],"product_cat":[526,552],"product_tag":[556],"asiantuntija":[],"paamies":[],"healthcare":[554],"pakkausmateriaalit":[],"merkinta":[],"pakkauskoneet":[555],"leipomoille":[],"tarkennus":[557],"outlet":[],"class_list":{"0":"post-12577","1":"product","2":"type-product","3":"status-publish","4":"has-post-thumbnail","6":"product_cat-pakendamismasinad","7":"product_cat-tervishoid","8":"product_tag-meditsiiniliselt-heakskiidetud-omblejad","9":"healthcare-meditsiinilised-kulvikud","10":"pakkauskoneet-meditsiiniliselt-heakskiidetud-omblejad","11":"tarkennus-ribakanalisatsioonitorustik","13":"first","14":"instock","15":"taxable","16":"shipping-taxable","17":"purchasable","18":"product-type-simple"},"_links":{"self":[{"href":"https:\/\/cortex.fi\/et\/wp-json\/wp\/v2\/product\/12577","targetHints":{"allow":["GET"]}}],"collection":[{"href":"https:\/\/cortex.fi\/et\/wp-json\/wp\/v2\/product"}],"about":[{"href":"https:\/\/cortex.fi\/et\/wp-json\/wp\/v2\/types\/product"}],"author":[{"embeddable":true,"href":"https:\/\/cortex.fi\/et\/wp-json\/wp\/v2\/users\/8"}],"replies":[{"embeddable":true,"href":"https:\/\/cortex.fi\/et\/wp-json\/wp\/v2\/comments?post=12577"}],"wp:featuredmedia":[{"embeddable":true,"href":"https:\/\/cortex.fi\/et\/wp-json\/wp\/v2\/media\/11121"}],"wp:attachment":[{"href":"https:\/\/cortex.fi\/et\/wp-json\/wp\/v2\/media?parent=12577"}],"wp:term":[{"taxonomy":"product_brand","embeddable":true,"href":"https:\/\/cortex.fi\/et\/wp-json\/wp\/v2\/product_brand?post=12577"},{"taxonomy":"product_cat","embeddable":true,"href":"https:\/\/cortex.fi\/et\/wp-json\/wp\/v2\/product_cat?post=12577"},{"taxonomy":"product_tag","embeddable":true,"href":"https:\/\/cortex.fi\/et\/wp-json\/wp\/v2\/product_tag?post=12577"},{"taxonomy":"asiantuntija","embeddable":true,"href":"https:\/\/cortex.fi\/et\/wp-json\/wp\/v2\/asiantuntija?post=12577"},{"taxonomy":"paamies","embeddable":true,"href":"https:\/\/cortex.fi\/et\/wp-json\/wp\/v2\/paamies?post=12577"},{"taxonomy":"healthcare","embeddable":true,"href":"https:\/\/cortex.fi\/et\/wp-json\/wp\/v2\/healthcare?post=12577"},{"taxonomy":"pakkausmateriaalit","embeddable":true,"href":"https:\/\/cortex.fi\/et\/wp-json\/wp\/v2\/pakkausmateriaalit?post=12577"},{"taxonomy":"merkinta","embeddable":true,"href":"https:\/\/cortex.fi\/et\/wp-json\/wp\/v2\/merkinta?post=12577"},{"taxonomy":"pakkauskoneet","embeddable":true,"href":"https:\/\/cortex.fi\/et\/wp-json\/wp\/v2\/pakkauskoneet?post=12577"},{"taxonomy":"leipomoille","embeddable":true,"href":"https:\/\/cortex.fi\/et\/wp-json\/wp\/v2\/leipomoille?post=12577"},{"taxonomy":"tarkennus","embeddable":true,"href":"https:\/\/cortex.fi\/et\/wp-json\/wp\/v2\/tarkennus?post=12577"},{"taxonomy":"outlet","embeddable":true,"href":"https:\/\/cortex.fi\/et\/wp-json\/wp\/v2\/outlet?post=12577"}],"curies":[{"name":"wp","href":"https:\/\/api.w.org\/{rel}","templated":true}]}}