{"id":12576,"date":"2023-04-05T10:37:49","date_gmt":"2023-04-05T07:37:49","guid":{"rendered":"https:\/\/cortex.fi\/tuote\/audion-apt-100-tombetugevuse-tester\/"},"modified":"2024-05-13T15:36:24","modified_gmt":"2024-05-13T12:36:24","slug":"audion-apt-100-tombetugevuse-tester","status":"publish","type":"product","link":"https:\/\/cortex.fi\/et\/tuote\/audion-apt-100-tombetugevuse-tester\/","title":{"rendered":"Audion APT 100 t\u00f5mbetugevuse tester"},"content":{"rendered":"","protected":false},"excerpt":{"rendered":"<p><span class=\"HwtZe\" lang=\"fi\"><span class=\"jCAhz ChMk0b\"><span class=\"ryNqvb\">APT 100 koti \u00f5mbluse t\u00f5mbetugevuse m\u00f5\u00f5tmiseks.<\/span><\/span> <\/span><\/p>\n<p><span class=\"HwtZe\" lang=\"fi\"><span class=\"jCAhz ChMk0b\"><span class=\"ryNqvb\">APT 100 on koti\u00f5mbluse t\u00f5mbetugevuse katseseade, mis on spetsiaalselt ette n\u00e4htud (eelvormitud) steriilsete kottide katsetamiseks vastavalt EN868-5 D lisale v\u00f5i ASTM F88.<\/span><\/span> <span class=\"jCAhz ChMk0b\"><span class=\"ryNqvb\">Keskmine tugevus m\u00f5\u00f5detakse, lahutades 10% m\u00f5lemal pool m\u00f5\u00f5tek\u00f5verat.<\/span><\/span> <span class=\"jCAhz ChMk0b\"><span class=\"ryNqvb\">Soonestatud \u00f5mbluste puhul j\u00e4etakse keskmistamise arvutamisel v\u00e4lja soonestamata alad, sealhulgas 10% m\u00f5lemal k\u00fcljel.  <\/span><\/span><\/span><span class=\"HwtZe\" lang=\"fi\"><span class=\"jCAhz ChMk0b\"><span class=\"ryNqvb\">APT 100 vastab standardi EN868-5:2018 lisa D n\u00f5uetele.<\/span><\/span><\/span><\/p>\n<p><span class=\"HwtZe\" lang=\"fi\"><span class=\"jCAhz ChMk0b\"><br \/>\n  <span class=\"ryNqvb\">Katsetulemused kuvatakse selgelt arvutiekraanil eraldi rakenduses v\u00e4rvigraafikuna.<\/span><br \/>\n<\/span> <span class=\"jCAhz ChMk0b\"><br \/>\n  <span class=\"ryNqvb\">Keskmise v\u00f5i maksimaalse tugevuse hindamine (pass\/fail).<\/span><br \/>\n<\/span> <span class=\"jCAhz ChMk0b\"><br \/>\n  <span class=\"ryNqvb\">Kohandatavad hindamiskriteeriumid.<\/span><br \/>\n<\/span> Seadme m<span class=\"jCAhz ChMk0b\"><br \/>\n  <span class=\"ryNqvb\">hindab ka vuugi laiust vastavalt teie enda tihendustugevuse spetsifikatsioonidele.<\/span><br \/>\n<\/span> <\/span><\/p>\n<p><span class=\"HwtZe\" lang=\"fi\"><span class=\"jCAhz ChMk0b\"><span class=\"ryNqvb\">Vajaduse korral saab APTP 100 kalibreerida ISO 17025 akrediteeringuga.<\/span><\/span><\/span><\/p>\n","protected":false},"author":8,"featured_media":11118,"comment_status":"closed","ping_status":"closed","template":"","product_brand":[],"product_cat":[526,552],"product_tag":[553],"asiantuntija":[],"paamies":[],"healthcare":[551],"pakkausmateriaalit":[],"merkinta":[],"pakkauskoneet":[],"leipomoille":[],"tarkennus":[],"outlet":[],"class_list":{"0":"post-12576","1":"product","2":"type-product","3":"status-publish","4":"has-post-thumbnail","6":"product_cat-pakendamismasinad","7":"product_cat-tervishoid","8":"product_tag-kalibreerimine","9":"healthcare-kalibreerimine-ja-valideerimine","11":"first","12":"instock","13":"taxable","14":"shipping-taxable","15":"purchasable","16":"product-type-simple"},"_links":{"self":[{"href":"https:\/\/cortex.fi\/et\/wp-json\/wp\/v2\/product\/12576","targetHints":{"allow":["GET"]}}],"collection":[{"href":"https:\/\/cortex.fi\/et\/wp-json\/wp\/v2\/product"}],"about":[{"href":"https:\/\/cortex.fi\/et\/wp-json\/wp\/v2\/types\/product"}],"author":[{"embeddable":true,"href":"https:\/\/cortex.fi\/et\/wp-json\/wp\/v2\/users\/8"}],"replies":[{"embeddable":true,"href":"https:\/\/cortex.fi\/et\/wp-json\/wp\/v2\/comments?post=12576"}],"wp:featuredmedia":[{"embeddable":true,"href":"https:\/\/cortex.fi\/et\/wp-json\/wp\/v2\/media\/11118"}],"wp:attachment":[{"href":"https:\/\/cortex.fi\/et\/wp-json\/wp\/v2\/media?parent=12576"}],"wp:term":[{"taxonomy":"product_brand","embeddable":true,"href":"https:\/\/cortex.fi\/et\/wp-json\/wp\/v2\/product_brand?post=12576"},{"taxonomy":"product_cat","embeddable":true,"href":"https:\/\/cortex.fi\/et\/wp-json\/wp\/v2\/product_cat?post=12576"},{"taxonomy":"product_tag","embeddable":true,"href":"https:\/\/cortex.fi\/et\/wp-json\/wp\/v2\/product_tag?post=12576"},{"taxonomy":"asiantuntija","embeddable":true,"href":"https:\/\/cortex.fi\/et\/wp-json\/wp\/v2\/asiantuntija?post=12576"},{"taxonomy":"paamies","embeddable":true,"href":"https:\/\/cortex.fi\/et\/wp-json\/wp\/v2\/paamies?post=12576"},{"taxonomy":"healthcare","embeddable":true,"href":"https:\/\/cortex.fi\/et\/wp-json\/wp\/v2\/healthcare?post=12576"},{"taxonomy":"pakkausmateriaalit","embeddable":true,"href":"https:\/\/cortex.fi\/et\/wp-json\/wp\/v2\/pakkausmateriaalit?post=12576"},{"taxonomy":"merkinta","embeddable":true,"href":"https:\/\/cortex.fi\/et\/wp-json\/wp\/v2\/merkinta?post=12576"},{"taxonomy":"pakkauskoneet","embeddable":true,"href":"https:\/\/cortex.fi\/et\/wp-json\/wp\/v2\/pakkauskoneet?post=12576"},{"taxonomy":"leipomoille","embeddable":true,"href":"https:\/\/cortex.fi\/et\/wp-json\/wp\/v2\/leipomoille?post=12576"},{"taxonomy":"tarkennus","embeddable":true,"href":"https:\/\/cortex.fi\/et\/wp-json\/wp\/v2\/tarkennus?post=12576"},{"taxonomy":"outlet","embeddable":true,"href":"https:\/\/cortex.fi\/et\/wp-json\/wp\/v2\/outlet?post=12576"}],"curies":[{"name":"wp","href":"https:\/\/api.w.org\/{rel}","templated":true}]}}