{"id":12575,"date":"2023-04-05T09:38:47","date_gmt":"2023-04-05T06:38:47","guid":{"rendered":"https:\/\/cortex.fi\/tuote\/audion-afmr-omblusjou-mootmise-komplekt\/"},"modified":"2023-04-05T09:38:47","modified_gmt":"2023-04-05T06:38:47","slug":"audion-afmr-omblusjou-mootmise-komplekt","status":"publish","type":"product","link":"https:\/\/cortex.fi\/et\/tuote\/audion-afmr-omblusjou-mootmise-komplekt\/","title":{"rendered":"Audion AFMR \u00f5mblusj\u00f5u m\u00f5\u00f5tmise komplekt"},"content":{"rendered":"","protected":false},"excerpt":{"rendered":"<p><span class=\"HwtZe\" lang=\"fi\"><span class=\"jCAhz ChMk0b\"><span class=\"ryNqvb\">Power Sealer&#8217;i saumamisj\u00f5u kontrollkomplekt.<\/span><\/span><\/span><\/p>\n<p><span class=\"HwtZe\" lang=\"fi\"> <span class=\"jCAhz ChMk0b\"><span class=\"ryNqvb\">\u00d5mbluse kvaliteedi tagamiseks soovitame regulaarselt kontrollida \u00f5mbluse tugevust.<\/span><\/span> <span class=\"jCAhz ChMk0b\"><span class=\"ryNqvb\">Audion pakub Power Sealerile t\u00e4ielikku j\u00f5u m\u00f5\u00f5tmise r\u00f5ngast AFMR (Audion Force Measurement Ring).<\/span><\/span> <span class=\"jCAhz ChMk0b\"><span class=\"ryNqvb\">Kombineerib Power Sealer koormusanduri ja AFMR-i, et teostada r\u00f5ngast\u00fc\u00fcpi koormusanduri m\u00f5\u00f5tmist.<\/span><\/span> <span class=\"jCAhz ChMk0b\"><span class=\"ryNqvb\">AFMRi n\u00e4itu saab kasutada kontrollimiseks ja\/v\u00f5i kalibreerimiseks.<\/span><\/span> <span class=\"jCAhz ChMk0b\"><span class=\"ryNqvb\">Vajaduse korral saab AFMR-i kalibreerida ISO 17025 akrediteeringuga.<\/span><\/span><\/span><\/p>\n","protected":false},"author":8,"featured_media":11114,"comment_status":"closed","ping_status":"closed","template":"","product_brand":[],"product_cat":[526,552],"product_tag":[553],"asiantuntija":[],"paamies":[],"healthcare":[551],"pakkausmateriaalit":[],"merkinta":[],"pakkauskoneet":[],"leipomoille":[],"tarkennus":[],"outlet":[],"class_list":{"0":"post-12575","1":"product","2":"type-product","3":"status-publish","4":"has-post-thumbnail","6":"product_cat-pakendamismasinad","7":"product_cat-tervishoid","8":"product_tag-kalibreerimine","9":"healthcare-kalibreerimine-ja-valideerimine","11":"first","12":"instock","13":"taxable","14":"shipping-taxable","15":"purchasable","16":"product-type-simple"},"_links":{"self":[{"href":"https:\/\/cortex.fi\/et\/wp-json\/wp\/v2\/product\/12575","targetHints":{"allow":["GET"]}}],"collection":[{"href":"https:\/\/cortex.fi\/et\/wp-json\/wp\/v2\/product"}],"about":[{"href":"https:\/\/cortex.fi\/et\/wp-json\/wp\/v2\/types\/product"}],"author":[{"embeddable":true,"href":"https:\/\/cortex.fi\/et\/wp-json\/wp\/v2\/users\/8"}],"replies":[{"embeddable":true,"href":"https:\/\/cortex.fi\/et\/wp-json\/wp\/v2\/comments?post=12575"}],"wp:featuredmedia":[{"embeddable":true,"href":"https:\/\/cortex.fi\/et\/wp-json\/wp\/v2\/media\/11114"}],"wp:attachment":[{"href":"https:\/\/cortex.fi\/et\/wp-json\/wp\/v2\/media?parent=12575"}],"wp:term":[{"taxonomy":"product_brand","embeddable":true,"href":"https:\/\/cortex.fi\/et\/wp-json\/wp\/v2\/product_brand?post=12575"},{"taxonomy":"product_cat","embeddable":true,"href":"https:\/\/cortex.fi\/et\/wp-json\/wp\/v2\/product_cat?post=12575"},{"taxonomy":"product_tag","embeddable":true,"href":"https:\/\/cortex.fi\/et\/wp-json\/wp\/v2\/product_tag?post=12575"},{"taxonomy":"asiantuntija","embeddable":true,"href":"https:\/\/cortex.fi\/et\/wp-json\/wp\/v2\/asiantuntija?post=12575"},{"taxonomy":"paamies","embeddable":true,"href":"https:\/\/cortex.fi\/et\/wp-json\/wp\/v2\/paamies?post=12575"},{"taxonomy":"healthcare","embeddable":true,"href":"https:\/\/cortex.fi\/et\/wp-json\/wp\/v2\/healthcare?post=12575"},{"taxonomy":"pakkausmateriaalit","embeddable":true,"href":"https:\/\/cortex.fi\/et\/wp-json\/wp\/v2\/pakkausmateriaalit?post=12575"},{"taxonomy":"merkinta","embeddable":true,"href":"https:\/\/cortex.fi\/et\/wp-json\/wp\/v2\/merkinta?post=12575"},{"taxonomy":"pakkauskoneet","embeddable":true,"href":"https:\/\/cortex.fi\/et\/wp-json\/wp\/v2\/pakkauskoneet?post=12575"},{"taxonomy":"leipomoille","embeddable":true,"href":"https:\/\/cortex.fi\/et\/wp-json\/wp\/v2\/leipomoille?post=12575"},{"taxonomy":"tarkennus","embeddable":true,"href":"https:\/\/cortex.fi\/et\/wp-json\/wp\/v2\/tarkennus?post=12575"},{"taxonomy":"outlet","embeddable":true,"href":"https:\/\/cortex.fi\/et\/wp-json\/wp\/v2\/outlet?post=12575"}],"curies":[{"name":"wp","href":"https:\/\/api.w.org\/{rel}","templated":true}]}}