{"id":12574,"date":"2023-04-06T13:49:40","date_gmt":"2023-04-06T10:49:40","guid":{"rendered":"https:\/\/cortex.fi\/tuote\/lindimasin-robopac-robotape-50-m\/"},"modified":"2024-05-13T15:36:17","modified_gmt":"2024-05-13T12:36:17","slug":"lindimasin-robopac-robotape-50-m","status":"publish","type":"product","link":"https:\/\/cortex.fi\/et\/tuote\/lindimasin-robopac-robotape-50-m\/","title":{"rendered":"Lindimasin Robopac Robotape 50 M"},"content":{"rendered":"","protected":false},"excerpt":{"rendered":"<p>Poolautomaatne teipimismasin k\u00e4sitsi reguleeritav erinevate suuruste kastide jaoks.<br \/>\nKarbi k\u00fclgedel on standardselt 50 mm laiused mootoriga veorihmad.<br \/>\nMasin kleebib korraga nii kaane kui ka p\u00f5hjaklapid.<br \/>\nMasina raam on valmistatud terasplaatidest, mis on l\u00e4bivalt v\u00e4rvitud.<br \/>\nKasti l\u00e4bimine on teostatud lintkonveierite ja rullkonveieriga p\u00f5hja pool.<br \/>\n\u00dche k\u00f5rguse reguleerimiskruviga 2-mastiline raam tagab \u00fclemise pea s\u00fcnkroniseeritud k\u00f5rguse reguleerimise.<br \/>\nStart &amp; Stop ja Emergency Stop nupud kasutajas\u00f5bralikus kohas.<\/p>\n","protected":false},"author":5,"featured_media":10293,"comment_status":"closed","ping_status":"closed","template":"","product_brand":[],"product_cat":[526],"product_tag":[538],"asiantuntija":[],"paamies":[],"healthcare":[],"pakkausmateriaalit":[],"merkinta":[],"pakkauskoneet":[537],"leipomoille":[],"tarkennus":[],"outlet":[],"class_list":{"0":"post-12574","1":"product","2":"type-product","3":"status-publish","4":"has-post-thumbnail","6":"product_cat-pakendamismasinad","7":"product_tag-lindimasinad-ja-karbivormijad","8":"pakkauskoneet-lindimasinad-ja-karbivormijad","10":"first","11":"instock","12":"taxable","13":"shipping-taxable","14":"purchasable","15":"product-type-simple"},"_links":{"self":[{"href":"https:\/\/cortex.fi\/et\/wp-json\/wp\/v2\/product\/12574","targetHints":{"allow":["GET"]}}],"collection":[{"href":"https:\/\/cortex.fi\/et\/wp-json\/wp\/v2\/product"}],"about":[{"href":"https:\/\/cortex.fi\/et\/wp-json\/wp\/v2\/types\/product"}],"author":[{"embeddable":true,"href":"https:\/\/cortex.fi\/et\/wp-json\/wp\/v2\/users\/5"}],"replies":[{"embeddable":true,"href":"https:\/\/cortex.fi\/et\/wp-json\/wp\/v2\/comments?post=12574"}],"wp:featuredmedia":[{"embeddable":true,"href":"https:\/\/cortex.fi\/et\/wp-json\/wp\/v2\/media\/10293"}],"wp:attachment":[{"href":"https:\/\/cortex.fi\/et\/wp-json\/wp\/v2\/media?parent=12574"}],"wp:term":[{"taxonomy":"product_brand","embeddable":true,"href":"https:\/\/cortex.fi\/et\/wp-json\/wp\/v2\/product_brand?post=12574"},{"taxonomy":"product_cat","embeddable":true,"href":"https:\/\/cortex.fi\/et\/wp-json\/wp\/v2\/product_cat?post=12574"},{"taxonomy":"product_tag","embeddable":true,"href":"https:\/\/cortex.fi\/et\/wp-json\/wp\/v2\/product_tag?post=12574"},{"taxonomy":"asiantuntija","embeddable":true,"href":"https:\/\/cortex.fi\/et\/wp-json\/wp\/v2\/asiantuntija?post=12574"},{"taxonomy":"paamies","embeddable":true,"href":"https:\/\/cortex.fi\/et\/wp-json\/wp\/v2\/paamies?post=12574"},{"taxonomy":"healthcare","embeddable":true,"href":"https:\/\/cortex.fi\/et\/wp-json\/wp\/v2\/healthcare?post=12574"},{"taxonomy":"pakkausmateriaalit","embeddable":true,"href":"https:\/\/cortex.fi\/et\/wp-json\/wp\/v2\/pakkausmateriaalit?post=12574"},{"taxonomy":"merkinta","embeddable":true,"href":"https:\/\/cortex.fi\/et\/wp-json\/wp\/v2\/merkinta?post=12574"},{"taxonomy":"pakkauskoneet","embeddable":true,"href":"https:\/\/cortex.fi\/et\/wp-json\/wp\/v2\/pakkauskoneet?post=12574"},{"taxonomy":"leipomoille","embeddable":true,"href":"https:\/\/cortex.fi\/et\/wp-json\/wp\/v2\/leipomoille?post=12574"},{"taxonomy":"tarkennus","embeddable":true,"href":"https:\/\/cortex.fi\/et\/wp-json\/wp\/v2\/tarkennus?post=12574"},{"taxonomy":"outlet","embeddable":true,"href":"https:\/\/cortex.fi\/et\/wp-json\/wp\/v2\/outlet?post=12574"}],"curies":[{"name":"wp","href":"https:\/\/api.w.org\/{rel}","templated":true}]}}