{"id":12573,"date":"2023-04-06T11:53:21","date_gmt":"2023-04-06T08:53:21","guid":{"rendered":"https:\/\/cortex.fi\/tuote\/teipimismasin-robopac-robotape-50-cf-hd\/"},"modified":"2024-05-13T15:36:18","modified_gmt":"2024-05-13T12:36:18","slug":"teipimismasin-robopac-robotape-50-cf-hd","status":"publish","type":"product","link":"https:\/\/cortex.fi\/et\/tuote\/teipimismasin-robopac-robotape-50-cf-hd\/","title":{"rendered":"Teipimismasin Robopac Robotape 50 CF HD"},"content":{"rendered":"","protected":false},"excerpt":{"rendered":"<p>T\u00e4isautomaatne eelliimitud Fefco 0201 sahtli p\u00f5hja ja \u00fclemise klapi sulgemismasin k\u00e4sitsi reguleeritav erinevate sahtli suuruste jaoks. Karbi k\u00fclgedel on standardselt 50 mm laiused mootoriga veorihmad. Masin voldib ja teibib kasti \u00fclemised klapid automaatselt, kui kast l\u00e4bitakse, ning sulgeb teibiga kasti eelnevalt volditud alumised klapid. Sahtli l\u00e4bip\u00e4\u00e4s on teostatud motoriseeritud k\u00fclgmiste t\u00f5mbelintide ja alumise rullplaadi abil. \u00dche k\u00f5rguse reguleerimiskruviga 2-mastiline raam tagab \u00fclemise pea s\u00fcnkroniseeritud k\u00f5rguse reguleerimise. Start &amp; Stop ja Emergency Stop nupud kasutajas\u00f5bralikus kohas.<\/p>\n","protected":false},"author":5,"featured_media":11126,"comment_status":"closed","ping_status":"closed","template":"","product_brand":[],"product_cat":[526],"product_tag":[538],"asiantuntija":[],"paamies":[],"healthcare":[],"pakkausmateriaalit":[],"merkinta":[],"pakkauskoneet":[537],"leipomoille":[],"tarkennus":[],"outlet":[],"class_list":{"0":"post-12573","1":"product","2":"type-product","3":"status-publish","4":"has-post-thumbnail","6":"product_cat-pakendamismasinad","7":"product_tag-lindimasinad-ja-karbivormijad","8":"pakkauskoneet-lindimasinad-ja-karbivormijad","10":"first","11":"instock","12":"taxable","13":"shipping-taxable","14":"purchasable","15":"product-type-simple"},"_links":{"self":[{"href":"https:\/\/cortex.fi\/et\/wp-json\/wp\/v2\/product\/12573","targetHints":{"allow":["GET"]}}],"collection":[{"href":"https:\/\/cortex.fi\/et\/wp-json\/wp\/v2\/product"}],"about":[{"href":"https:\/\/cortex.fi\/et\/wp-json\/wp\/v2\/types\/product"}],"author":[{"embeddable":true,"href":"https:\/\/cortex.fi\/et\/wp-json\/wp\/v2\/users\/5"}],"replies":[{"embeddable":true,"href":"https:\/\/cortex.fi\/et\/wp-json\/wp\/v2\/comments?post=12573"}],"wp:featuredmedia":[{"embeddable":true,"href":"https:\/\/cortex.fi\/et\/wp-json\/wp\/v2\/media\/11126"}],"wp:attachment":[{"href":"https:\/\/cortex.fi\/et\/wp-json\/wp\/v2\/media?parent=12573"}],"wp:term":[{"taxonomy":"product_brand","embeddable":true,"href":"https:\/\/cortex.fi\/et\/wp-json\/wp\/v2\/product_brand?post=12573"},{"taxonomy":"product_cat","embeddable":true,"href":"https:\/\/cortex.fi\/et\/wp-json\/wp\/v2\/product_cat?post=12573"},{"taxonomy":"product_tag","embeddable":true,"href":"https:\/\/cortex.fi\/et\/wp-json\/wp\/v2\/product_tag?post=12573"},{"taxonomy":"asiantuntija","embeddable":true,"href":"https:\/\/cortex.fi\/et\/wp-json\/wp\/v2\/asiantuntija?post=12573"},{"taxonomy":"paamies","embeddable":true,"href":"https:\/\/cortex.fi\/et\/wp-json\/wp\/v2\/paamies?post=12573"},{"taxonomy":"healthcare","embeddable":true,"href":"https:\/\/cortex.fi\/et\/wp-json\/wp\/v2\/healthcare?post=12573"},{"taxonomy":"pakkausmateriaalit","embeddable":true,"href":"https:\/\/cortex.fi\/et\/wp-json\/wp\/v2\/pakkausmateriaalit?post=12573"},{"taxonomy":"merkinta","embeddable":true,"href":"https:\/\/cortex.fi\/et\/wp-json\/wp\/v2\/merkinta?post=12573"},{"taxonomy":"pakkauskoneet","embeddable":true,"href":"https:\/\/cortex.fi\/et\/wp-json\/wp\/v2\/pakkauskoneet?post=12573"},{"taxonomy":"leipomoille","embeddable":true,"href":"https:\/\/cortex.fi\/et\/wp-json\/wp\/v2\/leipomoille?post=12573"},{"taxonomy":"tarkennus","embeddable":true,"href":"https:\/\/cortex.fi\/et\/wp-json\/wp\/v2\/tarkennus?post=12573"},{"taxonomy":"outlet","embeddable":true,"href":"https:\/\/cortex.fi\/et\/wp-json\/wp\/v2\/outlet?post=12573"}],"curies":[{"name":"wp","href":"https:\/\/api.w.org\/{rel}","templated":true}]}}