{"id":12571,"date":"2023-04-09T12:07:19","date_gmt":"2023-04-09T09:07:19","guid":{"rendered":"https:\/\/cortex.fi\/tuote\/transpak-helios-h-45l-kasihooldusmasinad\/"},"modified":"2024-05-13T15:36:15","modified_gmt":"2024-05-13T12:36:15","slug":"transpak-helios-h-45l-kasihooldusmasinad","status":"publish","type":"product","link":"https:\/\/cortex.fi\/et\/tuote\/transpak-helios-h-45l-kasihooldusmasinad\/","title":{"rendered":"Transpak Helios H-45L k\u00e4sihooldusmasinad"},"content":{"rendered":"","protected":false},"excerpt":{"rendered":"<p>K\u00e4sitsi juhitav randmepaelamasin kasutab plastkatte pingutamiseks elektrimootorit.<br \/>\n\u00fcmber toote, mis tuleb siduda.<br \/>\nSeade on saadaval 12 mm v\u00f5i 16 mm rihma laiusega. Kui<br \/>\nkui soovitud pinge on saavutatud, algab velje h\u00f5\u00f5rdkeevitus,<br \/>\nmillisel hetkel on r\u00f5ngas \u00fchendatud. Seej\u00e4rel l\u00f5ikab t\u00f6\u00f6riist \u00e4\u00e4re \u00e4ra ja<br \/>\nametivande andmine on l\u00f5pule viidud. Lihtne velje sisestamine<br \/>\n(velje m\u00f5lemad otsad samas ruumis). Velje pingutamine,<br \/>\n\u00f5mblemine ja l\u00f5ikamine \u00fche nupuvajutusega. Kohaletoimetamine<br \/>\nsisaldab laadijat ja \u00fchte akut.<\/p>\n","protected":false},"author":9,"featured_media":10402,"comment_status":"closed","ping_status":"closed","template":"","product_brand":[],"product_cat":[526,511],"product_tag":[545],"asiantuntija":[],"paamies":[],"healthcare":[],"pakkausmateriaalit":[],"merkinta":[],"pakkauskoneet":[548],"leipomoille":[],"tarkennus":[],"outlet":[],"class_list":{"0":"post-12571","1":"product","2":"type-product","3":"status-publish","4":"has-post-thumbnail","6":"product_cat-pakendamismasinad","7":"product_cat-pakendimaterjalid","8":"product_tag-banderoleerimis-ja-banderoleerimismasinad","9":"pakkauskoneet-banderoleerimis-ja-banderoleerimismasinad","11":"first","12":"instock","13":"taxable","14":"shipping-taxable","15":"purchasable","16":"product-type-variable"},"_links":{"self":[{"href":"https:\/\/cortex.fi\/et\/wp-json\/wp\/v2\/product\/12571","targetHints":{"allow":["GET"]}}],"collection":[{"href":"https:\/\/cortex.fi\/et\/wp-json\/wp\/v2\/product"}],"about":[{"href":"https:\/\/cortex.fi\/et\/wp-json\/wp\/v2\/types\/product"}],"author":[{"embeddable":true,"href":"https:\/\/cortex.fi\/et\/wp-json\/wp\/v2\/users\/9"}],"replies":[{"embeddable":true,"href":"https:\/\/cortex.fi\/et\/wp-json\/wp\/v2\/comments?post=12571"}],"wp:featuredmedia":[{"embeddable":true,"href":"https:\/\/cortex.fi\/et\/wp-json\/wp\/v2\/media\/10402"}],"wp:attachment":[{"href":"https:\/\/cortex.fi\/et\/wp-json\/wp\/v2\/media?parent=12571"}],"wp:term":[{"taxonomy":"product_brand","embeddable":true,"href":"https:\/\/cortex.fi\/et\/wp-json\/wp\/v2\/product_brand?post=12571"},{"taxonomy":"product_cat","embeddable":true,"href":"https:\/\/cortex.fi\/et\/wp-json\/wp\/v2\/product_cat?post=12571"},{"taxonomy":"product_tag","embeddable":true,"href":"https:\/\/cortex.fi\/et\/wp-json\/wp\/v2\/product_tag?post=12571"},{"taxonomy":"asiantuntija","embeddable":true,"href":"https:\/\/cortex.fi\/et\/wp-json\/wp\/v2\/asiantuntija?post=12571"},{"taxonomy":"paamies","embeddable":true,"href":"https:\/\/cortex.fi\/et\/wp-json\/wp\/v2\/paamies?post=12571"},{"taxonomy":"healthcare","embeddable":true,"href":"https:\/\/cortex.fi\/et\/wp-json\/wp\/v2\/healthcare?post=12571"},{"taxonomy":"pakkausmateriaalit","embeddable":true,"href":"https:\/\/cortex.fi\/et\/wp-json\/wp\/v2\/pakkausmateriaalit?post=12571"},{"taxonomy":"merkinta","embeddable":true,"href":"https:\/\/cortex.fi\/et\/wp-json\/wp\/v2\/merkinta?post=12571"},{"taxonomy":"pakkauskoneet","embeddable":true,"href":"https:\/\/cortex.fi\/et\/wp-json\/wp\/v2\/pakkauskoneet?post=12571"},{"taxonomy":"leipomoille","embeddable":true,"href":"https:\/\/cortex.fi\/et\/wp-json\/wp\/v2\/leipomoille?post=12571"},{"taxonomy":"tarkennus","embeddable":true,"href":"https:\/\/cortex.fi\/et\/wp-json\/wp\/v2\/tarkennus?post=12571"},{"taxonomy":"outlet","embeddable":true,"href":"https:\/\/cortex.fi\/et\/wp-json\/wp\/v2\/outlet?post=12571"}],"curies":[{"name":"wp","href":"https:\/\/api.w.org\/{rel}","templated":true}]}}