{"id":12564,"date":"2023-07-21T13:58:52","date_gmt":"2023-07-21T10:58:52","guid":{"rendered":"https:\/\/cortex.fi\/tuote\/transpak-tp-702-pesumasin\/"},"modified":"2023-07-21T13:58:52","modified_gmt":"2023-07-21T10:58:52","slug":"transpak-tp-702-pesumasin","status":"publish","type":"product","link":"https:\/\/cortex.fi\/et\/tuote\/transpak-tp-702-pesumasin\/","title":{"rendered":"Transpak TP 702 pesumasin"},"content":{"rendered":"","protected":false},"excerpt":{"rendered":"<p>Postimehe unistus: n\u00fc\u00fcd veelgi parem, usaldusv\u00e4\u00e4rsem ja lihtsam kasutada. Kuni 65 rihma minutis ja mitmek\u00fclgne fotokelljuhtimine teevad sellest masinast v\u00e4ga populaarse ja h\u00f5lpsasti kasutatava rihmamismasina. Enam ei ole vaja kummarduda, vahetada rihmarulli puusa k\u00f5rgusel ja vanne masinasse sisestada. Kasutamise kiirendamiseks on ette n\u00e4htud juhtpaneel. Ristkinnitus ja muud sidumismeetodid on lihtsad ja kasutajas\u00f5bralikud, samas kui masina kiirus hoiab tootmise sujuvalt k\u00e4imas.<\/p>\n","protected":false},"author":11,"featured_media":11242,"comment_status":"closed","ping_status":"closed","template":"","product_brand":[],"product_cat":[526],"product_tag":[545],"asiantuntija":[],"paamies":[],"healthcare":[],"pakkausmateriaalit":[],"merkinta":[],"pakkauskoneet":[548],"leipomoille":[],"tarkennus":[],"outlet":[],"class_list":{"0":"post-12564","1":"product","2":"type-product","3":"status-publish","4":"has-post-thumbnail","6":"product_cat-pakendamismasinad","7":"product_tag-banderoleerimis-ja-banderoleerimismasinad","8":"pakkauskoneet-banderoleerimis-ja-banderoleerimismasinad","10":"first","11":"instock","12":"taxable","13":"shipping-taxable","14":"purchasable","15":"product-type-variable","16":"has-default-attributes"},"_links":{"self":[{"href":"https:\/\/cortex.fi\/et\/wp-json\/wp\/v2\/product\/12564","targetHints":{"allow":["GET"]}}],"collection":[{"href":"https:\/\/cortex.fi\/et\/wp-json\/wp\/v2\/product"}],"about":[{"href":"https:\/\/cortex.fi\/et\/wp-json\/wp\/v2\/types\/product"}],"author":[{"embeddable":true,"href":"https:\/\/cortex.fi\/et\/wp-json\/wp\/v2\/users\/11"}],"replies":[{"embeddable":true,"href":"https:\/\/cortex.fi\/et\/wp-json\/wp\/v2\/comments?post=12564"}],"wp:featuredmedia":[{"embeddable":true,"href":"https:\/\/cortex.fi\/et\/wp-json\/wp\/v2\/media\/11242"}],"wp:attachment":[{"href":"https:\/\/cortex.fi\/et\/wp-json\/wp\/v2\/media?parent=12564"}],"wp:term":[{"taxonomy":"product_brand","embeddable":true,"href":"https:\/\/cortex.fi\/et\/wp-json\/wp\/v2\/product_brand?post=12564"},{"taxonomy":"product_cat","embeddable":true,"href":"https:\/\/cortex.fi\/et\/wp-json\/wp\/v2\/product_cat?post=12564"},{"taxonomy":"product_tag","embeddable":true,"href":"https:\/\/cortex.fi\/et\/wp-json\/wp\/v2\/product_tag?post=12564"},{"taxonomy":"asiantuntija","embeddable":true,"href":"https:\/\/cortex.fi\/et\/wp-json\/wp\/v2\/asiantuntija?post=12564"},{"taxonomy":"paamies","embeddable":true,"href":"https:\/\/cortex.fi\/et\/wp-json\/wp\/v2\/paamies?post=12564"},{"taxonomy":"healthcare","embeddable":true,"href":"https:\/\/cortex.fi\/et\/wp-json\/wp\/v2\/healthcare?post=12564"},{"taxonomy":"pakkausmateriaalit","embeddable":true,"href":"https:\/\/cortex.fi\/et\/wp-json\/wp\/v2\/pakkausmateriaalit?post=12564"},{"taxonomy":"merkinta","embeddable":true,"href":"https:\/\/cortex.fi\/et\/wp-json\/wp\/v2\/merkinta?post=12564"},{"taxonomy":"pakkauskoneet","embeddable":true,"href":"https:\/\/cortex.fi\/et\/wp-json\/wp\/v2\/pakkauskoneet?post=12564"},{"taxonomy":"leipomoille","embeddable":true,"href":"https:\/\/cortex.fi\/et\/wp-json\/wp\/v2\/leipomoille?post=12564"},{"taxonomy":"tarkennus","embeddable":true,"href":"https:\/\/cortex.fi\/et\/wp-json\/wp\/v2\/tarkennus?post=12564"},{"taxonomy":"outlet","embeddable":true,"href":"https:\/\/cortex.fi\/et\/wp-json\/wp\/v2\/outlet?post=12564"}],"curies":[{"name":"wp","href":"https:\/\/api.w.org\/{rel}","templated":true}]}}