{"id":12549,"date":"2023-07-21T14:28:04","date_gmt":"2023-07-21T11:28:04","guid":{"rendered":"https:\/\/cortex.fi\/tuote\/transpak-tp-702rs-pesumasin\/"},"modified":"2024-05-13T15:31:47","modified_gmt":"2024-05-13T12:31:47","slug":"transpak-tp-702rs-pesumasin","status":"publish","type":"product","link":"https:\/\/cortex.fi\/et\/tuote\/transpak-tp-702rs-pesumasin\/","title":{"rendered":"Transpak TP 702RS pesumasin"},"content":{"rendered":"","protected":false},"excerpt":{"rendered":"<p>Sellise konstruktsiooniga saab r\u00f5ngast pingutada ka kitsaste ja \u00fcmmarguste toodete \u00fcmber. 65 rihma minutis ja mitmek\u00fclgne fotokelljuhtimine teevad sellest masinast t\u00f5eliselt kergesti kasutatava lindistusmasina. Enam ei ole vaja kummarduda, vahetada rihmarulli puusa k\u00f5rgusel ja vanne masinasse sisestada. Kiiremaks kasutamiseks on ekraanil p\u00f6\u00f6rlev juhtpaneel. Ristseotamine ja muud sidumismeetodid on lihtsad ja kasutajas\u00f5bralikud, samas kui masina kiirus hoiab tootmise sujuvalt k\u00e4imas.<\/p>\n<p>RS = v\u00e4ikesed ja \u00fcmmargused tooted.<\/p>\n","protected":false},"author":11,"featured_media":11243,"comment_status":"closed","ping_status":"closed","template":"","product_brand":[],"product_cat":[526],"product_tag":[545],"asiantuntija":[],"paamies":[],"healthcare":[],"pakkausmateriaalit":[],"merkinta":[],"pakkauskoneet":[548],"leipomoille":[],"tarkennus":[],"outlet":[],"class_list":{"0":"post-12549","1":"product","2":"type-product","3":"status-publish","4":"has-post-thumbnail","6":"product_cat-pakendamismasinad","7":"product_tag-banderoleerimis-ja-banderoleerimismasinad","8":"pakkauskoneet-banderoleerimis-ja-banderoleerimismasinad","10":"first","11":"instock","12":"taxable","13":"shipping-taxable","14":"purchasable","15":"product-type-variable","16":"has-default-attributes"},"_links":{"self":[{"href":"https:\/\/cortex.fi\/et\/wp-json\/wp\/v2\/product\/12549","targetHints":{"allow":["GET"]}}],"collection":[{"href":"https:\/\/cortex.fi\/et\/wp-json\/wp\/v2\/product"}],"about":[{"href":"https:\/\/cortex.fi\/et\/wp-json\/wp\/v2\/types\/product"}],"author":[{"embeddable":true,"href":"https:\/\/cortex.fi\/et\/wp-json\/wp\/v2\/users\/11"}],"replies":[{"embeddable":true,"href":"https:\/\/cortex.fi\/et\/wp-json\/wp\/v2\/comments?post=12549"}],"wp:featuredmedia":[{"embeddable":true,"href":"https:\/\/cortex.fi\/et\/wp-json\/wp\/v2\/media\/11243"}],"wp:attachment":[{"href":"https:\/\/cortex.fi\/et\/wp-json\/wp\/v2\/media?parent=12549"}],"wp:term":[{"taxonomy":"product_brand","embeddable":true,"href":"https:\/\/cortex.fi\/et\/wp-json\/wp\/v2\/product_brand?post=12549"},{"taxonomy":"product_cat","embeddable":true,"href":"https:\/\/cortex.fi\/et\/wp-json\/wp\/v2\/product_cat?post=12549"},{"taxonomy":"product_tag","embeddable":true,"href":"https:\/\/cortex.fi\/et\/wp-json\/wp\/v2\/product_tag?post=12549"},{"taxonomy":"asiantuntija","embeddable":true,"href":"https:\/\/cortex.fi\/et\/wp-json\/wp\/v2\/asiantuntija?post=12549"},{"taxonomy":"paamies","embeddable":true,"href":"https:\/\/cortex.fi\/et\/wp-json\/wp\/v2\/paamies?post=12549"},{"taxonomy":"healthcare","embeddable":true,"href":"https:\/\/cortex.fi\/et\/wp-json\/wp\/v2\/healthcare?post=12549"},{"taxonomy":"pakkausmateriaalit","embeddable":true,"href":"https:\/\/cortex.fi\/et\/wp-json\/wp\/v2\/pakkausmateriaalit?post=12549"},{"taxonomy":"merkinta","embeddable":true,"href":"https:\/\/cortex.fi\/et\/wp-json\/wp\/v2\/merkinta?post=12549"},{"taxonomy":"pakkauskoneet","embeddable":true,"href":"https:\/\/cortex.fi\/et\/wp-json\/wp\/v2\/pakkauskoneet?post=12549"},{"taxonomy":"leipomoille","embeddable":true,"href":"https:\/\/cortex.fi\/et\/wp-json\/wp\/v2\/leipomoille?post=12549"},{"taxonomy":"tarkennus","embeddable":true,"href":"https:\/\/cortex.fi\/et\/wp-json\/wp\/v2\/tarkennus?post=12549"},{"taxonomy":"outlet","embeddable":true,"href":"https:\/\/cortex.fi\/et\/wp-json\/wp\/v2\/outlet?post=12549"}],"curies":[{"name":"wp","href":"https:\/\/api.w.org\/{rel}","templated":true}]}}