{"id":12548,"date":"2024-03-12T10:50:26","date_gmt":"2024-03-12T08:50:26","guid":{"rendered":"https:\/\/cortex.fi\/tuote\/flowpack-horisontaalne-pakendamismasin-pfm-falcon\/"},"modified":"2024-05-13T15:31:51","modified_gmt":"2024-05-13T12:31:51","slug":"flowpack-horisontaalne-pakendamismasin-pfm-falcon","status":"publish","type":"product","link":"https:\/\/cortex.fi\/et\/tuote\/flowpack-horisontaalne-pakendamismasin-pfm-falcon\/","title":{"rendered":"Flowpack horisontaalne pakendamismasin PFM Falcon"},"content":{"rendered":"","protected":false},"excerpt":{"rendered":"<p>T\u00e4ielikult servojuhtimisega PFM Falcon on v\u00e4ga paindlik masin, mis suudab t\u00f6\u00f6delda laia tootevalikut l\u00fchikese tootep\u00f6\u00f6rdeajaga. Falcon on saadaval 9 erinevas versioonis, et vastata k\u00f5ikidele toote- ja tootmisn\u00f5uetele. K\u00f5ik masina mehaanilised ja elektroonilised komponendid asuvad masina tagaosas eraldi ja kaitstud aladel. Seadme esiosa on siis vaba, mis v\u00f5imaldab h\u00f5lpsasti ja kiiresti puhastada k\u00f5iki tootega kokku puutuvaid osi. PFM Long Dwell tihenduss\u00fcsteem tagab hermeetilise tihenduse, saadaval Falcon Long Dwell HS versioonis.<\/p>\n<p>Masin on saadaval ka Falcon BB versioonina, mille kilerullid on paigutatud masina alla ja kile s\u00f6\u00f6tmine toote alla.<\/p>\n","protected":false},"author":5,"featured_media":11383,"comment_status":"closed","ping_status":"closed","template":"","product_brand":[],"product_cat":[526],"product_tag":[540],"asiantuntija":[],"paamies":[],"healthcare":[],"pakkausmateriaalit":[],"merkinta":[],"pakkauskoneet":[539],"leipomoille":[],"tarkennus":[541],"outlet":[],"class_list":{"0":"post-12548","1":"product","2":"type-product","3":"status-publish","4":"has-post-thumbnail","6":"product_cat-pakendamismasinad","7":"product_tag-flowpack-et","8":"pakkauskoneet-flowpack-et","9":"tarkennus-horisontaalsed-pakendamismasinad","11":"first","12":"instock","13":"taxable","14":"shipping-taxable","15":"purchasable","16":"product-type-simple"},"_links":{"self":[{"href":"https:\/\/cortex.fi\/et\/wp-json\/wp\/v2\/product\/12548","targetHints":{"allow":["GET"]}}],"collection":[{"href":"https:\/\/cortex.fi\/et\/wp-json\/wp\/v2\/product"}],"about":[{"href":"https:\/\/cortex.fi\/et\/wp-json\/wp\/v2\/types\/product"}],"author":[{"embeddable":true,"href":"https:\/\/cortex.fi\/et\/wp-json\/wp\/v2\/users\/5"}],"replies":[{"embeddable":true,"href":"https:\/\/cortex.fi\/et\/wp-json\/wp\/v2\/comments?post=12548"}],"wp:featuredmedia":[{"embeddable":true,"href":"https:\/\/cortex.fi\/et\/wp-json\/wp\/v2\/media\/11383"}],"wp:attachment":[{"href":"https:\/\/cortex.fi\/et\/wp-json\/wp\/v2\/media?parent=12548"}],"wp:term":[{"taxonomy":"product_brand","embeddable":true,"href":"https:\/\/cortex.fi\/et\/wp-json\/wp\/v2\/product_brand?post=12548"},{"taxonomy":"product_cat","embeddable":true,"href":"https:\/\/cortex.fi\/et\/wp-json\/wp\/v2\/product_cat?post=12548"},{"taxonomy":"product_tag","embeddable":true,"href":"https:\/\/cortex.fi\/et\/wp-json\/wp\/v2\/product_tag?post=12548"},{"taxonomy":"asiantuntija","embeddable":true,"href":"https:\/\/cortex.fi\/et\/wp-json\/wp\/v2\/asiantuntija?post=12548"},{"taxonomy":"paamies","embeddable":true,"href":"https:\/\/cortex.fi\/et\/wp-json\/wp\/v2\/paamies?post=12548"},{"taxonomy":"healthcare","embeddable":true,"href":"https:\/\/cortex.fi\/et\/wp-json\/wp\/v2\/healthcare?post=12548"},{"taxonomy":"pakkausmateriaalit","embeddable":true,"href":"https:\/\/cortex.fi\/et\/wp-json\/wp\/v2\/pakkausmateriaalit?post=12548"},{"taxonomy":"merkinta","embeddable":true,"href":"https:\/\/cortex.fi\/et\/wp-json\/wp\/v2\/merkinta?post=12548"},{"taxonomy":"pakkauskoneet","embeddable":true,"href":"https:\/\/cortex.fi\/et\/wp-json\/wp\/v2\/pakkauskoneet?post=12548"},{"taxonomy":"leipomoille","embeddable":true,"href":"https:\/\/cortex.fi\/et\/wp-json\/wp\/v2\/leipomoille?post=12548"},{"taxonomy":"tarkennus","embeddable":true,"href":"https:\/\/cortex.fi\/et\/wp-json\/wp\/v2\/tarkennus?post=12548"},{"taxonomy":"outlet","embeddable":true,"href":"https:\/\/cortex.fi\/et\/wp-json\/wp\/v2\/outlet?post=12548"}],"curies":[{"name":"wp","href":"https:\/\/api.w.org\/{rel}","templated":true}]}}