{"id":12515,"date":"2023-07-25T09:16:23","date_gmt":"2023-07-25T06:16:23","guid":{"rendered":"https:\/\/cortex.fi\/tuote\/pakkimismasin-robopac-masterplat-plus\/"},"modified":"2024-05-13T15:31:41","modified_gmt":"2024-05-13T12:31:41","slug":"pakkimismasin-robopac-masterplat-plus","status":"publish","type":"product","link":"https:\/\/cortex.fi\/et\/tuote\/pakkimismasin-robopac-masterplat-plus\/","title":{"rendered":"Pakkimismasin Robopac Masterplat Plus"},"content":{"rendered":"","protected":false},"excerpt":{"rendered":"<p>Poolautomaatne pingutuspakkimismasin, mille v\u00f5ib j\u00e4tta kaubaaluse ise pakkimiseks, kui kile on kinnitatud ja masin on k\u00e4ivitatud. Robopac tutvustab t\u00e4iesti uut Masterplat pakkimismasinat, mis \u00fchendab Ecoplati lihtsuse ja Rotoplati j\u00f5udluse. Masterplatil on 3,5-tolline digitaalne v\u00e4rviline ekraan, mis teeb selle kasutamise kiireks ja lihtsaks. Digitaalsel ekraanil on s\u00fcmbolid, mis aitavad kasutajat.<br \/>\n<strong><br \/>\nMembraani venitamine saadaval<\/strong><br \/>\nMehaaniline h\u00f5\u00f5rdepidur, t\u00fc\u00fcp FRD, reguleeritav diafragmaliugist.<\/p>\n<p>Mootoriga eelpingutus t\u00fc\u00fcp PGS fikseeritud hammasratastega 200 % v\u00f5i 300 % V\u00f5imalus reguleerida kilepinget k\u00e4sitsi.<br \/>\nEelpinget saab reguleerida, muutes k\u00e4ike 150%, 200%, 250% v\u00f5i 300% v\u00f5rra.<\/p>\n","protected":false},"author":11,"featured_media":11249,"comment_status":"closed","ping_status":"closed","template":"","product_brand":[],"product_cat":[526],"product_tag":[527],"asiantuntija":[],"paamies":[],"healthcare":[],"pakkausmateriaalit":[],"merkinta":[],"pakkauskoneet":[505],"leipomoille":[],"tarkennus":[542],"outlet":[],"class_list":{"0":"post-12515","1":"product","2":"type-product","3":"status-publish","4":"has-post-thumbnail","6":"product_cat-pakendamismasinad","7":"product_tag-pakkimismasin","8":"pakkauskoneet-kaarintakone-et","9":"tarkennus-poolautomaatsed-pakkimismasinad","11":"first","12":"instock","13":"taxable","14":"shipping-taxable","15":"purchasable","16":"product-type-variable","17":"has-default-attributes"},"_links":{"self":[{"href":"https:\/\/cortex.fi\/et\/wp-json\/wp\/v2\/product\/12515","targetHints":{"allow":["GET"]}}],"collection":[{"href":"https:\/\/cortex.fi\/et\/wp-json\/wp\/v2\/product"}],"about":[{"href":"https:\/\/cortex.fi\/et\/wp-json\/wp\/v2\/types\/product"}],"author":[{"embeddable":true,"href":"https:\/\/cortex.fi\/et\/wp-json\/wp\/v2\/users\/11"}],"replies":[{"embeddable":true,"href":"https:\/\/cortex.fi\/et\/wp-json\/wp\/v2\/comments?post=12515"}],"wp:featuredmedia":[{"embeddable":true,"href":"https:\/\/cortex.fi\/et\/wp-json\/wp\/v2\/media\/11249"}],"wp:attachment":[{"href":"https:\/\/cortex.fi\/et\/wp-json\/wp\/v2\/media?parent=12515"}],"wp:term":[{"taxonomy":"product_brand","embeddable":true,"href":"https:\/\/cortex.fi\/et\/wp-json\/wp\/v2\/product_brand?post=12515"},{"taxonomy":"product_cat","embeddable":true,"href":"https:\/\/cortex.fi\/et\/wp-json\/wp\/v2\/product_cat?post=12515"},{"taxonomy":"product_tag","embeddable":true,"href":"https:\/\/cortex.fi\/et\/wp-json\/wp\/v2\/product_tag?post=12515"},{"taxonomy":"asiantuntija","embeddable":true,"href":"https:\/\/cortex.fi\/et\/wp-json\/wp\/v2\/asiantuntija?post=12515"},{"taxonomy":"paamies","embeddable":true,"href":"https:\/\/cortex.fi\/et\/wp-json\/wp\/v2\/paamies?post=12515"},{"taxonomy":"healthcare","embeddable":true,"href":"https:\/\/cortex.fi\/et\/wp-json\/wp\/v2\/healthcare?post=12515"},{"taxonomy":"pakkausmateriaalit","embeddable":true,"href":"https:\/\/cortex.fi\/et\/wp-json\/wp\/v2\/pakkausmateriaalit?post=12515"},{"taxonomy":"merkinta","embeddable":true,"href":"https:\/\/cortex.fi\/et\/wp-json\/wp\/v2\/merkinta?post=12515"},{"taxonomy":"pakkauskoneet","embeddable":true,"href":"https:\/\/cortex.fi\/et\/wp-json\/wp\/v2\/pakkauskoneet?post=12515"},{"taxonomy":"leipomoille","embeddable":true,"href":"https:\/\/cortex.fi\/et\/wp-json\/wp\/v2\/leipomoille?post=12515"},{"taxonomy":"tarkennus","embeddable":true,"href":"https:\/\/cortex.fi\/et\/wp-json\/wp\/v2\/tarkennus?post=12515"},{"taxonomy":"outlet","embeddable":true,"href":"https:\/\/cortex.fi\/et\/wp-json\/wp\/v2\/outlet?post=12515"}],"curies":[{"name":"wp","href":"https:\/\/api.w.org\/{rel}","templated":true}]}}