{"id":12490,"date":"2023-08-26T10:23:22","date_gmt":"2023-08-26T07:23:22","guid":{"rendered":"https:\/\/cortex.fi\/tuote\/pakkimismasin-robopac-rototech-3000-pgs\/"},"modified":"2024-05-13T15:31:39","modified_gmt":"2024-05-13T12:31:39","slug":"pakkimismasin-robopac-rototech-3000-pgs","status":"publish","type":"product","link":"https:\/\/cortex.fi\/et\/tuote\/pakkimismasin-robopac-rototech-3000-pgs\/","title":{"rendered":"Pakkimismasin Robopac Rototech 3000 PGS"},"content":{"rendered":"","protected":false},"excerpt":{"rendered":"<p>T\u00e4isautomaatne venituspakendamismasin koos pakendamiskammiga, mis pakendab kaubaaluse ise, masin kinnitab kile automaatselt ja l\u00f5ikab selle pakkimise l\u00f5pus \u00e4ra. Masina kasutusmugavus ja t\u00f6\u00f6kindlus on tipptasemel, mis annab kasutajale eelise kasutuskulude osas ja v\u00f5imaluse valmistada pakkimismasinat v\u00e4ikese eelarvega. Uus 8-seeria uuendusliku puutetundliku juhtimisega.<\/p>\n<p>See mitmekihilise tarkvaraga masin v\u00f5imaldab toodet pakendada viies erinevas kihis. Membraani pinget, tugevdusts\u00fckleid, p\u00f6\u00f6rlemiskiirust ja rulli kiirust saab reguleerida iga kihi jaoks eraldi ja isegi erinevaid v\u00e4\u00e4rtusi rulli t\u00f5usu v\u00f5i languse jaoks. See v\u00f5imaldab v\u00f5imalikult madalat kilekulu ja parimat v\u00f5imalikku tootmiskiirust. Kasutaja saab masinat h\u00f5lpsasti reguleerida puuteekraani kaudu ja salvestada v\u00e4\u00e4rtused kuues masina pakkimisprogrammis.<\/p>\n<p>Eelpingestav kilerull, t\u00fc\u00fcp PGS, eelpingestus 250%, kilepinge reguleeritav juhtpaneelilt.<\/p>\n","protected":false},"author":11,"featured_media":11276,"comment_status":"closed","ping_status":"closed","template":"","product_brand":[],"product_cat":[526],"product_tag":[527],"asiantuntija":[],"paamies":[],"healthcare":[],"pakkausmateriaalit":[],"merkinta":[],"pakkauskoneet":[505],"leipomoille":[],"tarkennus":[524],"outlet":[],"class_list":{"0":"post-12490","1":"product","2":"type-product","3":"status-publish","4":"has-post-thumbnail","6":"product_cat-pakendamismasinad","7":"product_tag-pakkimismasin","8":"pakkauskoneet-kaarintakone-et","9":"tarkennus-taisautomaatsed-pakkimismasinad","11":"first","12":"instock","13":"taxable","14":"shipping-taxable","15":"purchasable","16":"product-type-simple"},"_links":{"self":[{"href":"https:\/\/cortex.fi\/et\/wp-json\/wp\/v2\/product\/12490","targetHints":{"allow":["GET"]}}],"collection":[{"href":"https:\/\/cortex.fi\/et\/wp-json\/wp\/v2\/product"}],"about":[{"href":"https:\/\/cortex.fi\/et\/wp-json\/wp\/v2\/types\/product"}],"author":[{"embeddable":true,"href":"https:\/\/cortex.fi\/et\/wp-json\/wp\/v2\/users\/11"}],"replies":[{"embeddable":true,"href":"https:\/\/cortex.fi\/et\/wp-json\/wp\/v2\/comments?post=12490"}],"wp:featuredmedia":[{"embeddable":true,"href":"https:\/\/cortex.fi\/et\/wp-json\/wp\/v2\/media\/11276"}],"wp:attachment":[{"href":"https:\/\/cortex.fi\/et\/wp-json\/wp\/v2\/media?parent=12490"}],"wp:term":[{"taxonomy":"product_brand","embeddable":true,"href":"https:\/\/cortex.fi\/et\/wp-json\/wp\/v2\/product_brand?post=12490"},{"taxonomy":"product_cat","embeddable":true,"href":"https:\/\/cortex.fi\/et\/wp-json\/wp\/v2\/product_cat?post=12490"},{"taxonomy":"product_tag","embeddable":true,"href":"https:\/\/cortex.fi\/et\/wp-json\/wp\/v2\/product_tag?post=12490"},{"taxonomy":"asiantuntija","embeddable":true,"href":"https:\/\/cortex.fi\/et\/wp-json\/wp\/v2\/asiantuntija?post=12490"},{"taxonomy":"paamies","embeddable":true,"href":"https:\/\/cortex.fi\/et\/wp-json\/wp\/v2\/paamies?post=12490"},{"taxonomy":"healthcare","embeddable":true,"href":"https:\/\/cortex.fi\/et\/wp-json\/wp\/v2\/healthcare?post=12490"},{"taxonomy":"pakkausmateriaalit","embeddable":true,"href":"https:\/\/cortex.fi\/et\/wp-json\/wp\/v2\/pakkausmateriaalit?post=12490"},{"taxonomy":"merkinta","embeddable":true,"href":"https:\/\/cortex.fi\/et\/wp-json\/wp\/v2\/merkinta?post=12490"},{"taxonomy":"pakkauskoneet","embeddable":true,"href":"https:\/\/cortex.fi\/et\/wp-json\/wp\/v2\/pakkauskoneet?post=12490"},{"taxonomy":"leipomoille","embeddable":true,"href":"https:\/\/cortex.fi\/et\/wp-json\/wp\/v2\/leipomoille?post=12490"},{"taxonomy":"tarkennus","embeddable":true,"href":"https:\/\/cortex.fi\/et\/wp-json\/wp\/v2\/tarkennus?post=12490"},{"taxonomy":"outlet","embeddable":true,"href":"https:\/\/cortex.fi\/et\/wp-json\/wp\/v2\/outlet?post=12490"}],"curies":[{"name":"wp","href":"https:\/\/api.w.org\/{rel}","templated":true}]}}