{"id":12484,"date":"2023-07-25T15:26:02","date_gmt":"2023-07-25T12:26:02","guid":{"rendered":"https:\/\/cortex.fi\/tuote\/pakkimismasin-robopac-ecowrap-plus-xl-frd\/"},"modified":"2024-05-13T15:31:31","modified_gmt":"2024-05-13T12:31:31","slug":"pakkimismasin-robopac-ecowrap-plus-xl-frd","status":"publish","type":"product","link":"https:\/\/cortex.fi\/et\/tuote\/pakkimismasin-robopac-ecowrap-plus-xl-frd\/","title":{"rendered":"Pakkimismasin Robopac EcoWrap Plus XL FRD"},"content":{"rendered":"","protected":false},"excerpt":{"rendered":"<p>Poolautomaatne v\u00e4ntv\u00f5lliga pakkimismasin, kus v\u00e4ntv\u00f5lg p\u00f6\u00f6rleb \u00fcmber pakkimispaleti\/rulli. Selle masinaga on v\u00f5imalik pakendada ebastabiilseid v\u00f5i raskeid kaubaaluseid, sest kaubaalus j\u00e4\u00e4b kogu pakkimisprotsessi jooksul paigale. Kui kile on kinnitatud ja masin on k\u00e4ivitatud, v\u00f5ib masinale j\u00e4tta kaubaaluse pakkimise ise. Masin peab olema kinnitatud p\u00f5randale. Ecowrap masina puhul kasutatakse 6 kg kaaluga rullikut. Lihtne kasutada digitaalse ekraani ja selgete ikoonidega juhtpaneel.<\/p>\n<p><strong>Membraani venitamine<\/strong><br \/>\nFRD-t\u00fc\u00fcpi h\u00f5\u00f5rdepidur, mis on reguleeritav membraanilihast.<\/p>\n","protected":false},"author":11,"featured_media":11247,"comment_status":"closed","ping_status":"closed","template":"","product_brand":[],"product_cat":[526],"product_tag":[527],"asiantuntija":[],"paamies":[],"healthcare":[],"pakkausmateriaalit":[],"merkinta":[],"pakkauskoneet":[505],"leipomoille":[],"tarkennus":[542],"outlet":[],"class_list":{"0":"post-12484","1":"product","2":"type-product","3":"status-publish","4":"has-post-thumbnail","6":"product_cat-pakendamismasinad","7":"product_tag-pakkimismasin","8":"pakkauskoneet-kaarintakone-et","9":"tarkennus-poolautomaatsed-pakkimismasinad","11":"first","12":"instock","13":"taxable","14":"shipping-taxable","15":"purchasable","16":"product-type-simple"},"_links":{"self":[{"href":"https:\/\/cortex.fi\/et\/wp-json\/wp\/v2\/product\/12484","targetHints":{"allow":["GET"]}}],"collection":[{"href":"https:\/\/cortex.fi\/et\/wp-json\/wp\/v2\/product"}],"about":[{"href":"https:\/\/cortex.fi\/et\/wp-json\/wp\/v2\/types\/product"}],"author":[{"embeddable":true,"href":"https:\/\/cortex.fi\/et\/wp-json\/wp\/v2\/users\/11"}],"replies":[{"embeddable":true,"href":"https:\/\/cortex.fi\/et\/wp-json\/wp\/v2\/comments?post=12484"}],"wp:featuredmedia":[{"embeddable":true,"href":"https:\/\/cortex.fi\/et\/wp-json\/wp\/v2\/media\/11247"}],"wp:attachment":[{"href":"https:\/\/cortex.fi\/et\/wp-json\/wp\/v2\/media?parent=12484"}],"wp:term":[{"taxonomy":"product_brand","embeddable":true,"href":"https:\/\/cortex.fi\/et\/wp-json\/wp\/v2\/product_brand?post=12484"},{"taxonomy":"product_cat","embeddable":true,"href":"https:\/\/cortex.fi\/et\/wp-json\/wp\/v2\/product_cat?post=12484"},{"taxonomy":"product_tag","embeddable":true,"href":"https:\/\/cortex.fi\/et\/wp-json\/wp\/v2\/product_tag?post=12484"},{"taxonomy":"asiantuntija","embeddable":true,"href":"https:\/\/cortex.fi\/et\/wp-json\/wp\/v2\/asiantuntija?post=12484"},{"taxonomy":"paamies","embeddable":true,"href":"https:\/\/cortex.fi\/et\/wp-json\/wp\/v2\/paamies?post=12484"},{"taxonomy":"healthcare","embeddable":true,"href":"https:\/\/cortex.fi\/et\/wp-json\/wp\/v2\/healthcare?post=12484"},{"taxonomy":"pakkausmateriaalit","embeddable":true,"href":"https:\/\/cortex.fi\/et\/wp-json\/wp\/v2\/pakkausmateriaalit?post=12484"},{"taxonomy":"merkinta","embeddable":true,"href":"https:\/\/cortex.fi\/et\/wp-json\/wp\/v2\/merkinta?post=12484"},{"taxonomy":"pakkauskoneet","embeddable":true,"href":"https:\/\/cortex.fi\/et\/wp-json\/wp\/v2\/pakkauskoneet?post=12484"},{"taxonomy":"leipomoille","embeddable":true,"href":"https:\/\/cortex.fi\/et\/wp-json\/wp\/v2\/leipomoille?post=12484"},{"taxonomy":"tarkennus","embeddable":true,"href":"https:\/\/cortex.fi\/et\/wp-json\/wp\/v2\/tarkennus?post=12484"},{"taxonomy":"outlet","embeddable":true,"href":"https:\/\/cortex.fi\/et\/wp-json\/wp\/v2\/outlet?post=12484"}],"curies":[{"name":"wp","href":"https:\/\/api.w.org\/{rel}","templated":true}]}}