{"id":12482,"date":"2023-07-25T08:47:59","date_gmt":"2023-07-25T05:47:59","guid":{"rendered":"https:\/\/cortex.fi\/tuote\/teipimismasin-robopac-robotape-50-me\/"},"modified":"2024-05-13T15:31:40","modified_gmt":"2024-05-13T12:31:40","slug":"teipimismasin-robopac-robotape-50-me","status":"publish","type":"product","link":"https:\/\/cortex.fi\/et\/tuote\/teipimismasin-robopac-robotape-50-me\/","title":{"rendered":"Teipimismasin Robopac Robotape 50 ME"},"content":{"rendered":"","protected":false},"excerpt":{"rendered":"<p>Poolautomaatne teipimismasin k\u00e4sitsi reguleeritav erinevate suuruste kastide jaoks. 50 mm laiused mootoriga rihmad. Teipige korraga nii kaane kui ka p\u00f5hja. Masina raam on valmistatud terasplaatidest, mis on \u00fcle\u00fcldiselt v\u00e4rvitud. Kasti l\u00e4bip\u00e4\u00e4s on teostatud lintkonveierite ja terast\u00f6\u00f6pindadega allosas. 2-mastiline raam, millel on \u00fcks t\u00f5stekruvi, et tagada \u00fclemise mastipea s\u00fcnkroonne liikumine. Start &amp; Stop ja Emergency Stop nupud kasutajas\u00f5bralikus kohas.<\/p>\n<p><strong> <\/strong><\/p>\n","protected":false},"author":11,"featured_media":11259,"comment_status":"closed","ping_status":"closed","template":"","product_brand":[],"product_cat":[526],"product_tag":[538],"asiantuntija":[],"paamies":[],"healthcare":[],"pakkausmateriaalit":[],"merkinta":[],"pakkauskoneet":[537],"leipomoille":[],"tarkennus":[],"outlet":[],"class_list":{"0":"post-12482","1":"product","2":"type-product","3":"status-publish","4":"has-post-thumbnail","6":"product_cat-pakendamismasinad","7":"product_tag-lindimasinad-ja-karbivormijad","8":"pakkauskoneet-lindimasinad-ja-karbivormijad","10":"first","11":"instock","12":"taxable","13":"shipping-taxable","14":"purchasable","15":"product-type-simple"},"_links":{"self":[{"href":"https:\/\/cortex.fi\/et\/wp-json\/wp\/v2\/product\/12482","targetHints":{"allow":["GET"]}}],"collection":[{"href":"https:\/\/cortex.fi\/et\/wp-json\/wp\/v2\/product"}],"about":[{"href":"https:\/\/cortex.fi\/et\/wp-json\/wp\/v2\/types\/product"}],"author":[{"embeddable":true,"href":"https:\/\/cortex.fi\/et\/wp-json\/wp\/v2\/users\/11"}],"replies":[{"embeddable":true,"href":"https:\/\/cortex.fi\/et\/wp-json\/wp\/v2\/comments?post=12482"}],"wp:featuredmedia":[{"embeddable":true,"href":"https:\/\/cortex.fi\/et\/wp-json\/wp\/v2\/media\/11259"}],"wp:attachment":[{"href":"https:\/\/cortex.fi\/et\/wp-json\/wp\/v2\/media?parent=12482"}],"wp:term":[{"taxonomy":"product_brand","embeddable":true,"href":"https:\/\/cortex.fi\/et\/wp-json\/wp\/v2\/product_brand?post=12482"},{"taxonomy":"product_cat","embeddable":true,"href":"https:\/\/cortex.fi\/et\/wp-json\/wp\/v2\/product_cat?post=12482"},{"taxonomy":"product_tag","embeddable":true,"href":"https:\/\/cortex.fi\/et\/wp-json\/wp\/v2\/product_tag?post=12482"},{"taxonomy":"asiantuntija","embeddable":true,"href":"https:\/\/cortex.fi\/et\/wp-json\/wp\/v2\/asiantuntija?post=12482"},{"taxonomy":"paamies","embeddable":true,"href":"https:\/\/cortex.fi\/et\/wp-json\/wp\/v2\/paamies?post=12482"},{"taxonomy":"healthcare","embeddable":true,"href":"https:\/\/cortex.fi\/et\/wp-json\/wp\/v2\/healthcare?post=12482"},{"taxonomy":"pakkausmateriaalit","embeddable":true,"href":"https:\/\/cortex.fi\/et\/wp-json\/wp\/v2\/pakkausmateriaalit?post=12482"},{"taxonomy":"merkinta","embeddable":true,"href":"https:\/\/cortex.fi\/et\/wp-json\/wp\/v2\/merkinta?post=12482"},{"taxonomy":"pakkauskoneet","embeddable":true,"href":"https:\/\/cortex.fi\/et\/wp-json\/wp\/v2\/pakkauskoneet?post=12482"},{"taxonomy":"leipomoille","embeddable":true,"href":"https:\/\/cortex.fi\/et\/wp-json\/wp\/v2\/leipomoille?post=12482"},{"taxonomy":"tarkennus","embeddable":true,"href":"https:\/\/cortex.fi\/et\/wp-json\/wp\/v2\/tarkennus?post=12482"},{"taxonomy":"outlet","embeddable":true,"href":"https:\/\/cortex.fi\/et\/wp-json\/wp\/v2\/outlet?post=12482"}],"curies":[{"name":"wp","href":"https:\/\/api.w.org\/{rel}","templated":true}]}}