{"id":12480,"date":"2023-10-13T15:22:19","date_gmt":"2023-10-13T12:22:19","guid":{"rendered":"https:\/\/cortex.fi\/tuote\/tindijuga-kortho-tij\/"},"modified":"2024-05-13T15:32:02","modified_gmt":"2024-05-13T12:32:02","slug":"tindijuga-kortho-tij","status":"publish","type":"product","link":"https:\/\/cortex.fi\/et\/tuote\/tindijuga-kortho-tij\/","title":{"rendered":"Tindijuga Kortho Tij"},"content":{"rendered":"","protected":false},"excerpt":{"rendered":"<p>Kortho Tij tindiprits on ideaalne lahendus toodete m\u00e4rgistamiseks kiiretel tootmisliinidel. Kortho Tij on v\u00f5imas ja mitmek\u00fclgne tindiprinter, mis on m\u00f5eldud n\u00f5udlikesse keskkondadesse ning tr\u00fckib teksti, graafikat, logosid, v\u00f6\u00f6tkoode ja 2D-koode paljudele erinevatele materjalidele.<\/p>\n<p><strong>Robocap\u2122 <\/strong>tagab tindikasseti t\u00f5husa ja pideva kasutamise. Kasseti kirjutamispea esiosa on automaatselt kaitstud mustuse ja ummistuste eest.<\/p>\n<p><strong>POLYtij\u2122 <\/strong>tindikassett on turul k\u00f5ige kiiremini kuivav. See v\u00f5imaldab teil n\u00e4iteks. m\u00e4rgistus klaasil v\u00f5i terasel.<\/p>\n<p>Lihtsalt kasutatav tasuta tarkvara v\u00f5imaldab teil luua oma s\u00f5numi v\u00f5i kasutada \u00fchte eelnevalt m\u00e4\u00e4ratletud s\u00f5numi malli.<\/p>\n","protected":false},"author":6,"featured_media":11316,"comment_status":"closed","ping_status":"closed","template":"","product_brand":[],"product_cat":[519],"product_tag":[544],"asiantuntija":[],"paamies":[],"healthcare":[],"pakkausmateriaalit":[],"merkinta":[543],"pakkauskoneet":[],"leipomoille":[],"tarkennus":[],"outlet":[],"class_list":{"0":"post-12480","1":"product","2":"type-product","3":"status-publish","4":"has-post-thumbnail","6":"product_cat-sisestus","7":"product_tag-tindiprits","8":"merkinta-tindiprits","10":"first","11":"instock","12":"taxable","13":"shipping-taxable","14":"purchasable","15":"product-type-simple"},"_links":{"self":[{"href":"https:\/\/cortex.fi\/et\/wp-json\/wp\/v2\/product\/12480","targetHints":{"allow":["GET"]}}],"collection":[{"href":"https:\/\/cortex.fi\/et\/wp-json\/wp\/v2\/product"}],"about":[{"href":"https:\/\/cortex.fi\/et\/wp-json\/wp\/v2\/types\/product"}],"author":[{"embeddable":true,"href":"https:\/\/cortex.fi\/et\/wp-json\/wp\/v2\/users\/6"}],"replies":[{"embeddable":true,"href":"https:\/\/cortex.fi\/et\/wp-json\/wp\/v2\/comments?post=12480"}],"wp:featuredmedia":[{"embeddable":true,"href":"https:\/\/cortex.fi\/et\/wp-json\/wp\/v2\/media\/11316"}],"wp:attachment":[{"href":"https:\/\/cortex.fi\/et\/wp-json\/wp\/v2\/media?parent=12480"}],"wp:term":[{"taxonomy":"product_brand","embeddable":true,"href":"https:\/\/cortex.fi\/et\/wp-json\/wp\/v2\/product_brand?post=12480"},{"taxonomy":"product_cat","embeddable":true,"href":"https:\/\/cortex.fi\/et\/wp-json\/wp\/v2\/product_cat?post=12480"},{"taxonomy":"product_tag","embeddable":true,"href":"https:\/\/cortex.fi\/et\/wp-json\/wp\/v2\/product_tag?post=12480"},{"taxonomy":"asiantuntija","embeddable":true,"href":"https:\/\/cortex.fi\/et\/wp-json\/wp\/v2\/asiantuntija?post=12480"},{"taxonomy":"paamies","embeddable":true,"href":"https:\/\/cortex.fi\/et\/wp-json\/wp\/v2\/paamies?post=12480"},{"taxonomy":"healthcare","embeddable":true,"href":"https:\/\/cortex.fi\/et\/wp-json\/wp\/v2\/healthcare?post=12480"},{"taxonomy":"pakkausmateriaalit","embeddable":true,"href":"https:\/\/cortex.fi\/et\/wp-json\/wp\/v2\/pakkausmateriaalit?post=12480"},{"taxonomy":"merkinta","embeddable":true,"href":"https:\/\/cortex.fi\/et\/wp-json\/wp\/v2\/merkinta?post=12480"},{"taxonomy":"pakkauskoneet","embeddable":true,"href":"https:\/\/cortex.fi\/et\/wp-json\/wp\/v2\/pakkauskoneet?post=12480"},{"taxonomy":"leipomoille","embeddable":true,"href":"https:\/\/cortex.fi\/et\/wp-json\/wp\/v2\/leipomoille?post=12480"},{"taxonomy":"tarkennus","embeddable":true,"href":"https:\/\/cortex.fi\/et\/wp-json\/wp\/v2\/tarkennus?post=12480"},{"taxonomy":"outlet","embeddable":true,"href":"https:\/\/cortex.fi\/et\/wp-json\/wp\/v2\/outlet?post=12480"}],"curies":[{"name":"wp","href":"https:\/\/api.w.org\/{rel}","templated":true}]}}