{"id":12473,"date":"2023-08-26T10:35:37","date_gmt":"2023-08-26T07:35:37","guid":{"rendered":"https:\/\/cortex.fi\/tuote\/pakkimismasin-technoplat-cs-cw-508-pds\/"},"modified":"2024-05-13T15:31:37","modified_gmt":"2024-05-13T12:31:37","slug":"pakkimismasin-technoplat-cs-cw-508-pds","status":"publish","type":"product","link":"https:\/\/cortex.fi\/et\/tuote\/pakkimismasin-technoplat-cs-cw-508-pds\/","title":{"rendered":"Pakkimismasin Technoplat CS\/CW 508 PDS"},"content":{"rendered":"","protected":false},"excerpt":{"rendered":"<p>Automaatne pingutuspakkimismasin, mis pakib kaubaaluse ise. Masin paneb kile automaatselt peale ja l\u00f5ikab selle pakkimisprotsessi l\u00f5pus \u00e4ra. Masina kasutusmugavus ja t\u00f6\u00f6kindlus on tipptasemel, mis annab kasutajale eelise kasutuskulude osas ja v\u00f5imaluse valmistada pakkimismasinat v\u00e4ikese eelarvega.<\/p>\n<p>CS-mudel p\u00fchib saba p\u00e4rast tera k\u00fcljes oleva kile maha l\u00f5ikamist harjaga.<br \/>\nCW mudeli \u00f5mblused p\u00e4rast membraani saba l\u00f5ikamist tera k\u00fcljel<\/p>\n<p>Uus 8-seeria uuendusliku puutetundliku juhtimisega.<\/p>\n<p>See mitmekihilise tarkvaraga masin v\u00f5imaldab programmeerida toote pakkimist \u00fcheksas erinevas kihis. Membraani pinget, tugevdusts\u00fckleid, p\u00f6\u00f6rlemiskiirust ja rulli kiirust saab reguleerida iga kihi jaoks eraldi ja isegi erinevaid v\u00e4\u00e4rtusi rulli t\u00f5usu v\u00f5i languse jaoks. See v\u00f5imaldab v\u00f5imalikult madalat kilekulu ja parimat v\u00f5imalikku tootmiskiirust. Kasutaja saab masinat h\u00f5lpsasti reguleerida puuteekraani kaudu ja salvestada v\u00e4\u00e4rtused kaheteistk\u00fcmnesse masina pakkimisprogrammi. Eelpingestav kilerull, t\u00fc\u00fcp PDS, eelpingestus 250%, kilepinge reguleeritav juhtpaneelilt.<\/p>\n","protected":false},"author":11,"featured_media":11279,"comment_status":"closed","ping_status":"closed","template":"","product_brand":[],"product_cat":[526],"product_tag":[527],"asiantuntija":[],"paamies":[],"healthcare":[],"pakkausmateriaalit":[],"merkinta":[],"pakkauskoneet":[505],"leipomoille":[],"tarkennus":[],"outlet":[],"class_list":{"0":"post-12473","1":"product","2":"type-product","3":"status-publish","4":"has-post-thumbnail","6":"product_cat-pakendamismasinad","7":"product_tag-pakkimismasin","8":"pakkauskoneet-kaarintakone-et","10":"first","11":"instock","12":"taxable","13":"shipping-taxable","14":"purchasable","15":"product-type-simple"},"_links":{"self":[{"href":"https:\/\/cortex.fi\/et\/wp-json\/wp\/v2\/product\/12473","targetHints":{"allow":["GET"]}}],"collection":[{"href":"https:\/\/cortex.fi\/et\/wp-json\/wp\/v2\/product"}],"about":[{"href":"https:\/\/cortex.fi\/et\/wp-json\/wp\/v2\/types\/product"}],"author":[{"embeddable":true,"href":"https:\/\/cortex.fi\/et\/wp-json\/wp\/v2\/users\/11"}],"replies":[{"embeddable":true,"href":"https:\/\/cortex.fi\/et\/wp-json\/wp\/v2\/comments?post=12473"}],"wp:featuredmedia":[{"embeddable":true,"href":"https:\/\/cortex.fi\/et\/wp-json\/wp\/v2\/media\/11279"}],"wp:attachment":[{"href":"https:\/\/cortex.fi\/et\/wp-json\/wp\/v2\/media?parent=12473"}],"wp:term":[{"taxonomy":"product_brand","embeddable":true,"href":"https:\/\/cortex.fi\/et\/wp-json\/wp\/v2\/product_brand?post=12473"},{"taxonomy":"product_cat","embeddable":true,"href":"https:\/\/cortex.fi\/et\/wp-json\/wp\/v2\/product_cat?post=12473"},{"taxonomy":"product_tag","embeddable":true,"href":"https:\/\/cortex.fi\/et\/wp-json\/wp\/v2\/product_tag?post=12473"},{"taxonomy":"asiantuntija","embeddable":true,"href":"https:\/\/cortex.fi\/et\/wp-json\/wp\/v2\/asiantuntija?post=12473"},{"taxonomy":"paamies","embeddable":true,"href":"https:\/\/cortex.fi\/et\/wp-json\/wp\/v2\/paamies?post=12473"},{"taxonomy":"healthcare","embeddable":true,"href":"https:\/\/cortex.fi\/et\/wp-json\/wp\/v2\/healthcare?post=12473"},{"taxonomy":"pakkausmateriaalit","embeddable":true,"href":"https:\/\/cortex.fi\/et\/wp-json\/wp\/v2\/pakkausmateriaalit?post=12473"},{"taxonomy":"merkinta","embeddable":true,"href":"https:\/\/cortex.fi\/et\/wp-json\/wp\/v2\/merkinta?post=12473"},{"taxonomy":"pakkauskoneet","embeddable":true,"href":"https:\/\/cortex.fi\/et\/wp-json\/wp\/v2\/pakkauskoneet?post=12473"},{"taxonomy":"leipomoille","embeddable":true,"href":"https:\/\/cortex.fi\/et\/wp-json\/wp\/v2\/leipomoille?post=12473"},{"taxonomy":"tarkennus","embeddable":true,"href":"https:\/\/cortex.fi\/et\/wp-json\/wp\/v2\/tarkennus?post=12473"},{"taxonomy":"outlet","embeddable":true,"href":"https:\/\/cortex.fi\/et\/wp-json\/wp\/v2\/outlet?post=12473"}],"curies":[{"name":"wp","href":"https:\/\/api.w.org\/{rel}","templated":true}]}}