{"id":12461,"date":"2023-08-26T10:44:34","date_gmt":"2023-08-26T07:44:34","guid":{"rendered":"https:\/\/cortex.fi\/tuote\/pakkimismasin-robopac-rotary-508-pds\/"},"modified":"2024-05-13T15:31:31","modified_gmt":"2024-05-13T12:31:31","slug":"pakkimismasin-robopac-rotary-508-pds","status":"publish","type":"product","link":"https:\/\/cortex.fi\/et\/tuote\/pakkimismasin-robopac-rotary-508-pds\/","title":{"rendered":"Pakkimismasin Robopac Rotary 508 PDS"},"content":{"rendered":"","protected":false},"excerpt":{"rendered":"<p>Poolautomaatne venituspakkimismasin, millel on pakkimiskamm, mille v\u00f5ib j\u00e4tta kaubaaluse ise pakkimiseks, kui kile on kinnitatud ja masin on k\u00e4ivitatud. Rotary tootesarjas kasutatakse uusimat tehnoloogiat, et muuta k\u00e4itamine ja ehitamine v\u00f5imalikult lihtsaks ja taskukohaseks. K\u00f5ikidel mudelitel on kasutajas\u00f5bralik kasutajaliides ja masina k\u00f5rgeim t\u00f6\u00f6kindlus, mis annab kasutajale eelise kasutuskulude osas ja v\u00f5imaluse pakkimiseks v\u00e4ikese eelarvega. Masin on m\u00f5eldud rullide ja ebastabiilsete kaubaaluste pakkimiseks ilma eraldi \u00fclemise printerita.<\/p>\n<p>Uus 8-seeria uuendusliku puutetundliku juhtimisega.<\/p>\n<p>See mitmekihilise tarkvaraga masin v\u00f5imaldab toodet pakendada viies erinevas kihis. Membraani pinget, tugevdusts\u00fckleid, p\u00f6\u00f6rlemiskiirust ja rulli kiirust saab reguleerida iga kihi jaoks eraldi ja isegi erinevaid v\u00e4\u00e4rtusi rulli t\u00f5usu v\u00f5i languse jaoks. See v\u00f5imaldab v\u00f5imalikult madalat kilekulu ja parimat v\u00f5imalikku tootmiskiirust. Kasutaja saab masinat h\u00f5lpsasti reguleerida puuteekraani kaudu ja salvestada v\u00e4\u00e4rtused kuues masina pakkimisprogrammis.<\/p>\n<p>&nbsp;<\/p>\n<p><strong>PDS<\/strong> = motoriseeritud eelkompressioon, reguleerimine paneelilt 0 &#8211; 250%. Kile pinget kaubaalusel saab reguleerida eraldi, s\u00f5ltumata eelpingutusest.<\/p>\n","protected":false},"author":11,"featured_media":11282,"comment_status":"closed","ping_status":"closed","template":"","product_brand":[],"product_cat":[526],"product_tag":[527],"asiantuntija":[],"paamies":[],"healthcare":[],"pakkausmateriaalit":[],"merkinta":[],"pakkauskoneet":[505],"leipomoille":[],"tarkennus":[542],"outlet":[],"class_list":{"0":"post-12461","1":"product","2":"type-product","3":"status-publish","4":"has-post-thumbnail","6":"product_cat-pakendamismasinad","7":"product_tag-pakkimismasin","8":"pakkauskoneet-kaarintakone-et","9":"tarkennus-poolautomaatsed-pakkimismasinad","11":"first","12":"instock","13":"taxable","14":"shipping-taxable","15":"purchasable","16":"product-type-simple"},"_links":{"self":[{"href":"https:\/\/cortex.fi\/et\/wp-json\/wp\/v2\/product\/12461","targetHints":{"allow":["GET"]}}],"collection":[{"href":"https:\/\/cortex.fi\/et\/wp-json\/wp\/v2\/product"}],"about":[{"href":"https:\/\/cortex.fi\/et\/wp-json\/wp\/v2\/types\/product"}],"author":[{"embeddable":true,"href":"https:\/\/cortex.fi\/et\/wp-json\/wp\/v2\/users\/11"}],"replies":[{"embeddable":true,"href":"https:\/\/cortex.fi\/et\/wp-json\/wp\/v2\/comments?post=12461"}],"wp:featuredmedia":[{"embeddable":true,"href":"https:\/\/cortex.fi\/et\/wp-json\/wp\/v2\/media\/11282"}],"wp:attachment":[{"href":"https:\/\/cortex.fi\/et\/wp-json\/wp\/v2\/media?parent=12461"}],"wp:term":[{"taxonomy":"product_brand","embeddable":true,"href":"https:\/\/cortex.fi\/et\/wp-json\/wp\/v2\/product_brand?post=12461"},{"taxonomy":"product_cat","embeddable":true,"href":"https:\/\/cortex.fi\/et\/wp-json\/wp\/v2\/product_cat?post=12461"},{"taxonomy":"product_tag","embeddable":true,"href":"https:\/\/cortex.fi\/et\/wp-json\/wp\/v2\/product_tag?post=12461"},{"taxonomy":"asiantuntija","embeddable":true,"href":"https:\/\/cortex.fi\/et\/wp-json\/wp\/v2\/asiantuntija?post=12461"},{"taxonomy":"paamies","embeddable":true,"href":"https:\/\/cortex.fi\/et\/wp-json\/wp\/v2\/paamies?post=12461"},{"taxonomy":"healthcare","embeddable":true,"href":"https:\/\/cortex.fi\/et\/wp-json\/wp\/v2\/healthcare?post=12461"},{"taxonomy":"pakkausmateriaalit","embeddable":true,"href":"https:\/\/cortex.fi\/et\/wp-json\/wp\/v2\/pakkausmateriaalit?post=12461"},{"taxonomy":"merkinta","embeddable":true,"href":"https:\/\/cortex.fi\/et\/wp-json\/wp\/v2\/merkinta?post=12461"},{"taxonomy":"pakkauskoneet","embeddable":true,"href":"https:\/\/cortex.fi\/et\/wp-json\/wp\/v2\/pakkauskoneet?post=12461"},{"taxonomy":"leipomoille","embeddable":true,"href":"https:\/\/cortex.fi\/et\/wp-json\/wp\/v2\/leipomoille?post=12461"},{"taxonomy":"tarkennus","embeddable":true,"href":"https:\/\/cortex.fi\/et\/wp-json\/wp\/v2\/tarkennus?post=12461"},{"taxonomy":"outlet","embeddable":true,"href":"https:\/\/cortex.fi\/et\/wp-json\/wp\/v2\/outlet?post=12461"}],"curies":[{"name":"wp","href":"https:\/\/api.w.org\/{rel}","templated":true}]}}