{"id":12456,"date":"2024-03-12T10:59:57","date_gmt":"2024-03-12T08:59:57","guid":{"rendered":"https:\/\/cortex.fi\/tuote\/pakkimismasin-robopac-genesis-futura\/"},"modified":"2024-05-13T15:31:20","modified_gmt":"2024-05-13T12:31:20","slug":"pakkimismasin-robopac-genesis-futura","status":"publish","type":"product","link":"https:\/\/cortex.fi\/et\/tuote\/pakkimismasin-robopac-genesis-futura\/","title":{"rendered":"Pakkimismasin Robopac Genesis Futura"},"content":{"rendered":"","protected":false},"excerpt":{"rendered":"<p>Robopac Genesis Futura on automaatne r\u00f5ngast\u00fc\u00fcpi kinnitus- ja lahti\u00fchendamismasin k\u00f5ikideks t\u00f6\u00f6stuslikeks rakendusteks. Mudelivalikus on masinaid mitmes kiiruskategoorias (50-120 kaubaalust tunnis) ja suuruses. Erinevate t\u00f6\u00f6stussektorite n\u00f5uetele vastavate seadmete valik on v\u00e4ga lai.<\/p>\n<p>Genesis Futura seeria pakkimismasinad t\u00f6\u00f6tavad ilma libisevate elektrikontaktideta (toiteliinid ja toiteallikas). Nendel masinatel on ainulaadne s\u00fcsteem, mis toidab eelp\u00f6\u00f6rlejaid akudega, mida laetakse masina pakkimispauside ajal, kui kaubaalust sisse- ja v\u00e4ljapoole s\u00f5idetakse. See on v\u00e4ga uuenduslik tehniline lahendus, mis k\u00f5rvaldab ka k\u00f5ik libisevate kontaktorite t\u00fc\u00fcpilised probleemid.<\/p>\n<p>&nbsp;<\/p>\n","protected":false},"author":13,"featured_media":10325,"comment_status":"closed","ping_status":"closed","template":"","product_brand":[],"product_cat":[494],"product_tag":[],"asiantuntija":[],"paamies":[],"healthcare":[],"pakkausmateriaalit":[],"merkinta":[],"pakkauskoneet":[505],"leipomoille":[],"tarkennus":[524],"outlet":[],"class_list":{"0":"post-12456","1":"product","2":"type-product","3":"status-publish","4":"has-post-thumbnail","6":"product_cat-mitteosakondlikud","7":"pakkauskoneet-kaarintakone-et","8":"tarkennus-taisautomaatsed-pakkimismasinad","10":"first","11":"instock","12":"taxable","13":"shipping-taxable","14":"purchasable","15":"product-type-simple"},"_links":{"self":[{"href":"https:\/\/cortex.fi\/et\/wp-json\/wp\/v2\/product\/12456","targetHints":{"allow":["GET"]}}],"collection":[{"href":"https:\/\/cortex.fi\/et\/wp-json\/wp\/v2\/product"}],"about":[{"href":"https:\/\/cortex.fi\/et\/wp-json\/wp\/v2\/types\/product"}],"author":[{"embeddable":true,"href":"https:\/\/cortex.fi\/et\/wp-json\/wp\/v2\/users\/13"}],"replies":[{"embeddable":true,"href":"https:\/\/cortex.fi\/et\/wp-json\/wp\/v2\/comments?post=12456"}],"wp:featuredmedia":[{"embeddable":true,"href":"https:\/\/cortex.fi\/et\/wp-json\/wp\/v2\/media\/10325"}],"wp:attachment":[{"href":"https:\/\/cortex.fi\/et\/wp-json\/wp\/v2\/media?parent=12456"}],"wp:term":[{"taxonomy":"product_brand","embeddable":true,"href":"https:\/\/cortex.fi\/et\/wp-json\/wp\/v2\/product_brand?post=12456"},{"taxonomy":"product_cat","embeddable":true,"href":"https:\/\/cortex.fi\/et\/wp-json\/wp\/v2\/product_cat?post=12456"},{"taxonomy":"product_tag","embeddable":true,"href":"https:\/\/cortex.fi\/et\/wp-json\/wp\/v2\/product_tag?post=12456"},{"taxonomy":"asiantuntija","embeddable":true,"href":"https:\/\/cortex.fi\/et\/wp-json\/wp\/v2\/asiantuntija?post=12456"},{"taxonomy":"paamies","embeddable":true,"href":"https:\/\/cortex.fi\/et\/wp-json\/wp\/v2\/paamies?post=12456"},{"taxonomy":"healthcare","embeddable":true,"href":"https:\/\/cortex.fi\/et\/wp-json\/wp\/v2\/healthcare?post=12456"},{"taxonomy":"pakkausmateriaalit","embeddable":true,"href":"https:\/\/cortex.fi\/et\/wp-json\/wp\/v2\/pakkausmateriaalit?post=12456"},{"taxonomy":"merkinta","embeddable":true,"href":"https:\/\/cortex.fi\/et\/wp-json\/wp\/v2\/merkinta?post=12456"},{"taxonomy":"pakkauskoneet","embeddable":true,"href":"https:\/\/cortex.fi\/et\/wp-json\/wp\/v2\/pakkauskoneet?post=12456"},{"taxonomy":"leipomoille","embeddable":true,"href":"https:\/\/cortex.fi\/et\/wp-json\/wp\/v2\/leipomoille?post=12456"},{"taxonomy":"tarkennus","embeddable":true,"href":"https:\/\/cortex.fi\/et\/wp-json\/wp\/v2\/tarkennus?post=12456"},{"taxonomy":"outlet","embeddable":true,"href":"https:\/\/cortex.fi\/et\/wp-json\/wp\/v2\/outlet?post=12456"}],"curies":[{"name":"wp","href":"https:\/\/api.w.org\/{rel}","templated":true}]}}