{"id":12448,"date":"2024-03-11T14:39:46","date_gmt":"2024-03-11T12:39:46","guid":{"rendered":"https:\/\/cortex.fi\/tuote\/pakkimismasin-robopac-helix-40-xl\/"},"modified":"2024-05-13T15:31:51","modified_gmt":"2024-05-13T12:31:51","slug":"pakkimismasin-robopac-helix-40-xl","status":"publish","type":"product","link":"https:\/\/cortex.fi\/et\/tuote\/pakkimismasin-robopac-helix-40-xl\/","title":{"rendered":"Pakkimismasin Robopac Helix 40 &#8211; XL"},"content":{"rendered":"","protected":false},"excerpt":{"rendered":"<p>Robopac Helix seeria automaatsed v\u00e4ntmehhanismid kaubaaluste pakkimiseks pingutusfooliumiga. Sobib eriti h\u00e4sti suurte tootmismahtude jaoks ja ka kergete toodete jaoks, mis on ebastabiilsed v\u00f5i raskesti pakendatavad. Robopac Helix-seeria masinad on mitmek\u00fclgsed ja neid saab varustada erinevate pakkimisvajaduste jaoks. Robopac Helix MAX suudab ka varem v\u00f5imatuks peetud, v\u00e4ga keerulisi kaubaaluseid pakendada kahe osaliselt kattuva kilega.<\/p>\n","protected":false},"author":13,"featured_media":10330,"comment_status":"closed","ping_status":"closed","template":"","product_brand":[],"product_cat":[494],"product_tag":[],"asiantuntija":[],"paamies":[],"healthcare":[],"pakkausmateriaalit":[],"merkinta":[],"pakkauskoneet":[505],"leipomoille":[],"tarkennus":[524],"outlet":[],"class_list":{"0":"post-12448","1":"product","2":"type-product","3":"status-publish","4":"has-post-thumbnail","6":"product_cat-mitteosakondlikud","7":"pakkauskoneet-kaarintakone-et","8":"tarkennus-taisautomaatsed-pakkimismasinad","10":"first","11":"instock","12":"taxable","13":"shipping-taxable","14":"purchasable","15":"product-type-simple"},"_links":{"self":[{"href":"https:\/\/cortex.fi\/et\/wp-json\/wp\/v2\/product\/12448","targetHints":{"allow":["GET"]}}],"collection":[{"href":"https:\/\/cortex.fi\/et\/wp-json\/wp\/v2\/product"}],"about":[{"href":"https:\/\/cortex.fi\/et\/wp-json\/wp\/v2\/types\/product"}],"author":[{"embeddable":true,"href":"https:\/\/cortex.fi\/et\/wp-json\/wp\/v2\/users\/13"}],"replies":[{"embeddable":true,"href":"https:\/\/cortex.fi\/et\/wp-json\/wp\/v2\/comments?post=12448"}],"wp:featuredmedia":[{"embeddable":true,"href":"https:\/\/cortex.fi\/et\/wp-json\/wp\/v2\/media\/10330"}],"wp:attachment":[{"href":"https:\/\/cortex.fi\/et\/wp-json\/wp\/v2\/media?parent=12448"}],"wp:term":[{"taxonomy":"product_brand","embeddable":true,"href":"https:\/\/cortex.fi\/et\/wp-json\/wp\/v2\/product_brand?post=12448"},{"taxonomy":"product_cat","embeddable":true,"href":"https:\/\/cortex.fi\/et\/wp-json\/wp\/v2\/product_cat?post=12448"},{"taxonomy":"product_tag","embeddable":true,"href":"https:\/\/cortex.fi\/et\/wp-json\/wp\/v2\/product_tag?post=12448"},{"taxonomy":"asiantuntija","embeddable":true,"href":"https:\/\/cortex.fi\/et\/wp-json\/wp\/v2\/asiantuntija?post=12448"},{"taxonomy":"paamies","embeddable":true,"href":"https:\/\/cortex.fi\/et\/wp-json\/wp\/v2\/paamies?post=12448"},{"taxonomy":"healthcare","embeddable":true,"href":"https:\/\/cortex.fi\/et\/wp-json\/wp\/v2\/healthcare?post=12448"},{"taxonomy":"pakkausmateriaalit","embeddable":true,"href":"https:\/\/cortex.fi\/et\/wp-json\/wp\/v2\/pakkausmateriaalit?post=12448"},{"taxonomy":"merkinta","embeddable":true,"href":"https:\/\/cortex.fi\/et\/wp-json\/wp\/v2\/merkinta?post=12448"},{"taxonomy":"pakkauskoneet","embeddable":true,"href":"https:\/\/cortex.fi\/et\/wp-json\/wp\/v2\/pakkauskoneet?post=12448"},{"taxonomy":"leipomoille","embeddable":true,"href":"https:\/\/cortex.fi\/et\/wp-json\/wp\/v2\/leipomoille?post=12448"},{"taxonomy":"tarkennus","embeddable":true,"href":"https:\/\/cortex.fi\/et\/wp-json\/wp\/v2\/tarkennus?post=12448"},{"taxonomy":"outlet","embeddable":true,"href":"https:\/\/cortex.fi\/et\/wp-json\/wp\/v2\/outlet?post=12448"}],"curies":[{"name":"wp","href":"https:\/\/api.w.org\/{rel}","templated":true}]}}