{"id":12445,"date":"2024-03-12T15:12:54","date_gmt":"2024-03-12T13:12:54","guid":{"rendered":"https:\/\/cortex.fi\/tuote\/flowpack-horisontaalne-pakendamismasin-pfm-scirocco\/"},"modified":"2024-05-13T15:32:01","modified_gmt":"2024-05-13T12:32:01","slug":"flowpack-horisontaalne-pakendamismasin-pfm-scirocco","status":"publish","type":"product","link":"https:\/\/cortex.fi\/et\/tuote\/flowpack-horisontaalne-pakendamismasin-pfm-scirocco\/","title":{"rendered":"Flowpack horisontaalne pakendamismasin PFM Scirocco"},"content":{"rendered":"","protected":false},"excerpt":{"rendered":"<p>PFM Scirocco on t\u00e4ielikult servojuhtimisega horisontaalne Flowpacki pakkimismasin, mis sulgeb tooted hermeetiliselt \u00f5hukindlalt kolmel\u00f5ikelisse pakendisse t\u00e4nu &#8220;D&#8221; Cam Long Dwell tihenduslappidele.<\/p>\n<p>Masina esiosa on takistusteta, mis v\u00f5imaldab h\u00f5lpsasti ja kiiresti puhastada k\u00f5iki tootega kokkupuutuvaid osi. Scirocco on valmistatud roostevabast terasest (AISI 304), mille nurgad on \u00fcmardatud, k\u00f5ik tootega kokkupuutuvad osad on valmistatud FDA poolt heakskiidetud materjalidest.<\/p>\n<p>Kasutajas\u00f5bralik kasutajaliides, kus on saadaval 50 eraldi tooteprogrammi. Automaatne tootevahetus, sealhulgas n\u00e4iteks tootep\u00f5hine sulgemistemperatuur, pakendi pikkus, pakkimiskiirus, toote asend pakendis, tr\u00fckitud kile joondamine tootele, etikettide tr\u00fckkimise asend pakendis, ristkinnituste automaatne k\u00f5rguse reguleerimine jne.<\/p>\n<p>Masin on saadaval ka Scirocco BB versioonina, mille kilerullid on paigutatud masina alla ja kile s\u00f6\u00f6tmine toote alla.<\/p>\n","protected":false},"author":5,"featured_media":11405,"comment_status":"closed","ping_status":"closed","template":"","product_brand":[],"product_cat":[526],"product_tag":[540],"asiantuntija":[],"paamies":[],"healthcare":[],"pakkausmateriaalit":[],"merkinta":[],"pakkauskoneet":[539],"leipomoille":[],"tarkennus":[541],"outlet":[],"class_list":{"0":"post-12445","1":"product","2":"type-product","3":"status-publish","4":"has-post-thumbnail","6":"product_cat-pakendamismasinad","7":"product_tag-flowpack-et","8":"pakkauskoneet-flowpack-et","9":"tarkennus-horisontaalsed-pakendamismasinad","11":"first","12":"instock","13":"taxable","14":"shipping-taxable","15":"purchasable","16":"product-type-simple"},"_links":{"self":[{"href":"https:\/\/cortex.fi\/et\/wp-json\/wp\/v2\/product\/12445","targetHints":{"allow":["GET"]}}],"collection":[{"href":"https:\/\/cortex.fi\/et\/wp-json\/wp\/v2\/product"}],"about":[{"href":"https:\/\/cortex.fi\/et\/wp-json\/wp\/v2\/types\/product"}],"author":[{"embeddable":true,"href":"https:\/\/cortex.fi\/et\/wp-json\/wp\/v2\/users\/5"}],"replies":[{"embeddable":true,"href":"https:\/\/cortex.fi\/et\/wp-json\/wp\/v2\/comments?post=12445"}],"wp:featuredmedia":[{"embeddable":true,"href":"https:\/\/cortex.fi\/et\/wp-json\/wp\/v2\/media\/11405"}],"wp:attachment":[{"href":"https:\/\/cortex.fi\/et\/wp-json\/wp\/v2\/media?parent=12445"}],"wp:term":[{"taxonomy":"product_brand","embeddable":true,"href":"https:\/\/cortex.fi\/et\/wp-json\/wp\/v2\/product_brand?post=12445"},{"taxonomy":"product_cat","embeddable":true,"href":"https:\/\/cortex.fi\/et\/wp-json\/wp\/v2\/product_cat?post=12445"},{"taxonomy":"product_tag","embeddable":true,"href":"https:\/\/cortex.fi\/et\/wp-json\/wp\/v2\/product_tag?post=12445"},{"taxonomy":"asiantuntija","embeddable":true,"href":"https:\/\/cortex.fi\/et\/wp-json\/wp\/v2\/asiantuntija?post=12445"},{"taxonomy":"paamies","embeddable":true,"href":"https:\/\/cortex.fi\/et\/wp-json\/wp\/v2\/paamies?post=12445"},{"taxonomy":"healthcare","embeddable":true,"href":"https:\/\/cortex.fi\/et\/wp-json\/wp\/v2\/healthcare?post=12445"},{"taxonomy":"pakkausmateriaalit","embeddable":true,"href":"https:\/\/cortex.fi\/et\/wp-json\/wp\/v2\/pakkausmateriaalit?post=12445"},{"taxonomy":"merkinta","embeddable":true,"href":"https:\/\/cortex.fi\/et\/wp-json\/wp\/v2\/merkinta?post=12445"},{"taxonomy":"pakkauskoneet","embeddable":true,"href":"https:\/\/cortex.fi\/et\/wp-json\/wp\/v2\/pakkauskoneet?post=12445"},{"taxonomy":"leipomoille","embeddable":true,"href":"https:\/\/cortex.fi\/et\/wp-json\/wp\/v2\/leipomoille?post=12445"},{"taxonomy":"tarkennus","embeddable":true,"href":"https:\/\/cortex.fi\/et\/wp-json\/wp\/v2\/tarkennus?post=12445"},{"taxonomy":"outlet","embeddable":true,"href":"https:\/\/cortex.fi\/et\/wp-json\/wp\/v2\/outlet?post=12445"}],"curies":[{"name":"wp","href":"https:\/\/api.w.org\/{rel}","templated":true}]}}