{"id":12431,"date":"2025-10-07T13:55:38","date_gmt":"2025-10-07T10:55:38","guid":{"rendered":"https:\/\/cortex.fi\/tuote\/ecortex-pcr-minikirrofilmid\/"},"modified":"2024-05-13T15:31:26","modified_gmt":"2024-05-13T12:31:26","slug":"ecortex-pcr-minikirrofilmid","status":"publish","type":"product","link":"https:\/\/cortex.fi\/et\/tuote\/ecortex-pcr-minikirrofilmid\/","title":{"rendered":"ECOrtex PCR minikirrofilmid"},"content":{"rendered":"","protected":false},"excerpt":{"rendered":"<p>PCR-miniklambrite kiledes on osa pol\u00fcet\u00fcleenist asendatud ringlussev\u00f5etud materjaliga. Ringlussev\u00f5etud kile s\u00e4ilitab oma tehnilised omadused ja seda saab kasutada samamoodi nagu v\u00e4rskest materjalist valmistatud kile. Samuti on see p\u00e4rast kasutamist 100% ulatuses taaskasutatav.<\/p>\n<p>100 mm laiused miniklambrite kiled on k\u00e4ep\u00e4rased pikkade toodete komplekteerimiseks ja v\u00e4ikeste koormate sidumiseks.<\/p>\n","protected":false},"author":9,"featured_media":10929,"comment_status":"closed","ping_status":"closed","template":"","product_brand":[],"product_cat":[511],"product_tag":[512],"asiantuntija":[],"paamies":[],"healthcare":[],"pakkausmateriaalit":[510,509],"merkinta":[],"pakkauskoneet":[],"leipomoille":[],"tarkennus":[513,536],"outlet":[],"class_list":{"0":"post-12431","1":"product","2":"type-product","3":"status-publish","4":"has-post-thumbnail","6":"product_cat-pakendimaterjalid","7":"product_tag-toodeldud-kiled","8":"pakkausmateriaalit-ecortex-et","9":"pakkausmateriaalit-toodeldud-kiled","10":"tarkennus-kasitsi-valmistatud-moobel","11":"tarkennus-mini-jumalateemaline-film","13":"first","14":"instock","15":"taxable","16":"shipping-taxable","17":"purchasable","18":"product-type-variable"},"_links":{"self":[{"href":"https:\/\/cortex.fi\/et\/wp-json\/wp\/v2\/product\/12431","targetHints":{"allow":["GET"]}}],"collection":[{"href":"https:\/\/cortex.fi\/et\/wp-json\/wp\/v2\/product"}],"about":[{"href":"https:\/\/cortex.fi\/et\/wp-json\/wp\/v2\/types\/product"}],"author":[{"embeddable":true,"href":"https:\/\/cortex.fi\/et\/wp-json\/wp\/v2\/users\/9"}],"replies":[{"embeddable":true,"href":"https:\/\/cortex.fi\/et\/wp-json\/wp\/v2\/comments?post=12431"}],"wp:featuredmedia":[{"embeddable":true,"href":"https:\/\/cortex.fi\/et\/wp-json\/wp\/v2\/media\/10929"}],"wp:attachment":[{"href":"https:\/\/cortex.fi\/et\/wp-json\/wp\/v2\/media?parent=12431"}],"wp:term":[{"taxonomy":"product_brand","embeddable":true,"href":"https:\/\/cortex.fi\/et\/wp-json\/wp\/v2\/product_brand?post=12431"},{"taxonomy":"product_cat","embeddable":true,"href":"https:\/\/cortex.fi\/et\/wp-json\/wp\/v2\/product_cat?post=12431"},{"taxonomy":"product_tag","embeddable":true,"href":"https:\/\/cortex.fi\/et\/wp-json\/wp\/v2\/product_tag?post=12431"},{"taxonomy":"asiantuntija","embeddable":true,"href":"https:\/\/cortex.fi\/et\/wp-json\/wp\/v2\/asiantuntija?post=12431"},{"taxonomy":"paamies","embeddable":true,"href":"https:\/\/cortex.fi\/et\/wp-json\/wp\/v2\/paamies?post=12431"},{"taxonomy":"healthcare","embeddable":true,"href":"https:\/\/cortex.fi\/et\/wp-json\/wp\/v2\/healthcare?post=12431"},{"taxonomy":"pakkausmateriaalit","embeddable":true,"href":"https:\/\/cortex.fi\/et\/wp-json\/wp\/v2\/pakkausmateriaalit?post=12431"},{"taxonomy":"merkinta","embeddable":true,"href":"https:\/\/cortex.fi\/et\/wp-json\/wp\/v2\/merkinta?post=12431"},{"taxonomy":"pakkauskoneet","embeddable":true,"href":"https:\/\/cortex.fi\/et\/wp-json\/wp\/v2\/pakkauskoneet?post=12431"},{"taxonomy":"leipomoille","embeddable":true,"href":"https:\/\/cortex.fi\/et\/wp-json\/wp\/v2\/leipomoille?post=12431"},{"taxonomy":"tarkennus","embeddable":true,"href":"https:\/\/cortex.fi\/et\/wp-json\/wp\/v2\/tarkennus?post=12431"},{"taxonomy":"outlet","embeddable":true,"href":"https:\/\/cortex.fi\/et\/wp-json\/wp\/v2\/outlet?post=12431"}],"curies":[{"name":"wp","href":"https:\/\/api.w.org\/{rel}","templated":true}]}}