{"id":12426,"date":"2024-03-11T15:10:08","date_gmt":"2024-03-11T13:10:08","guid":{"rendered":"https:\/\/cortex.fi\/tuote\/pe-tutus-tutus\/"},"modified":"2024-05-13T15:31:52","modified_gmt":"2024-05-13T12:31:52","slug":"pe-tutus-tutus","status":"publish","type":"product","link":"https:\/\/cortex.fi\/et\/tuote\/pe-tutus-tutus\/","title":{"rendered":"PE tutus tutus"},"content":{"rendered":"","protected":false},"excerpt":{"rendered":"<p>Saadaval on lai valik erineva laiuse ja paksusega PE-stret\u0161kileid. PE-kile v\u00f5ib olla valmistatud erinevate omadustega, n\u00e4iteks mikrorullidega, UV-kaitsega, antistaatilised v\u00f5i tr\u00fckitud. Saadaval ka toidukvaliteediga. \u00dcldiselt on kahanemine 80\/20, kuid kiled on saadaval erineva kahanemisastmega, et need vastaksid teie vajadustele.<\/p>\n<p>K\u00f5ik meie kiled on 100% taaskasutatavad.<\/p>\n","protected":false},"author":9,"featured_media":10942,"comment_status":"closed","ping_status":"closed","template":"","product_brand":[],"product_cat":[511],"product_tag":[531],"asiantuntija":[],"paamies":[],"healthcare":[],"pakkausmateriaalit":[530],"merkinta":[],"pakkauskoneet":[],"leipomoille":[],"tarkennus":[532],"outlet":[],"class_list":{"0":"post-12426","1":"product","2":"type-product","3":"status-publish","4":"has-post-thumbnail","6":"product_cat-pakendimaterjalid","7":"product_tag-membraanid","8":"pakkausmateriaalit-muud-kiled","9":"tarkennus-kitsenduskiled","11":"first","12":"instock","13":"taxable","14":"shipping-taxable","15":"purchasable","16":"product-type-variable"},"_links":{"self":[{"href":"https:\/\/cortex.fi\/et\/wp-json\/wp\/v2\/product\/12426","targetHints":{"allow":["GET"]}}],"collection":[{"href":"https:\/\/cortex.fi\/et\/wp-json\/wp\/v2\/product"}],"about":[{"href":"https:\/\/cortex.fi\/et\/wp-json\/wp\/v2\/types\/product"}],"author":[{"embeddable":true,"href":"https:\/\/cortex.fi\/et\/wp-json\/wp\/v2\/users\/9"}],"replies":[{"embeddable":true,"href":"https:\/\/cortex.fi\/et\/wp-json\/wp\/v2\/comments?post=12426"}],"wp:featuredmedia":[{"embeddable":true,"href":"https:\/\/cortex.fi\/et\/wp-json\/wp\/v2\/media\/10942"}],"wp:attachment":[{"href":"https:\/\/cortex.fi\/et\/wp-json\/wp\/v2\/media?parent=12426"}],"wp:term":[{"taxonomy":"product_brand","embeddable":true,"href":"https:\/\/cortex.fi\/et\/wp-json\/wp\/v2\/product_brand?post=12426"},{"taxonomy":"product_cat","embeddable":true,"href":"https:\/\/cortex.fi\/et\/wp-json\/wp\/v2\/product_cat?post=12426"},{"taxonomy":"product_tag","embeddable":true,"href":"https:\/\/cortex.fi\/et\/wp-json\/wp\/v2\/product_tag?post=12426"},{"taxonomy":"asiantuntija","embeddable":true,"href":"https:\/\/cortex.fi\/et\/wp-json\/wp\/v2\/asiantuntija?post=12426"},{"taxonomy":"paamies","embeddable":true,"href":"https:\/\/cortex.fi\/et\/wp-json\/wp\/v2\/paamies?post=12426"},{"taxonomy":"healthcare","embeddable":true,"href":"https:\/\/cortex.fi\/et\/wp-json\/wp\/v2\/healthcare?post=12426"},{"taxonomy":"pakkausmateriaalit","embeddable":true,"href":"https:\/\/cortex.fi\/et\/wp-json\/wp\/v2\/pakkausmateriaalit?post=12426"},{"taxonomy":"merkinta","embeddable":true,"href":"https:\/\/cortex.fi\/et\/wp-json\/wp\/v2\/merkinta?post=12426"},{"taxonomy":"pakkauskoneet","embeddable":true,"href":"https:\/\/cortex.fi\/et\/wp-json\/wp\/v2\/pakkauskoneet?post=12426"},{"taxonomy":"leipomoille","embeddable":true,"href":"https:\/\/cortex.fi\/et\/wp-json\/wp\/v2\/leipomoille?post=12426"},{"taxonomy":"tarkennus","embeddable":true,"href":"https:\/\/cortex.fi\/et\/wp-json\/wp\/v2\/tarkennus?post=12426"},{"taxonomy":"outlet","embeddable":true,"href":"https:\/\/cortex.fi\/et\/wp-json\/wp\/v2\/outlet?post=12426"}],"curies":[{"name":"wp","href":"https:\/\/api.w.org\/{rel}","templated":true}]}}