{"id":12415,"date":"2024-03-12T12:59:56","date_gmt":"2024-03-12T10:59:56","guid":{"rendered":"https:\/\/cortex.fi\/tuote\/pakkimismasin-robopac-genesis-thunder\/"},"modified":"2024-05-13T15:31:23","modified_gmt":"2024-05-13T12:31:23","slug":"pakkimismasin-robopac-genesis-thunder","status":"publish","type":"product","link":"https:\/\/cortex.fi\/et\/tuote\/pakkimismasin-robopac-genesis-thunder\/","title":{"rendered":"Pakkimismasin Robopac Genesis Thunder"},"content":{"rendered":"","protected":false},"excerpt":{"rendered":"<p>Robopac Genesis Thunder on kvaliteetne raamit\u00fc\u00fcpi pakkimismasin. See on t\u00f5eline tehnoloogiline saavutus, mis suudab saavutada suure j\u00f5udluse, materjali kokkuhoiu ja koormuse stabiilsuse. Pakendatud kaubaaluse k\u00f5rge koormuse stabiilsus hoiab \u00e4ra kahjustused, mis v\u00f5ivad m\u00f5jutada l\u00f5pptoote kvaliteeti ja tekkivaid j\u00e4\u00e4tmeid.<\/p>\n<p>Robopac Genesis Thunder HS\/2 on v\u00e4ga kiire ketrusmasin kahe kilepooliga &#8211; kuni 200 pakendatud kaubaalust tunnis.<\/p>\n<p>S\u00fcndinud, et seada uusi standardeid!<\/p>\n","protected":false},"author":13,"featured_media":10326,"comment_status":"closed","ping_status":"closed","template":"","product_brand":[],"product_cat":[494],"product_tag":[],"asiantuntija":[],"paamies":[],"healthcare":[],"pakkausmateriaalit":[],"merkinta":[],"pakkauskoneet":[505],"leipomoille":[],"tarkennus":[524],"outlet":[],"class_list":{"0":"post-12415","1":"product","2":"type-product","3":"status-publish","4":"has-post-thumbnail","6":"product_cat-mitteosakondlikud","7":"pakkauskoneet-kaarintakone-et","8":"tarkennus-taisautomaatsed-pakkimismasinad","10":"first","11":"instock","12":"taxable","13":"shipping-taxable","14":"purchasable","15":"product-type-simple"},"_links":{"self":[{"href":"https:\/\/cortex.fi\/et\/wp-json\/wp\/v2\/product\/12415","targetHints":{"allow":["GET"]}}],"collection":[{"href":"https:\/\/cortex.fi\/et\/wp-json\/wp\/v2\/product"}],"about":[{"href":"https:\/\/cortex.fi\/et\/wp-json\/wp\/v2\/types\/product"}],"author":[{"embeddable":true,"href":"https:\/\/cortex.fi\/et\/wp-json\/wp\/v2\/users\/13"}],"replies":[{"embeddable":true,"href":"https:\/\/cortex.fi\/et\/wp-json\/wp\/v2\/comments?post=12415"}],"wp:featuredmedia":[{"embeddable":true,"href":"https:\/\/cortex.fi\/et\/wp-json\/wp\/v2\/media\/10326"}],"wp:attachment":[{"href":"https:\/\/cortex.fi\/et\/wp-json\/wp\/v2\/media?parent=12415"}],"wp:term":[{"taxonomy":"product_brand","embeddable":true,"href":"https:\/\/cortex.fi\/et\/wp-json\/wp\/v2\/product_brand?post=12415"},{"taxonomy":"product_cat","embeddable":true,"href":"https:\/\/cortex.fi\/et\/wp-json\/wp\/v2\/product_cat?post=12415"},{"taxonomy":"product_tag","embeddable":true,"href":"https:\/\/cortex.fi\/et\/wp-json\/wp\/v2\/product_tag?post=12415"},{"taxonomy":"asiantuntija","embeddable":true,"href":"https:\/\/cortex.fi\/et\/wp-json\/wp\/v2\/asiantuntija?post=12415"},{"taxonomy":"paamies","embeddable":true,"href":"https:\/\/cortex.fi\/et\/wp-json\/wp\/v2\/paamies?post=12415"},{"taxonomy":"healthcare","embeddable":true,"href":"https:\/\/cortex.fi\/et\/wp-json\/wp\/v2\/healthcare?post=12415"},{"taxonomy":"pakkausmateriaalit","embeddable":true,"href":"https:\/\/cortex.fi\/et\/wp-json\/wp\/v2\/pakkausmateriaalit?post=12415"},{"taxonomy":"merkinta","embeddable":true,"href":"https:\/\/cortex.fi\/et\/wp-json\/wp\/v2\/merkinta?post=12415"},{"taxonomy":"pakkauskoneet","embeddable":true,"href":"https:\/\/cortex.fi\/et\/wp-json\/wp\/v2\/pakkauskoneet?post=12415"},{"taxonomy":"leipomoille","embeddable":true,"href":"https:\/\/cortex.fi\/et\/wp-json\/wp\/v2\/leipomoille?post=12415"},{"taxonomy":"tarkennus","embeddable":true,"href":"https:\/\/cortex.fi\/et\/wp-json\/wp\/v2\/tarkennus?post=12415"},{"taxonomy":"outlet","embeddable":true,"href":"https:\/\/cortex.fi\/et\/wp-json\/wp\/v2\/outlet?post=12415"}],"curies":[{"name":"wp","href":"https:\/\/api.w.org\/{rel}","templated":true}]}}