{"id":12400,"date":"2025-10-07T13:58:32","date_gmt":"2025-10-07T10:58:32","guid":{"rendered":"https:\/\/cortex.fi\/tuote\/ecortex-pcr-kasireasterkiled\/"},"modified":"2024-05-13T15:31:53","modified_gmt":"2024-05-13T12:31:53","slug":"ecortex-pcr-kasireasterkiled","status":"publish","type":"product","link":"https:\/\/cortex.fi\/et\/tuote\/ecortex-pcr-kasireasterkiled\/","title":{"rendered":"ECOrtex PCR k\u00e4sireasterkiled"},"content":{"rendered":"","protected":false},"excerpt":{"rendered":"<p>PCR-k\u00e4epidemete kiledes on osa pol\u00fcet\u00fcleenist asendatud ringlussev\u00f5etud materjaliga. Ringlussev\u00f5etud kile s\u00e4ilitab oma tehnilised omadused ja seda saab kasutada samamoodi nagu v\u00e4rskest materjalist valmistatud kile. Samuti on see p\u00e4rast kasutamist 100% ulatuses taaskasutatav.<\/p>\n<p>K\u00e4si-klambrikiled on veniv, \u00f5huke plastkile, mille sisek\u00fcljel on haardepind. Libisemiskindlus v\u00e4hendab kaubaaluste kokku kleepumise ohtu ning h\u00f5lbustab n\u00e4iteks laadimist, ladustamist ja transporti. Tensionikile on pakitud toodete \u00fcmber, et toetada neid, kui need transpordiks v\u00f5i ladustamiseks kaubaalustele pakitakse. Pakkimist saab teha nii k\u00e4sitsi kui ka mehaaniliselt ning kiled on saadaval eri suuruses, tugevuse, omaduste ja v\u00e4rvidega.<\/p>\n","protected":false},"author":9,"featured_media":11382,"comment_status":"closed","ping_status":"closed","template":"","product_brand":[],"product_cat":[511],"product_tag":[512],"asiantuntija":[],"paamies":[],"healthcare":[],"pakkausmateriaalit":[510,509],"merkinta":[],"pakkauskoneet":[],"leipomoille":[],"tarkennus":[513],"outlet":[],"class_list":{"0":"post-12400","1":"product","2":"type-product","3":"status-publish","4":"has-post-thumbnail","6":"product_cat-pakendimaterjalid","7":"product_tag-toodeldud-kiled","8":"pakkausmateriaalit-ecortex-et","9":"pakkausmateriaalit-toodeldud-kiled","10":"tarkennus-kasitsi-valmistatud-moobel","12":"first","13":"instock","14":"taxable","15":"shipping-taxable","16":"purchasable","17":"product-type-variable"},"_links":{"self":[{"href":"https:\/\/cortex.fi\/et\/wp-json\/wp\/v2\/product\/12400","targetHints":{"allow":["GET"]}}],"collection":[{"href":"https:\/\/cortex.fi\/et\/wp-json\/wp\/v2\/product"}],"about":[{"href":"https:\/\/cortex.fi\/et\/wp-json\/wp\/v2\/types\/product"}],"author":[{"embeddable":true,"href":"https:\/\/cortex.fi\/et\/wp-json\/wp\/v2\/users\/9"}],"replies":[{"embeddable":true,"href":"https:\/\/cortex.fi\/et\/wp-json\/wp\/v2\/comments?post=12400"}],"wp:featuredmedia":[{"embeddable":true,"href":"https:\/\/cortex.fi\/et\/wp-json\/wp\/v2\/media\/11382"}],"wp:attachment":[{"href":"https:\/\/cortex.fi\/et\/wp-json\/wp\/v2\/media?parent=12400"}],"wp:term":[{"taxonomy":"product_brand","embeddable":true,"href":"https:\/\/cortex.fi\/et\/wp-json\/wp\/v2\/product_brand?post=12400"},{"taxonomy":"product_cat","embeddable":true,"href":"https:\/\/cortex.fi\/et\/wp-json\/wp\/v2\/product_cat?post=12400"},{"taxonomy":"product_tag","embeddable":true,"href":"https:\/\/cortex.fi\/et\/wp-json\/wp\/v2\/product_tag?post=12400"},{"taxonomy":"asiantuntija","embeddable":true,"href":"https:\/\/cortex.fi\/et\/wp-json\/wp\/v2\/asiantuntija?post=12400"},{"taxonomy":"paamies","embeddable":true,"href":"https:\/\/cortex.fi\/et\/wp-json\/wp\/v2\/paamies?post=12400"},{"taxonomy":"healthcare","embeddable":true,"href":"https:\/\/cortex.fi\/et\/wp-json\/wp\/v2\/healthcare?post=12400"},{"taxonomy":"pakkausmateriaalit","embeddable":true,"href":"https:\/\/cortex.fi\/et\/wp-json\/wp\/v2\/pakkausmateriaalit?post=12400"},{"taxonomy":"merkinta","embeddable":true,"href":"https:\/\/cortex.fi\/et\/wp-json\/wp\/v2\/merkinta?post=12400"},{"taxonomy":"pakkauskoneet","embeddable":true,"href":"https:\/\/cortex.fi\/et\/wp-json\/wp\/v2\/pakkauskoneet?post=12400"},{"taxonomy":"leipomoille","embeddable":true,"href":"https:\/\/cortex.fi\/et\/wp-json\/wp\/v2\/leipomoille?post=12400"},{"taxonomy":"tarkennus","embeddable":true,"href":"https:\/\/cortex.fi\/et\/wp-json\/wp\/v2\/tarkennus?post=12400"},{"taxonomy":"outlet","embeddable":true,"href":"https:\/\/cortex.fi\/et\/wp-json\/wp\/v2\/outlet?post=12400"}],"curies":[{"name":"wp","href":"https:\/\/api.w.org\/{rel}","templated":true}]}}